{"id":8503,"date":"2021-03-01T11:05:47","date_gmt":"2021-03-01T10:05:47","guid":{"rendered":"http:\/\/www.t-tresserras.com\/?page_id=8503"},"modified":"2023-09-04T12:51:36","modified_gmt":"2023-09-04T11:51:36","slug":"zone-client","status":"publish","type":"page","link":"https:\/\/t-tresserras.com\/fr\/zone-client\/","title":{"rendered":"Zone Client"},"content":{"rendered":"<div id='av-layout-grid-1'  class='av-layout-grid-container av-er5epz-aaf9957e943ab48453643b43bac7192a entry-content-wrapper main_color av-border-top-bottom av-border-cells av-flex-cells  avia-builder-el-0  el_before_av_section  avia-builder-el-first   container_wrap fullsize'  >\n\n<style type=\"text\/css\" data-created_by=\"avia_inline_auto\" id=\"style-css-av-cwzajr-4e4a26be8c77c78c46a80559b955d8d4\">\n.flex_cell.av-cwzajr-4e4a26be8c77c78c46a80559b955d8d4{\nvertical-align:top;\nbackground-color:#007c57;\n}\n.responsive #top #wrap_all .flex_cell.av-cwzajr-4e4a26be8c77c78c46a80559b955d8d4{\npadding:30px 30px 30px 30px !important;\n}\n<\/style>\n<div class='flex_cell av-cwzajr-4e4a26be8c77c78c46a80559b955d8d4 av-gridrow-cell av_one_full no_margin  avia-builder-el-1  avia-builder-el-no-sibling  content-align-top'  ><div class='flex_cell_inner'><p>\n<style type=\"text\/css\" data-created_by=\"avia_inline_auto\" id=\"style-css-av-alglt3-b8123a64a8ff3e227e4ca83d87f55719\">\n#top .hr.hr-invisible.av-alglt3-b8123a64a8ff3e227e4ca83d87f55719{\nheight:40px;\n}\n<\/style>\n<div  class='hr av-alglt3-b8123a64a8ff3e227e4ca83d87f55719 hr-invisible  avia-builder-el-2  el_before_av_one_full  avia-builder-el-first '><span class='hr-inner '><span class=\"hr-inner-style\"><\/span><\/span><\/div><br \/>\n\n<style type=\"text\/css\" data-created_by=\"avia_inline_auto\" id=\"style-css-av-30n59z-814f25cf73fee22a7e5e1ff9d529bd83\">\n.flex_column.av-30n59z-814f25cf73fee22a7e5e1ff9d529bd83{\nborder-radius:0px 0px 0px 0px;\npadding:0px 0px 0px 0px;\n}\n<\/style>\n<div  class='flex_column av-30n59z-814f25cf73fee22a7e5e1ff9d529bd83 av_one_full  avia-builder-el-3  el_after_av_hr  el_before_av_hr  first flex_column_div av-zero-column-padding  '     ><style type=\"text\/css\" data-created_by=\"avia_inline_auto\" id=\"style-css-av-kli1kbby-adef13bbae5c5b9b1ed1e47d6aeb000d\">\n#top .av_textblock_section.av-kli1kbby-adef13bbae5c5b9b1ed1e47d6aeb000d .avia_textblock{\ncolor:#ffffff;\n}\n<\/style>\n<section  class='av_textblock_section av-kli1kbby-adef13bbae5c5b9b1ed1e47d6aeb000d '   itemscope=\"itemscope\" itemtype=\"https:\/\/schema.org\/CreativeWork\" ><div class='avia_textblock av_inherit_color'  itemprop=\"text\" ><h1 style=\"text-align: center;\">ZONE CLIENT<\/h1>\n<\/div><\/section><\/div>\n<style type=\"text\/css\" data-created_by=\"avia_inline_auto\" id=\"style-css-av-83jalj-b2ab8d2f4678ead64d382afa6751802c\">\n#top .hr.hr-invisible.av-83jalj-b2ab8d2f4678ead64d382afa6751802c{\nheight:40px;\n}\n<\/style>\n<div  class='hr av-83jalj-b2ab8d2f4678ead64d382afa6751802c hr-invisible  avia-builder-el-5  el_after_av_one_full  avia-builder-el-last '><span class='hr-inner '><span class=\"hr-inner-style\"><\/span><\/span><\/div><\/p>\n<\/div><\/div>\n<\/div>\n<div id='av_section_1'  class='avia-section av-31cfrr-e3257c7e2925bd5a9814013d0b4cb58c main_color avia-section-default avia-no-border-styling  avia-builder-el-6  el_after_av_layout_row  avia-builder-el-last  avia-bg-style-scroll container_wrap fullsize'  ><div class='container av-section-cont-open' ><div class='template-page content  av-content-full alpha units'><div class='post-entry post-entry-type-page post-entry-8503'><div class='entry-content-wrapper clearfix'>\n\n<style type=\"text\/css\" data-created_by=\"avia_inline_auto\" id=\"style-css-av-kli252g5-9e0167dbf8bbef19d3131c06a8cfc45f\">\n#top .hr.hr-invisible.av-kli252g5-9e0167dbf8bbef19d3131c06a8cfc45f{\nheight:50px;\n}\n<\/style>\n<div  class='hr av-kli252g5-9e0167dbf8bbef19d3131c06a8cfc45f hr-invisible  avia-builder-el-7  el_before_av_textblock  avia-builder-el-first '><span class='hr-inner '><span class=\"hr-inner-style\"><\/span><\/span><\/div>\n\n<style type=\"text\/css\" data-created_by=\"avia_inline_auto\" id=\"style-css-av-kli22hfw-fd6b229b6cf12516005dc6222d29e761\">\n#top .av_textblock_section.av-kli22hfw-fd6b229b6cf12516005dc6222d29e761 .avia_textblock{\ncolor:#007c59;\n}\n<\/style>\n<section  class='av_textblock_section av-kli22hfw-fd6b229b6cf12516005dc6222d29e761 '   itemscope=\"itemscope\" itemtype=\"https:\/\/schema.org\/CreativeWork\" ><div class='avia_textblock av_inherit_color'  itemprop=\"text\" ><h2 style=\"text-align: center;\">Bienvenue<\/h2>\n<\/div><\/section>\n\n<style type=\"text\/css\" data-created_by=\"avia_inline_auto\" id=\"style-css-av-3mom3b-eca705bea1dc757c719b78281d24d1f0\">\n.flex_column.av-3mom3b-eca705bea1dc757c719b78281d24d1f0{\nborder-radius:0px 0px 0px 0px;\npadding:0px 0px 0px 0px;\n}\n<\/style>\n<div  class='flex_column av-3mom3b-eca705bea1dc757c719b78281d24d1f0 av_one_half  avia-builder-el-9  el_after_av_textblock  el_before_av_one_half  first flex_column_div av-zero-column-padding  column-top-margin'     ><style type=\"text\/css\" data-created_by=\"avia_inline_auto\" id=\"style-css-av-kli1vy5v-9999cefecd86ed093808a02b0703b874\">\n.avia-image-container.av-kli1vy5v-9999cefecd86ed093808a02b0703b874 img.avia_image{\nbox-shadow:none;\n}\n.avia-image-container.av-kli1vy5v-9999cefecd86ed093808a02b0703b874 .av-caption-image-overlay-bg{\nopacity:0.4;\nbackground-color:#000000;\n}\n.avia-image-container.av-kli1vy5v-9999cefecd86ed093808a02b0703b874 .av-image-caption-overlay-center{\ncolor:#ffffff;\n}\n<\/style>\n<div  class='avia-image-container av-kli1vy5v-9999cefecd86ed093808a02b0703b874 av-styling- av-img-linked avia-align-center  avia-builder-el-10  avia-builder-el-no-sibling  noHover av-overlay-hover-deactivate'   itemprop=\"image\" itemscope=\"itemscope\" itemtype=\"https:\/\/schema.org\/ImageObject\" ><div class=\"avia-image-container-inner\"><div class=\"avia-image-overlay-wrap\"><a href=\"http:\/\/185.126.106.141:82\/html\/Login.aspx?ReturnUrl=%2fhtml\" class='avia_image '  target=\"_blank\"  rel=\"noopener noreferrer\" aria-label='ACCESSOS-DIRECTES_PASSAT'><div class=\"av-image-caption-overlay\"><div class=\"av-caption-image-overlay-bg\"><\/div><div class=\"av-image-caption-overlay-position\"><div class=\"av-image-caption-overlay-center\"><p>ZONE CLIENT<br \/>\nJUSQU&rsquo;AU 28\/02\/2021<\/p>\n<\/div><\/div><\/div><img decoding=\"async\" fetchpriority=\"high\" class='wp-image-8467 avia-img-lazy-loading-not-8467 avia_image ' src=\"https:\/\/t-tresserras.com\/wp-content\/uploads\/2021\/02\/ACCESSOS-DIRECTES_PASSAT.jpg\" alt='' title='ACCESSOS-DIRECTES_PASSAT'  height=\"400\" width=\"800\"  itemprop=\"thumbnailUrl\" srcset=\"https:\/\/t-tresserras.com\/wp-content\/uploads\/2021\/02\/ACCESSOS-DIRECTES_PASSAT.jpg 800w, https:\/\/t-tresserras.com\/wp-content\/uploads\/2021\/02\/ACCESSOS-DIRECTES_PASSAT-300x150.jpg 300w, https:\/\/t-tresserras.com\/wp-content\/uploads\/2021\/02\/ACCESSOS-DIRECTES_PASSAT-768x384.jpg 768w, https:\/\/t-tresserras.com\/wp-content\/uploads\/2021\/02\/ACCESSOS-DIRECTES_PASSAT-705x353.jpg 705w\" sizes=\"(max-width: 800px) 100vw, 800px\" \/><\/a><\/div><\/div><\/div><\/div>\n<style type=\"text\/css\" data-created_by=\"avia_inline_auto\" id=\"style-css-av-1unvev-7b7a55cd0011b8551eba3ccd5c76f633\">\n.flex_column.av-1unvev-7b7a55cd0011b8551eba3ccd5c76f633{\nborder-radius:0px 0px 0px 0px;\npadding:0px 0px 0px 0px;\n}\n<\/style>\n<div  class='flex_column av-1unvev-7b7a55cd0011b8551eba3ccd5c76f633 av_one_half  avia-builder-el-11  el_after_av_one_half  el_before_av_hr  flex_column_div av-zero-column-padding  column-top-margin'     ><style type=\"text\/css\" data-created_by=\"avia_inline_auto\" id=\"style-css-av-kli1vy5v-1383477467a00dd11d41253b5eba42c5\">\n.avia-image-container.av-kli1vy5v-1383477467a00dd11d41253b5eba42c5 img.avia_image{\nbox-shadow:none;\n}\n.avia-image-container.av-kli1vy5v-1383477467a00dd11d41253b5eba42c5 .av-caption-image-overlay-bg{\nopacity:0.4;\nbackground-color:#000000;\n}\n.avia-image-container.av-kli1vy5v-1383477467a00dd11d41253b5eba42c5 .av-image-caption-overlay-center{\ncolor:#ffffff;\n}\n<\/style>\n<div  class='avia-image-container av-kli1vy5v-1383477467a00dd11d41253b5eba42c5 av-styling- av-img-linked avia-align-center  avia-builder-el-12  avia-builder-el-no-sibling  noHover av-overlay-hover-deactivate'   itemprop=\"image\" itemscope=\"itemscope\" itemtype=\"https:\/\/schema.org\/ImageObject\" ><div class=\"avia-image-container-inner\"><div class=\"avia-image-overlay-wrap\"><a href=\"https:\/\/www.espritec.net\/010174\/tresserras\/login\" class='avia_image '  aria-label='ACCESSOS-DIRECTES_FUTUR'><div class=\"av-image-caption-overlay\"><div class=\"av-caption-image-overlay-bg\"><\/div><div class=\"av-image-caption-overlay-position\"><div class=\"av-image-caption-overlay-center\"><p>ZONE CLIENT<br \/>\nDU 28\/02\/2021<\/p>\n<\/div><\/div><\/div><img decoding=\"async\" fetchpriority=\"high\" class='wp-image-8471 avia-img-lazy-loading-not-8471 avia_image ' src=\"https:\/\/t-tresserras.com\/wp-content\/uploads\/2021\/02\/ACCESSOS-DIRECTES_FUTUR.jpg\" alt='' title='ACCESSOS-DIRECTES_FUTUR'  height=\"400\" width=\"800\"  itemprop=\"thumbnailUrl\" srcset=\"https:\/\/t-tresserras.com\/wp-content\/uploads\/2021\/02\/ACCESSOS-DIRECTES_FUTUR.jpg 800w, https:\/\/t-tresserras.com\/wp-content\/uploads\/2021\/02\/ACCESSOS-DIRECTES_FUTUR-300x150.jpg 300w, https:\/\/t-tresserras.com\/wp-content\/uploads\/2021\/02\/ACCESSOS-DIRECTES_FUTUR-768x384.jpg 768w, https:\/\/t-tresserras.com\/wp-content\/uploads\/2021\/02\/ACCESSOS-DIRECTES_FUTUR-705x353.jpg 705w\" sizes=\"(max-width: 800px) 100vw, 800px\" \/><\/a><\/div><\/div><\/div><\/div>\n<style type=\"text\/css\" data-created_by=\"avia_inline_auto\" id=\"style-css-av-kli252g5-9e0167dbf8bbef19d3131c06a8cfc45f\">\n#top .hr.hr-invisible.av-kli252g5-9e0167dbf8bbef19d3131c06a8cfc45f{\nheight:50px;\n}\n<\/style>\n<div  class='hr av-kli252g5-9e0167dbf8bbef19d3131c06a8cfc45f hr-invisible  avia-builder-el-13  el_after_av_one_half  el_before_av_hr '><span class='hr-inner '><span class=\"hr-inner-style\"><\/span><\/span><\/div>\n\n<style type=\"text\/css\" data-created_by=\"avia_inline_auto\" id=\"style-css-av-kli252g5-9e0167dbf8bbef19d3131c06a8cfc45f\">\n#top .hr.hr-invisible.av-kli252g5-9e0167dbf8bbef19d3131c06a8cfc45f{\nheight:50px;\n}\n<\/style>\n<div  class='hr av-kli252g5-9e0167dbf8bbef19d3131c06a8cfc45f hr-invisible  avia-builder-el-14  el_after_av_hr  avia-builder-el-last '><span class='hr-inner '><span class=\"hr-inner-style\"><\/span><\/span><\/div>\n\n","protected":false},"excerpt":{"rendered":"","protected":false},"author":1,"featured_media":0,"parent":0,"menu_order":0,"comment_status":"closed","ping_status":"closed","template":"","meta":{"footnotes":""},"class_list":["post-8503","page","type-page","status-publish","hentry"],"yoast_head":"<!-- This site is optimized with the Yoast SEO plugin v27.4 - https:\/\/yoast.com\/product\/yoast-seo-wordpress\/ -->\n<title>Transport International de marchandises sous temp\u00e9rature dirig\u00e9e | Zone Client<\/title>\n<meta name=\"description\" content=\"Transports Tresserras est un prestataire sp\u00e9cialis\u00e9 dans le transport international de marchandises sous temp\u00e9rature dirig\u00e9e. Zone Client .\" \/>\n<meta name=\"robots\" content=\"index, follow, max-snippet:-1, max-image-preview:large, max-video-preview:-1\" \/>\n<link rel=\"canonical\" href=\"https:\/\/t-tresserras.com\/fr\/zone-client\/\" \/>\n<meta property=\"og:locale\" content=\"fr_FR\" \/>\n<meta property=\"og:type\" content=\"article\" \/>\n<meta property=\"og:title\" content=\"Transport International de marchandises sous temp\u00e9rature dirig\u00e9e | Zone Client\" \/>\n<meta property=\"og:description\" content=\"Transports Tresserras est un prestataire sp\u00e9cialis\u00e9 dans le transport international de marchandises sous temp\u00e9rature dirig\u00e9e. Zone Client .\" \/>\n<meta property=\"og:url\" content=\"https:\/\/t-tresserras.com\/fr\/zone-client\/\" \/>\n<meta property=\"og:site_name\" content=\"Transports Tresserras\" \/>\n<meta property=\"article:publisher\" content=\"https:\/\/www.facebook.com\/pages\/Transports-Tresserras\" \/>\n<meta property=\"article:modified_time\" content=\"2023-09-04T11:51:36+00:00\" \/>\n<meta property=\"og:image\" content=\"https:\/\/t-tresserras.com\/wp-content\/uploads\/2017\/10\/CAMIONS_2.jpg\" \/>\n\t<meta property=\"og:image:width\" content=\"1239\" \/>\n\t<meta property=\"og:image:height\" content=\"670\" \/>\n\t<meta property=\"og:image:type\" content=\"image\/jpeg\" \/>\n<meta name=\"twitter:card\" content=\"summary_large_image\" \/>\n<meta name=\"twitter:label1\" content=\"Dur\u00e9e de lecture estim\u00e9e\" \/>\n\t<meta name=\"twitter:data1\" content=\"2 minutes\" \/>\n<script type=\"application\/ld+json\" class=\"yoast-schema-graph\">{\"@context\":\"https:\\\/\\\/schema.org\",\"@graph\":[{\"@type\":\"WebPage\",\"@id\":\"https:\\\/\\\/t-tresserras.com\\\/fr\\\/zone-client\\\/\",\"url\":\"https:\\\/\\\/t-tresserras.com\\\/fr\\\/zone-client\\\/\",\"name\":\"Transport International de marchandises sous temp\u00e9rature dirig\u00e9e | Zone Client\",\"isPartOf\":{\"@id\":\"https:\\\/\\\/t-tresserras.com\\\/fr\\\/#website\"},\"datePublished\":\"2021-03-01T10:05:47+00:00\",\"dateModified\":\"2023-09-04T11:51:36+00:00\",\"description\":\"Transports Tresserras est un prestataire sp\u00e9cialis\u00e9 dans le transport international de marchandises sous temp\u00e9rature dirig\u00e9e. Zone Client .\",\"breadcrumb\":{\"@id\":\"https:\\\/\\\/t-tresserras.com\\\/fr\\\/zone-client\\\/#breadcrumb\"},\"inLanguage\":\"fr-FR\",\"potentialAction\":[{\"@type\":\"ReadAction\",\"target\":[\"https:\\\/\\\/t-tresserras.com\\\/fr\\\/zone-client\\\/\"]}]},{\"@type\":\"BreadcrumbList\",\"@id\":\"https:\\\/\\\/t-tresserras.com\\\/fr\\\/zone-client\\\/#breadcrumb\",\"itemListElement\":[{\"@type\":\"ListItem\",\"position\":1,\"name\":\"Inici\",\"item\":\"https:\\\/\\\/t-tresserras.com\\\/fr\\\/home\\\/\"},{\"@type\":\"ListItem\",\"position\":2,\"name\":\"Zone Client\"}]},{\"@type\":\"WebSite\",\"@id\":\"https:\\\/\\\/t-tresserras.com\\\/fr\\\/#website\",\"url\":\"https:\\\/\\\/t-tresserras.com\\\/fr\\\/\",\"name\":\"Transports Tresserras\",\"description\":\"Altre lloc gestionat amb el WordPress\",\"publisher\":{\"@id\":\"https:\\\/\\\/t-tresserras.com\\\/fr\\\/#organization\"},\"potentialAction\":[{\"@type\":\"SearchAction\",\"target\":{\"@type\":\"EntryPoint\",\"urlTemplate\":\"https:\\\/\\\/t-tresserras.com\\\/fr\\\/?s={search_term_string}\"},\"query-input\":{\"@type\":\"PropertyValueSpecification\",\"valueRequired\":true,\"valueName\":\"search_term_string\"}}],\"inLanguage\":\"fr-FR\"},{\"@type\":\"Organization\",\"@id\":\"https:\\\/\\\/t-tresserras.com\\\/fr\\\/#organization\",\"name\":\"Transportes Tresserras\",\"url\":\"https:\\\/\\\/t-tresserras.com\\\/fr\\\/\",\"logo\":{\"@type\":\"ImageObject\",\"inLanguage\":\"fr-FR\",\"@id\":\"https:\\\/\\\/t-tresserras.com\\\/fr\\\/#\\\/schema\\\/logo\\\/image\\\/\",\"url\":\"https:\\\/\\\/t-tresserras.com\\\/wp-content\\\/uploads\\\/2017\\\/07\\\/t-tresserras.jpg\",\"contentUrl\":\"https:\\\/\\\/t-tresserras.com\\\/wp-content\\\/uploads\\\/2017\\\/07\\\/t-tresserras.jpg\",\"width\":1144,\"height\":507,\"caption\":\"Transportes Tresserras\"},\"image\":{\"@id\":\"https:\\\/\\\/t-tresserras.com\\\/fr\\\/#\\\/schema\\\/logo\\\/image\\\/\"},\"sameAs\":[\"https:\\\/\\\/www.facebook.com\\\/pages\\\/Transports-Tresserras\",\"https:\\\/\\\/www.linkedin.com\\\/company\\\/transporte-t-tresserras\"]}]}<\/script>\n<!-- \/ Yoast SEO plugin. -->","yoast_head_json":{"title":"Transport International de marchandises sous temp\u00e9rature dirig\u00e9e | Zone Client","description":"Transports Tresserras est un prestataire sp\u00e9cialis\u00e9 dans le transport international de marchandises sous temp\u00e9rature dirig\u00e9e. Zone Client .","robots":{"index":"index","follow":"follow","max-snippet":"max-snippet:-1","max-image-preview":"max-image-preview:large","max-video-preview":"max-video-preview:-1"},"canonical":"https:\/\/t-tresserras.com\/fr\/zone-client\/","og_locale":"fr_FR","og_type":"article","og_title":"Transport International de marchandises sous temp\u00e9rature dirig\u00e9e | Zone Client","og_description":"Transports Tresserras est un prestataire sp\u00e9cialis\u00e9 dans le transport international de marchandises sous temp\u00e9rature dirig\u00e9e. Zone Client .","og_url":"https:\/\/t-tresserras.com\/fr\/zone-client\/","og_site_name":"Transports Tresserras","article_publisher":"https:\/\/www.facebook.com\/pages\/Transports-Tresserras","article_modified_time":"2023-09-04T11:51:36+00:00","og_image":[{"width":1239,"height":670,"url":"https:\/\/t-tresserras.com\/wp-content\/uploads\/2017\/10\/CAMIONS_2.jpg","type":"image\/jpeg"}],"twitter_card":"summary_large_image","twitter_misc":{"Dur\u00e9e de lecture estim\u00e9e":"2 minutes"},"schema":{"@context":"https:\/\/schema.org","@graph":[{"@type":"WebPage","@id":"https:\/\/t-tresserras.com\/fr\/zone-client\/","url":"https:\/\/t-tresserras.com\/fr\/zone-client\/","name":"Transport International de marchandises sous temp\u00e9rature dirig\u00e9e | Zone Client","isPartOf":{"@id":"https:\/\/t-tresserras.com\/fr\/#website"},"datePublished":"2021-03-01T10:05:47+00:00","dateModified":"2023-09-04T11:51:36+00:00","description":"Transports Tresserras est un prestataire sp\u00e9cialis\u00e9 dans le transport international de marchandises sous temp\u00e9rature dirig\u00e9e. Zone Client .","breadcrumb":{"@id":"https:\/\/t-tresserras.com\/fr\/zone-client\/#breadcrumb"},"inLanguage":"fr-FR","potentialAction":[{"@type":"ReadAction","target":["https:\/\/t-tresserras.com\/fr\/zone-client\/"]}]},{"@type":"BreadcrumbList","@id":"https:\/\/t-tresserras.com\/fr\/zone-client\/#breadcrumb","itemListElement":[{"@type":"ListItem","position":1,"name":"Inici","item":"https:\/\/t-tresserras.com\/fr\/home\/"},{"@type":"ListItem","position":2,"name":"Zone Client"}]},{"@type":"WebSite","@id":"https:\/\/t-tresserras.com\/fr\/#website","url":"https:\/\/t-tresserras.com\/fr\/","name":"Transports Tresserras","description":"Altre lloc gestionat amb el WordPress","publisher":{"@id":"https:\/\/t-tresserras.com\/fr\/#organization"},"potentialAction":[{"@type":"SearchAction","target":{"@type":"EntryPoint","urlTemplate":"https:\/\/t-tresserras.com\/fr\/?s={search_term_string}"},"query-input":{"@type":"PropertyValueSpecification","valueRequired":true,"valueName":"search_term_string"}}],"inLanguage":"fr-FR"},{"@type":"Organization","@id":"https:\/\/t-tresserras.com\/fr\/#organization","name":"Transportes Tresserras","url":"https:\/\/t-tresserras.com\/fr\/","logo":{"@type":"ImageObject","inLanguage":"fr-FR","@id":"https:\/\/t-tresserras.com\/fr\/#\/schema\/logo\/image\/","url":"https:\/\/t-tresserras.com\/wp-content\/uploads\/2017\/07\/t-tresserras.jpg","contentUrl":"https:\/\/t-tresserras.com\/wp-content\/uploads\/2017\/07\/t-tresserras.jpg","width":1144,"height":507,"caption":"Transportes Tresserras"},"image":{"@id":"https:\/\/t-tresserras.com\/fr\/#\/schema\/logo\/image\/"},"sameAs":["https:\/\/www.facebook.com\/pages\/Transports-Tresserras","https:\/\/www.linkedin.com\/company\/transporte-t-tresserras"]}]}},"_links":{"self":[{"href":"https:\/\/t-tresserras.com\/fr\/wp-json\/wp\/v2\/pages\/8503","targetHints":{"allow":["GET"]}}],"collection":[{"href":"https:\/\/t-tresserras.com\/fr\/wp-json\/wp\/v2\/pages"}],"about":[{"href":"https:\/\/t-tresserras.com\/fr\/wp-json\/wp\/v2\/types\/page"}],"author":[{"embeddable":true,"href":"https:\/\/t-tresserras.com\/fr\/wp-json\/wp\/v2\/users\/1"}],"replies":[{"embeddable":true,"href":"https:\/\/t-tresserras.com\/fr\/wp-json\/wp\/v2\/comments?post=8503"}],"version-history":[{"count":0,"href":"https:\/\/t-tresserras.com\/fr\/wp-json\/wp\/v2\/pages\/8503\/revisions"}],"wp:attachment":[{"href":"https:\/\/t-tresserras.com\/fr\/wp-json\/wp\/v2\/media?parent=8503"}],"curies":[{"name":"wp","href":"https:\/\/api.w.org\/{rel}","templated":true}]}}