{"id":5509,"date":"2018-07-03T11:31:41","date_gmt":"2018-07-03T10:31:41","guid":{"rendered":"http:\/\/www.t-tresserras.com\/plus-dinformations-sur-les-cookies\/"},"modified":"2018-07-03T11:31:41","modified_gmt":"2018-07-03T10:31:41","slug":"plus-dinformations-sur-les-cookies","status":"publish","type":"page","link":"https:\/\/t-tresserras.com\/fr\/plus-dinformations-sur-les-cookies\/","title":{"rendered":"Plus d\u2019informations sur les cookies"},"content":{"rendered":"<h2>QU&rsquo;EST-CE QU&rsquo;UN COOKIE?<\/h2>\n<p>Un <em>cookie<\/em> est un fichier texte avec inoffensif qui est stock\u00e9 dans votre navigateur lorsque vous visitez presque n\u2019importe quelle page web. La valeur du cookie, c\u2019est que le web est capable de se souvenir de votre visite en arri\u00e8re pour acc\u00e9der \u00e0 cette page. Bien que beaucoup de gens ne savent pas les cookies qu\u2019ils transportent utilis\u00e9 il y a 20 ans quand est apparu les premiers navigateurs pour le World Wide Web.<\/p>\n<h2>CE QUI N&rsquo;EST PAS UN COOKIE?<\/h2>\n<p>Il n\u2019est pas un virus ou un cheval de Troie, ver, spam ou spyware ou fen\u00eatres pop-up.<\/p>\n<h2>QUELLES INFORMATIONS STOCK\u00c9ES UN COOKIE ? <\/h2>\n<p>Les <em>cookies<\/em> ne rangez pas habituellement des informations sensibles sur vous, telles que les cartes de cr\u00e9dit ou de coordonn\u00e9es bancaires, photographies, votre ID ou des renseignements personnels, etc.. Donn\u00e9es qui sont des pr\u00e9f\u00e9rences techniques, personnels, personnalisation de contenu, etc..<\/p>\n<p>Le serveur web n\u2019associe pas vous vous en tant que personne, sinon \u00e0 votre navigateur web. En fait, si habituellement, vous naviguez avec Internet Explorer et essayez de naviguer sur le web avec Firefox ou Chrome, vous verrez que le web n\u2019est pas vous que la m\u00eame personne est parce qu\u2019il est effectivement associer avec le navigateur, pas pour la personne.<\/p>\n<h2>QUEL GENRE DE COOKIES EXISTENT ?<\/h2>\n<ul>\n<li><em>Les cookies techniques :<\/em> ils sont les plus \u00e9l\u00e9mentaires et permet, entre autres choses, savoir quand vous \u00eates dans un \u00eatre humain ou une application automatis\u00e9e, lorsqu\u2019un utilisateur navigue de t\u00e2ches de base un, anonymes et enregistr\u00e9s pour l\u2019op\u00e9ration de n\u2019importe quel web dynamique. <\/li>\n<li><em>Cookies d\u2019analyse :<\/em> collecter des informations sur le type de navigation qui est \u00e0 faire, les sections plus utilis\u00e9s, consult\u00e9 produits, le temps d\u2019usage, langue, etc.. <\/li>\n<li><em>Cookies de publicit\u00e9 :<\/em> Voir la publicit\u00e9 selon votre navigation, leur pays d\u2019origine, langue, etc.. <\/li>\n<\/ul>\n<h2>QUELS SONT LES PROPRES COOKIES ET TIERS ?<\/h2>\n<p><em>Propres cookies<\/em> sont celles g\u00e9n\u00e9r\u00e9es par la page que vous visitez et les <em>tierces parties<\/em> sont ceux g\u00e9n\u00e9r\u00e9s par les services ou les fournisseurs de tierce partie comme Facebook, Twitter, Google, etc.. <\/p>\n<h2>QUE SE PASSE-T-IL SI JE D\u00c9SACTIVE LES COOKIES ? <\/h2>\n<p>Donc vous aurez compris l\u2019\u00e9tendue \u00e0 laquelle peuvent avoir les <em>cookies<\/em> sont quelques exemples : <\/p>\n<ul>\n<li>Vous ne pouvez pas partager le contenu de ce site sur Facebook, Twitter ou tout autre r\u00e9seau social.<\/li>\n<li>Site Web ne peut pas adapter le contenu selon vos pr\u00e9f\u00e9rences, comme cela arrive souvent dans les magasins en ligne.<\/li>\n<li>Vous ne pouvez pas acc\u00e9der l\u2019espace personnel de ce site, comme par exemple <em>Mon compte<\/em>, <em>Mon profil<\/em> ou <em>Mes commandes.<\/em><\/li>\n<li>Boutiques en ligne : il sera impossible d\u2019effectuer des achats en ligne, ils vont devoir \u00eatre t\u00e9l\u00e9phone ou visitez le magasin physique si vous en avez. <\/li>\n<li>Il n\u2019est pas possible de personnaliser les pr\u00e9f\u00e9rences g\u00e9ographiques de bande heure, devise ou langue.<\/li>\n<li>Le site web ne peut pas \u00eatre analytique web sur les visiteurs et le trafic sur le web, rendant difficile d\u2019\u00eatre comp\u00e9titif, le web. <\/li>\n<li>Vous pouvez \u00e9crire sur le blog, ne peut pas t\u00e9l\u00e9charger des photos, poster des commentaires, notation ou contenu taux. Le web ne saura pas si vous \u00eates un homme ou une application automatis\u00e9e qui publie le <em>spam.<\/em><\/li>\n<li>Vous pouvez afficher la publicit\u00e9 zonage, ce qui r\u00e9duira les recettes publicitaires sur le site.<\/li>\n<li>Tous les r\u00e9seaux sociaux utilisent des <em>cookies<\/em>, si pas de d\u00e9sactiver leur peuvent utiliser n\u2019importe quel r\u00e9seau social.<\/li>\n<\/ul>\n<h2>PUIS-JE SUPPRIMER DES COOKIES ?<\/h2>\n<p>Oui. Non seulement supprimer, \u00e9galement en bloc, de mani\u00e8re g\u00e9n\u00e9rale ou sp\u00e9cifique \u00e0 un domaine sp\u00e9cifique.<\/p>\n<p>Pour supprimer les cookies d\u2019un site, vous devez aller aux param\u00e8tres de votre navigateur et il pouvez trouver les associ\u00e9s pour le domaine en question et l\u2019\u00e9limination.<\/p>\n<h2 id=\"navegadores\">CONFIGURATION DES COOKIES POUR LES NAVIGATEURS LES PLUS POPULAIRES<\/h2>\n<p>Ci-dessous, nous indiquons comment acc\u00e9der \u00e0 un cookie sp\u00e9cifique depuis le navigateur de <strong style=\"color:#007c59;\">Chrome.<\/strong> Remarque : ces \u00e9tapes peuvent varier selon la version du navigateur : <\/p>\n<ol>\n<li>Allez \u00e0 param\u00e8tres ou des pr\u00e9f\u00e9rences en utilisant le menu fichier, soit en cliquant sur la personnalisation de l\u2019ic\u00f4ne ci-dessus \u00e0 droite. <\/li>\n<li>Vous pourrez voir les diff\u00e9rentes sections, cliquez sur <em>Afficher options option avanc\u00e9e.<\/em><\/li>\n<li>Aller \u00e0 la vie <em>Priv\u00e9e<\/em>, des <em>Param\u00e8tres de contenu.<\/em><\/li>\n<li>S\u00e9lectionnez tous les <em>Cookies et donn\u00e9es de sites.<\/em><\/li>\n<li>Une liste appara\u00eet avec tous les <em>cookies<\/em> tri\u00e9es par domaine. Pour le rendre plus facile de trouver un domaine particulier <em>cookies<\/em> entrer partiellement ou compl\u00e8tement la direction dans le champ <em>Rechercher des cookies.<\/em><\/li>\n<li>Apr\u00e8s faire ce filtre sera affich\u00e9 une ou plusieurs lignes avec les <em>cookies<\/em> web demand\u00e9e. Maintenant, il suffit de le s\u00e9lectionner et appuyez sur <em>X<\/em> pour proc\u00e9der \u00e0 leur \u00e9limination. <\/li>\n<\/ol>\n<p>Pour acc\u00e9der \u00e0 la configuration du navigateur, les <em>cookies<\/em> <strong style=\"color:#007c59;\">Internet Explorer<\/strong> proc\u00e9dez comme suit (peut varier selon la version du navigateur) : <\/p>\n<ol>\n<li>Allez dans <em>Outils<\/em>, <em>Options Internet<\/em><\/li>\n<li>Cliquez sur la vie <em>Priv\u00e9e.<\/em><\/li>\n<li>D\u00e9placez le curseur pour ajuster le niveau de confidentialit\u00e9 que vous voulez.<\/li>\n<\/ol>\n<p>Pour acc\u00e9der \u00e0 la configuration du navigateur, les <em>cookies<\/em> <strong style=\"color:#007c59;\">Firefox<\/strong> suivent ces \u00e9tapes (peut varier selon la version du navigateur) : <\/p>\n<ol>\n<li>Aller dans <em>Options<\/em> \/ <em>Pr\u00e9f\u00e9rences<\/em> selon votre syst\u00e8me d\u2019exploitation.<\/li>\n<li>Cliquez sur la vie <em>Priv\u00e9e.<\/em><\/li>\n<li>Dans <em>l\u2019Histoire<\/em> choisissez utilisation personnalis\u00e9 pour la <em>Configuration de l\u2019enregistrement.<\/em><\/li>\n<li>Vous allez maintenant voir l\u2019option <em>Accepter les cookies,<\/em> peut activer ou d\u00e9sactiver selon vos pr\u00e9f\u00e9rences. <\/li>\n<\/ol>\n<p>Pour acc\u00e9der \u00e0 la configuration des <em>cookies<\/em> du navigateur <strong style=\"color:#007c59;\">Safari OSX<\/strong> proc\u00e9dez comme suit (peut varier selon la version du navigateur) : <\/p>\n<ol>\n<li>Aller sur <em>Pr\u00e9f\u00e9rences<\/em>, puis <em>Confidentialit\u00e9.<\/em><\/li>\n<li>Dans cet endroit, vous verrez l\u2019option pour <em>Bloquer les cookies<\/em> pour le faire rentrer le type de verrou que vous souhaitez ex\u00e9cuter. <\/li>\n<\/ol>\n<p>Pour acc\u00e9der \u00e0 la configuration du navigateur, <em>cookies<\/em> <strong style=\"color:#007c59;\">Safari pour iOS<\/strong> proc\u00e9dez comme suit (peut varier selon la version du navigateur) : <\/p>\n<ol>\n<li>Allez dans <em>Param\u00e8tres<\/em>, puis <em>Safari.<\/em><\/li>\n<li>Aller \u00e0 la vie <em>Priv\u00e9e et s\u00e9curit\u00e9<\/em>, vous verrez l\u2019option pour <em>Bloquer les cookies<\/em> pour le faire rentrer le type de verrou que vous souhaitez ex\u00e9cuter.<\/li>\n<\/ol>\n<p>Pour acc\u00e9der \u00e0 des param\u00e8tres de <em>cookies<\/em> dans le navigateur pour appareils <strong style=\"color:#007c59;\">Android<\/strong> proc\u00e9dez comme suit (peut varier selon la version du navigateur) : <\/p>\n<ol>\n<li>Lancer le navigateur et appuyez sur la touche <em>Menu<\/em>, puis <em>Param\u00e8tres.<\/em> <\/li>\n<li>Aller \u00e0 la <em>S\u00e9curit\u00e9 et la protection des renseignements personnels,<\/em> vous verrez l\u2019option <em>Accepter les cookies<\/em> pour que vous activez ou d\u00e9sactivez la case \u00e0 cocher.<\/li>\n<\/ol>\n<p>Pour acc\u00e9der \u00e0 des param\u00e8tres de <em>cookies<\/em> dans le navigateur pour appareils <strong style=\"color:#007c59;\">Windows Phone<\/strong> proc\u00e9dez comme suit (peut varier selon la version du navigateur) : <\/p>\n<ol>\n<li>Ouvrez <em>Internet Explorer<\/em>, puis plus, puis <em>Param\u00e8tres.<\/em><\/li>\n<li>Vous pouvez maintenant activer ou d\u00e9sactiver la case \u00e0 cocher <em>Autoriser les cookies.<\/em><\/li>\n<\/ol>\n<p>Conseiller des Cookies est un plugin pour <a href=\"http:\/\/wordpress.org\/plugins\/asesor-cookies-para-la-ley-en-espana\/\" target=\"_blank\">WordPress<\/a> cr\u00e9\u00e9 par Carlos Doral (<a href=\"http:\/\/webartesanal.com\" target=\"_blank\">webartesanal.com<\/a>)<\/p>\n","protected":false},"excerpt":{"rendered":"<p>QU&rsquo;EST-CE QU&rsquo;UN COOKIE? Un cookie est un fichier texte avec inoffensif qui est stock\u00e9 dans votre navigateur lorsque vous visitez presque n\u2019importe quelle page web. La valeur du cookie, c\u2019est que le web est capable de se souvenir de votre visite en arri\u00e8re pour acc\u00e9der \u00e0 cette page. Bien que beaucoup de gens ne savent [&hellip;]<\/p>\n","protected":false},"author":1,"featured_media":0,"parent":0,"menu_order":10,"comment_status":"closed","ping_status":"closed","template":"","meta":{"footnotes":""},"class_list":["post-5509","page","type-page","status-publish","hentry"],"yoast_head":"<!-- This site is optimized with the Yoast SEO plugin v27.3 - https:\/\/yoast.com\/product\/yoast-seo-wordpress\/ -->\n<title>Transport International de marchandises sous temp\u00e9rature dirig\u00e9e | Plus d\u2019informations sur les cookies<\/title>\n<meta name=\"description\" content=\"Transports Tresserras est un prestataire sp\u00e9cialis\u00e9 dans le transport international de marchandises sous temp\u00e9rature dirig\u00e9e. Plus d\u2019informations sur les cookies . QU&#039;EST-CE QU&#039;UN COOKIE? Un cookie est un fichier texte avec inoffensif qui est stock\u00e9 dans votre navigateur lorsque vous visitez presque n\u2019importe quelle\" \/>\n<meta name=\"robots\" content=\"index, follow, max-snippet:-1, max-image-preview:large, max-video-preview:-1\" \/>\n<link rel=\"canonical\" href=\"https:\/\/t-tresserras.com\/fr\/plus-dinformations-sur-les-cookies\/\" \/>\n<meta property=\"og:locale\" content=\"fr_FR\" \/>\n<meta property=\"og:type\" content=\"article\" \/>\n<meta property=\"og:title\" content=\"Transport International de marchandises sous temp\u00e9rature dirig\u00e9e | Plus d\u2019informations sur les cookies\" \/>\n<meta property=\"og:description\" content=\"Transports Tresserras est un prestataire sp\u00e9cialis\u00e9 dans le transport international de marchandises sous temp\u00e9rature dirig\u00e9e. Plus d\u2019informations sur les cookies . QU&#039;EST-CE QU&#039;UN COOKIE? Un cookie est un fichier texte avec inoffensif qui est stock\u00e9 dans votre navigateur lorsque vous visitez presque n\u2019importe quelle\" \/>\n<meta property=\"og:url\" content=\"https:\/\/t-tresserras.com\/fr\/plus-dinformations-sur-les-cookies\/\" \/>\n<meta property=\"og:site_name\" content=\"Transports Tresserras\" \/>\n<meta property=\"article:publisher\" content=\"https:\/\/www.facebook.com\/pages\/Transports-Tresserras\" \/>\n<meta property=\"og:image\" content=\"https:\/\/t-tresserras.com\/wp-content\/uploads\/2017\/10\/CAMIONS_2.jpg\" \/>\n\t<meta property=\"og:image:width\" content=\"1239\" \/>\n\t<meta property=\"og:image:height\" content=\"670\" \/>\n\t<meta property=\"og:image:type\" content=\"image\/jpeg\" \/>\n<meta name=\"twitter:card\" content=\"summary_large_image\" \/>\n<meta name=\"twitter:label1\" content=\"Dur\u00e9e de lecture estim\u00e9e\" \/>\n\t<meta name=\"twitter:data1\" content=\"6 minutes\" \/>\n<script type=\"application\/ld+json\" class=\"yoast-schema-graph\">{\"@context\":\"https:\\\/\\\/schema.org\",\"@graph\":[{\"@type\":\"WebPage\",\"@id\":\"https:\\\/\\\/t-tresserras.com\\\/fr\\\/plus-dinformations-sur-les-cookies\\\/\",\"url\":\"https:\\\/\\\/t-tresserras.com\\\/fr\\\/plus-dinformations-sur-les-cookies\\\/\",\"name\":\"Transport International de marchandises sous temp\u00e9rature dirig\u00e9e | Plus d\u2019informations sur les cookies\",\"isPartOf\":{\"@id\":\"https:\\\/\\\/t-tresserras.com\\\/fr\\\/#website\"},\"datePublished\":\"2018-07-03T10:31:41+00:00\",\"description\":\"Transports Tresserras est un prestataire sp\u00e9cialis\u00e9 dans le transport international de marchandises sous temp\u00e9rature dirig\u00e9e. Plus d\u2019informations sur les cookies . QU'EST-CE QU'UN COOKIE? Un cookie est un fichier texte avec inoffensif qui est stock\u00e9 dans votre navigateur lorsque vous visitez presque n\u2019importe quelle\",\"breadcrumb\":{\"@id\":\"https:\\\/\\\/t-tresserras.com\\\/fr\\\/plus-dinformations-sur-les-cookies\\\/#breadcrumb\"},\"inLanguage\":\"fr-FR\",\"potentialAction\":[{\"@type\":\"ReadAction\",\"target\":[\"https:\\\/\\\/t-tresserras.com\\\/fr\\\/plus-dinformations-sur-les-cookies\\\/\"]}]},{\"@type\":\"BreadcrumbList\",\"@id\":\"https:\\\/\\\/t-tresserras.com\\\/fr\\\/plus-dinformations-sur-les-cookies\\\/#breadcrumb\",\"itemListElement\":[{\"@type\":\"ListItem\",\"position\":1,\"name\":\"Inici\",\"item\":\"https:\\\/\\\/t-tresserras.com\\\/fr\\\/home\\\/\"},{\"@type\":\"ListItem\",\"position\":2,\"name\":\"Plus d\u2019informations sur les cookies\"}]},{\"@type\":\"WebSite\",\"@id\":\"https:\\\/\\\/t-tresserras.com\\\/fr\\\/#website\",\"url\":\"https:\\\/\\\/t-tresserras.com\\\/fr\\\/\",\"name\":\"Transports Tresserras\",\"description\":\"Altre lloc gestionat amb el WordPress\",\"publisher\":{\"@id\":\"https:\\\/\\\/t-tresserras.com\\\/fr\\\/#organization\"},\"potentialAction\":[{\"@type\":\"SearchAction\",\"target\":{\"@type\":\"EntryPoint\",\"urlTemplate\":\"https:\\\/\\\/t-tresserras.com\\\/fr\\\/?s={search_term_string}\"},\"query-input\":{\"@type\":\"PropertyValueSpecification\",\"valueRequired\":true,\"valueName\":\"search_term_string\"}}],\"inLanguage\":\"fr-FR\"},{\"@type\":\"Organization\",\"@id\":\"https:\\\/\\\/t-tresserras.com\\\/fr\\\/#organization\",\"name\":\"Transportes Tresserras\",\"url\":\"https:\\\/\\\/t-tresserras.com\\\/fr\\\/\",\"logo\":{\"@type\":\"ImageObject\",\"inLanguage\":\"fr-FR\",\"@id\":\"https:\\\/\\\/t-tresserras.com\\\/fr\\\/#\\\/schema\\\/logo\\\/image\\\/\",\"url\":\"https:\\\/\\\/t-tresserras.com\\\/wp-content\\\/uploads\\\/2017\\\/07\\\/t-tresserras.jpg\",\"contentUrl\":\"https:\\\/\\\/t-tresserras.com\\\/wp-content\\\/uploads\\\/2017\\\/07\\\/t-tresserras.jpg\",\"width\":1144,\"height\":507,\"caption\":\"Transportes Tresserras\"},\"image\":{\"@id\":\"https:\\\/\\\/t-tresserras.com\\\/fr\\\/#\\\/schema\\\/logo\\\/image\\\/\"},\"sameAs\":[\"https:\\\/\\\/www.facebook.com\\\/pages\\\/Transports-Tresserras\",\"https:\\\/\\\/www.linkedin.com\\\/company\\\/transporte-t-tresserras\"]}]}<\/script>\n<!-- \/ Yoast SEO plugin. -->","yoast_head_json":{"title":"Transport International de marchandises sous temp\u00e9rature dirig\u00e9e | Plus d\u2019informations sur les cookies","description":"Transports Tresserras est un prestataire sp\u00e9cialis\u00e9 dans le transport international de marchandises sous temp\u00e9rature dirig\u00e9e. Plus d\u2019informations sur les cookies . QU'EST-CE QU'UN COOKIE? Un cookie est un fichier texte avec inoffensif qui est stock\u00e9 dans votre navigateur lorsque vous visitez presque n\u2019importe quelle","robots":{"index":"index","follow":"follow","max-snippet":"max-snippet:-1","max-image-preview":"max-image-preview:large","max-video-preview":"max-video-preview:-1"},"canonical":"https:\/\/t-tresserras.com\/fr\/plus-dinformations-sur-les-cookies\/","og_locale":"fr_FR","og_type":"article","og_title":"Transport International de marchandises sous temp\u00e9rature dirig\u00e9e | Plus d\u2019informations sur les cookies","og_description":"Transports Tresserras est un prestataire sp\u00e9cialis\u00e9 dans le transport international de marchandises sous temp\u00e9rature dirig\u00e9e. Plus d\u2019informations sur les cookies . QU'EST-CE QU'UN COOKIE? Un cookie est un fichier texte avec inoffensif qui est stock\u00e9 dans votre navigateur lorsque vous visitez presque n\u2019importe quelle","og_url":"https:\/\/t-tresserras.com\/fr\/plus-dinformations-sur-les-cookies\/","og_site_name":"Transports Tresserras","article_publisher":"https:\/\/www.facebook.com\/pages\/Transports-Tresserras","og_image":[{"width":1239,"height":670,"url":"https:\/\/t-tresserras.com\/wp-content\/uploads\/2017\/10\/CAMIONS_2.jpg","type":"image\/jpeg"}],"twitter_card":"summary_large_image","twitter_misc":{"Dur\u00e9e de lecture estim\u00e9e":"6 minutes"},"schema":{"@context":"https:\/\/schema.org","@graph":[{"@type":"WebPage","@id":"https:\/\/t-tresserras.com\/fr\/plus-dinformations-sur-les-cookies\/","url":"https:\/\/t-tresserras.com\/fr\/plus-dinformations-sur-les-cookies\/","name":"Transport International de marchandises sous temp\u00e9rature dirig\u00e9e | Plus d\u2019informations sur les cookies","isPartOf":{"@id":"https:\/\/t-tresserras.com\/fr\/#website"},"datePublished":"2018-07-03T10:31:41+00:00","description":"Transports Tresserras est un prestataire sp\u00e9cialis\u00e9 dans le transport international de marchandises sous temp\u00e9rature dirig\u00e9e. Plus d\u2019informations sur les cookies . QU'EST-CE QU'UN COOKIE? Un cookie est un fichier texte avec inoffensif qui est stock\u00e9 dans votre navigateur lorsque vous visitez presque n\u2019importe quelle","breadcrumb":{"@id":"https:\/\/t-tresserras.com\/fr\/plus-dinformations-sur-les-cookies\/#breadcrumb"},"inLanguage":"fr-FR","potentialAction":[{"@type":"ReadAction","target":["https:\/\/t-tresserras.com\/fr\/plus-dinformations-sur-les-cookies\/"]}]},{"@type":"BreadcrumbList","@id":"https:\/\/t-tresserras.com\/fr\/plus-dinformations-sur-les-cookies\/#breadcrumb","itemListElement":[{"@type":"ListItem","position":1,"name":"Inici","item":"https:\/\/t-tresserras.com\/fr\/home\/"},{"@type":"ListItem","position":2,"name":"Plus d\u2019informations sur les cookies"}]},{"@type":"WebSite","@id":"https:\/\/t-tresserras.com\/fr\/#website","url":"https:\/\/t-tresserras.com\/fr\/","name":"Transports Tresserras","description":"Altre lloc gestionat amb el WordPress","publisher":{"@id":"https:\/\/t-tresserras.com\/fr\/#organization"},"potentialAction":[{"@type":"SearchAction","target":{"@type":"EntryPoint","urlTemplate":"https:\/\/t-tresserras.com\/fr\/?s={search_term_string}"},"query-input":{"@type":"PropertyValueSpecification","valueRequired":true,"valueName":"search_term_string"}}],"inLanguage":"fr-FR"},{"@type":"Organization","@id":"https:\/\/t-tresserras.com\/fr\/#organization","name":"Transportes Tresserras","url":"https:\/\/t-tresserras.com\/fr\/","logo":{"@type":"ImageObject","inLanguage":"fr-FR","@id":"https:\/\/t-tresserras.com\/fr\/#\/schema\/logo\/image\/","url":"https:\/\/t-tresserras.com\/wp-content\/uploads\/2017\/07\/t-tresserras.jpg","contentUrl":"https:\/\/t-tresserras.com\/wp-content\/uploads\/2017\/07\/t-tresserras.jpg","width":1144,"height":507,"caption":"Transportes Tresserras"},"image":{"@id":"https:\/\/t-tresserras.com\/fr\/#\/schema\/logo\/image\/"},"sameAs":["https:\/\/www.facebook.com\/pages\/Transports-Tresserras","https:\/\/www.linkedin.com\/company\/transporte-t-tresserras"]}]}},"_links":{"self":[{"href":"https:\/\/t-tresserras.com\/fr\/wp-json\/wp\/v2\/pages\/5509","targetHints":{"allow":["GET"]}}],"collection":[{"href":"https:\/\/t-tresserras.com\/fr\/wp-json\/wp\/v2\/pages"}],"about":[{"href":"https:\/\/t-tresserras.com\/fr\/wp-json\/wp\/v2\/types\/page"}],"author":[{"embeddable":true,"href":"https:\/\/t-tresserras.com\/fr\/wp-json\/wp\/v2\/users\/1"}],"replies":[{"embeddable":true,"href":"https:\/\/t-tresserras.com\/fr\/wp-json\/wp\/v2\/comments?post=5509"}],"version-history":[{"count":0,"href":"https:\/\/t-tresserras.com\/fr\/wp-json\/wp\/v2\/pages\/5509\/revisions"}],"wp:attachment":[{"href":"https:\/\/t-tresserras.com\/fr\/wp-json\/wp\/v2\/media?parent=5509"}],"curies":[{"name":"wp","href":"https:\/\/api.w.org\/{rel}","templated":true}]}}