{"id":5443,"date":"2018-06-20T09:13:19","date_gmt":"2018-06-20T08:13:19","guid":{"rendered":"http:\/\/www.t-tresserras.com\/avis-juridique\/"},"modified":"2022-05-12T09:01:04","modified_gmt":"2022-05-12T08:01:04","slug":"avis-juridique","status":"publish","type":"page","link":"https:\/\/t-tresserras.com\/fr\/avis-juridique\/","title":{"rendered":"NOTICE L\u00c9GALE"},"content":{"rendered":"<h2>Notice L\u00e9gale<\/h2>\n<p><strong style=\"color: #8c8c8c;\">1. OBJET ET CADRE D\u2019APPLICATION <\/strong> Les pr\u00e9sentes Conditions G\u00e9n\u00e9rales (\u00ab Conditions G\u00e9n\u00e9rales \u00bb) r\u00e9glementent l\u2019acc\u00e8s, la navigation et l\u2019utilisation du site Internet.<\/p>\n<p>TRANSPORTS TRESSERRAS S.A.<br \/>\nVALL DE BIANYA Carrer Ind\u00fastria, 1 17813 Vall de Bianya (Girona)<\/p>\n<p class=\"p1\"><span class=\"s1\">A17002643<\/span><\/p>\n<p class=\"p1\">Reg.Merc. Girona Feuille GI-5027, TOME 255, FOLIO 154<\/p>\n<p><strong style=\"color: #8c8c8c;\">2. DROITS DE PROPRI\u00c9T\u00c9 INTELLECTUELLE ET INDUSTRIELLE<\/strong><\/p>\n<p style=\"padding-left: 30px;\">2.1. TRANSPORTS TRESSERRAS est titulaire de tous les droits de propri\u00e9t\u00e9 intellectuelle et industrielle du Site Internet et il est aussi titulaire ou poss\u00e8de la correspondante licence sur les droits de propri\u00e9t\u00e9 intellectuelle, industrielle et d\u2019image sur les contenus disponibles \u00e0 travers celui-ci.<\/p>\n<p style=\"padding-left: 30px;\">2.2. En aucun cas il ne sera compris que l\u2019acc\u00e8s et la navigation de l\u2019Utilisateur impliquent une renonciation, transmission, licence ou cession totale ni partielle de ces droits de la part de TRANSPORTS TRESSERRAS.<\/p>\n<p style=\"padding-left: 30px;\">2.3. De plus, il est formellement interdit de modifier, copier, r\u00e9utiliser, exploiter, reproduire, communiquer publiquement, faire des deuxi\u00e8mes ou ult\u00e9rieures publications, t\u00e9l\u00e9charger des fichiers, envoyer par courrier, transmettre, utiliser, traiter ou distribuer de n\u2019importe quelle mani\u00e8re la totalit\u00e9 ou une partie des contenus inclus sur le Site Internet \u00e0 des fins publiques ou commerciales, si TRANSPORTS TRESSERRAS n\u2019a pas donn\u00e9 son autorisation expresse et par \u00e9crit.<\/p>\n<p><strong style=\"color: #8c8c8c;\">3. RESPONSABILIT\u00c9S ET GARANTIES. TRANSPORTS TRESSERRAS<\/strong> se d\u00e9gage de toute responsabilit\u00e9 quant aux contenus qui renvoient \u00e0 des sites Internet tiers (R\u00e9seaux sociaux). Si un Utilisateur, organisme ou site Internet souhaite \u00e9tablir un type de lien dont la destination est le Site Internet, il devra le demander au pr\u00e9alable.<\/p>\n<p><strong style=\"color: #8c8c8c;\">4. JURIDICTION.<\/strong> Les relations \u00e9tablies entre TRANSPORTS TRESSERRAS et l\u2019Utilisateur concernant cette NOTICE L\u00c9GALE seront r\u00e9gies par les dispositions de la r\u00e9glementation en vigueur sur la l\u00e9gislation applicable et la juridiction comp\u00e9tente.<\/p>\n","protected":false},"excerpt":{"rendered":"<p>Notice L\u00e9gale 1. OBJET ET CADRE D\u2019APPLICATION Les pr\u00e9sentes Conditions G\u00e9n\u00e9rales (\u00ab Conditions G\u00e9n\u00e9rales \u00bb) r\u00e9glementent l\u2019acc\u00e8s, la navigation et l\u2019utilisation du site Internet. TRANSPORTS TRESSERRAS S.A. VALL DE BIANYA Carrer Ind\u00fastria, 1 17813 Vall de Bianya (Girona) A17002643 Reg.Merc. Girona Feuille GI-5027, TOME 255, FOLIO 154 2. DROITS DE PROPRI\u00c9T\u00c9 INTELLECTUELLE ET INDUSTRIELLE 2.1. [&hellip;]<\/p>\n","protected":false},"author":1,"featured_media":0,"parent":0,"menu_order":0,"comment_status":"closed","ping_status":"closed","template":"","meta":{"footnotes":""},"class_list":["post-5443","page","type-page","status-publish","hentry"],"yoast_head":"<!-- This site is optimized with the Yoast SEO plugin v27.3 - https:\/\/yoast.com\/product\/yoast-seo-wordpress\/ -->\n<title>Transport International de marchandises sous temp\u00e9rature dirig\u00e9e | NOTICE L\u00c9GALE<\/title>\n<meta name=\"description\" content=\"Transports Tresserras est un prestataire sp\u00e9cialis\u00e9 dans le transport international de marchandises sous temp\u00e9rature dirig\u00e9e. NOTICE L\u00c9GALE . Notice L\u00e9gale 1. OBJET ET CADRE D\u2019APPLICATION Les pr\u00e9sentes Conditions G\u00e9n\u00e9rales (\u00ab Conditions G\u00e9n\u00e9rales \u00bb) r\u00e9glementent l\u2019acc\u00e8s, la navigation et\" \/>\n<meta name=\"robots\" content=\"index, follow, max-snippet:-1, max-image-preview:large, max-video-preview:-1\" \/>\n<link rel=\"canonical\" href=\"https:\/\/t-tresserras.com\/fr\/avis-juridique\/\" \/>\n<meta property=\"og:locale\" content=\"fr_FR\" \/>\n<meta property=\"og:type\" content=\"article\" \/>\n<meta property=\"og:title\" content=\"Transport International de marchandises sous temp\u00e9rature dirig\u00e9e | NOTICE L\u00c9GALE\" \/>\n<meta property=\"og:description\" content=\"Transports Tresserras est un prestataire sp\u00e9cialis\u00e9 dans le transport international de marchandises sous temp\u00e9rature dirig\u00e9e. NOTICE L\u00c9GALE . Notice L\u00e9gale 1. OBJET ET CADRE D\u2019APPLICATION Les pr\u00e9sentes Conditions G\u00e9n\u00e9rales (\u00ab Conditions G\u00e9n\u00e9rales \u00bb) r\u00e9glementent l\u2019acc\u00e8s, la navigation et\" \/>\n<meta property=\"og:url\" content=\"https:\/\/t-tresserras.com\/fr\/avis-juridique\/\" \/>\n<meta property=\"og:site_name\" content=\"Transports Tresserras\" \/>\n<meta property=\"article:publisher\" content=\"https:\/\/www.facebook.com\/pages\/Transports-Tresserras\" \/>\n<meta property=\"article:modified_time\" content=\"2022-05-12T08:01:04+00:00\" \/>\n<meta property=\"og:image\" content=\"https:\/\/t-tresserras.com\/wp-content\/uploads\/2017\/10\/CAMIONS_2.jpg\" \/>\n\t<meta property=\"og:image:width\" content=\"1239\" \/>\n\t<meta property=\"og:image:height\" content=\"670\" \/>\n\t<meta property=\"og:image:type\" content=\"image\/jpeg\" \/>\n<meta name=\"twitter:card\" content=\"summary_large_image\" \/>\n<meta name=\"twitter:label1\" content=\"Dur\u00e9e de lecture estim\u00e9e\" \/>\n\t<meta name=\"twitter:data1\" content=\"2 minutes\" \/>\n<script type=\"application\/ld+json\" class=\"yoast-schema-graph\">{\"@context\":\"https:\\\/\\\/schema.org\",\"@graph\":[{\"@type\":\"WebPage\",\"@id\":\"https:\\\/\\\/t-tresserras.com\\\/fr\\\/avis-juridique\\\/\",\"url\":\"https:\\\/\\\/t-tresserras.com\\\/fr\\\/avis-juridique\\\/\",\"name\":\"Transport International de marchandises sous temp\u00e9rature dirig\u00e9e | NOTICE L\u00c9GALE\",\"isPartOf\":{\"@id\":\"https:\\\/\\\/t-tresserras.com\\\/fr\\\/#website\"},\"datePublished\":\"2018-06-20T08:13:19+00:00\",\"dateModified\":\"2022-05-12T08:01:04+00:00\",\"description\":\"Transports Tresserras est un prestataire sp\u00e9cialis\u00e9 dans le transport international de marchandises sous temp\u00e9rature dirig\u00e9e. NOTICE L\u00c9GALE . Notice L\u00e9gale 1. OBJET ET CADRE D\u2019APPLICATION Les pr\u00e9sentes Conditions G\u00e9n\u00e9rales (\u00ab Conditions G\u00e9n\u00e9rales \u00bb) r\u00e9glementent l\u2019acc\u00e8s, la navigation et\",\"breadcrumb\":{\"@id\":\"https:\\\/\\\/t-tresserras.com\\\/fr\\\/avis-juridique\\\/#breadcrumb\"},\"inLanguage\":\"fr-FR\",\"potentialAction\":[{\"@type\":\"ReadAction\",\"target\":[\"https:\\\/\\\/t-tresserras.com\\\/fr\\\/avis-juridique\\\/\"]}]},{\"@type\":\"BreadcrumbList\",\"@id\":\"https:\\\/\\\/t-tresserras.com\\\/fr\\\/avis-juridique\\\/#breadcrumb\",\"itemListElement\":[{\"@type\":\"ListItem\",\"position\":1,\"name\":\"Inici\",\"item\":\"https:\\\/\\\/t-tresserras.com\\\/fr\\\/home\\\/\"},{\"@type\":\"ListItem\",\"position\":2,\"name\":\"NOTICE L\u00c9GALE\"}]},{\"@type\":\"WebSite\",\"@id\":\"https:\\\/\\\/t-tresserras.com\\\/fr\\\/#website\",\"url\":\"https:\\\/\\\/t-tresserras.com\\\/fr\\\/\",\"name\":\"Transports Tresserras\",\"description\":\"Altre lloc gestionat amb el WordPress\",\"publisher\":{\"@id\":\"https:\\\/\\\/t-tresserras.com\\\/fr\\\/#organization\"},\"potentialAction\":[{\"@type\":\"SearchAction\",\"target\":{\"@type\":\"EntryPoint\",\"urlTemplate\":\"https:\\\/\\\/t-tresserras.com\\\/fr\\\/?s={search_term_string}\"},\"query-input\":{\"@type\":\"PropertyValueSpecification\",\"valueRequired\":true,\"valueName\":\"search_term_string\"}}],\"inLanguage\":\"fr-FR\"},{\"@type\":\"Organization\",\"@id\":\"https:\\\/\\\/t-tresserras.com\\\/fr\\\/#organization\",\"name\":\"Transportes Tresserras\",\"url\":\"https:\\\/\\\/t-tresserras.com\\\/fr\\\/\",\"logo\":{\"@type\":\"ImageObject\",\"inLanguage\":\"fr-FR\",\"@id\":\"https:\\\/\\\/t-tresserras.com\\\/fr\\\/#\\\/schema\\\/logo\\\/image\\\/\",\"url\":\"https:\\\/\\\/t-tresserras.com\\\/wp-content\\\/uploads\\\/2017\\\/07\\\/t-tresserras.jpg\",\"contentUrl\":\"https:\\\/\\\/t-tresserras.com\\\/wp-content\\\/uploads\\\/2017\\\/07\\\/t-tresserras.jpg\",\"width\":1144,\"height\":507,\"caption\":\"Transportes Tresserras\"},\"image\":{\"@id\":\"https:\\\/\\\/t-tresserras.com\\\/fr\\\/#\\\/schema\\\/logo\\\/image\\\/\"},\"sameAs\":[\"https:\\\/\\\/www.facebook.com\\\/pages\\\/Transports-Tresserras\",\"https:\\\/\\\/www.linkedin.com\\\/company\\\/transporte-t-tresserras\"]}]}<\/script>\n<!-- \/ Yoast SEO plugin. -->","yoast_head_json":{"title":"Transport International de marchandises sous temp\u00e9rature dirig\u00e9e | NOTICE L\u00c9GALE","description":"Transports Tresserras est un prestataire sp\u00e9cialis\u00e9 dans le transport international de marchandises sous temp\u00e9rature dirig\u00e9e. NOTICE L\u00c9GALE . Notice L\u00e9gale 1. OBJET ET CADRE D\u2019APPLICATION Les pr\u00e9sentes Conditions G\u00e9n\u00e9rales (\u00ab Conditions G\u00e9n\u00e9rales \u00bb) r\u00e9glementent l\u2019acc\u00e8s, la navigation et","robots":{"index":"index","follow":"follow","max-snippet":"max-snippet:-1","max-image-preview":"max-image-preview:large","max-video-preview":"max-video-preview:-1"},"canonical":"https:\/\/t-tresserras.com\/fr\/avis-juridique\/","og_locale":"fr_FR","og_type":"article","og_title":"Transport International de marchandises sous temp\u00e9rature dirig\u00e9e | NOTICE L\u00c9GALE","og_description":"Transports Tresserras est un prestataire sp\u00e9cialis\u00e9 dans le transport international de marchandises sous temp\u00e9rature dirig\u00e9e. NOTICE L\u00c9GALE . Notice L\u00e9gale 1. OBJET ET CADRE D\u2019APPLICATION Les pr\u00e9sentes Conditions G\u00e9n\u00e9rales (\u00ab Conditions G\u00e9n\u00e9rales \u00bb) r\u00e9glementent l\u2019acc\u00e8s, la navigation et","og_url":"https:\/\/t-tresserras.com\/fr\/avis-juridique\/","og_site_name":"Transports Tresserras","article_publisher":"https:\/\/www.facebook.com\/pages\/Transports-Tresserras","article_modified_time":"2022-05-12T08:01:04+00:00","og_image":[{"width":1239,"height":670,"url":"https:\/\/t-tresserras.com\/wp-content\/uploads\/2017\/10\/CAMIONS_2.jpg","type":"image\/jpeg"}],"twitter_card":"summary_large_image","twitter_misc":{"Dur\u00e9e de lecture estim\u00e9e":"2 minutes"},"schema":{"@context":"https:\/\/schema.org","@graph":[{"@type":"WebPage","@id":"https:\/\/t-tresserras.com\/fr\/avis-juridique\/","url":"https:\/\/t-tresserras.com\/fr\/avis-juridique\/","name":"Transport International de marchandises sous temp\u00e9rature dirig\u00e9e | NOTICE L\u00c9GALE","isPartOf":{"@id":"https:\/\/t-tresserras.com\/fr\/#website"},"datePublished":"2018-06-20T08:13:19+00:00","dateModified":"2022-05-12T08:01:04+00:00","description":"Transports Tresserras est un prestataire sp\u00e9cialis\u00e9 dans le transport international de marchandises sous temp\u00e9rature dirig\u00e9e. NOTICE L\u00c9GALE . Notice L\u00e9gale 1. OBJET ET CADRE D\u2019APPLICATION Les pr\u00e9sentes Conditions G\u00e9n\u00e9rales (\u00ab Conditions G\u00e9n\u00e9rales \u00bb) r\u00e9glementent l\u2019acc\u00e8s, la navigation et","breadcrumb":{"@id":"https:\/\/t-tresserras.com\/fr\/avis-juridique\/#breadcrumb"},"inLanguage":"fr-FR","potentialAction":[{"@type":"ReadAction","target":["https:\/\/t-tresserras.com\/fr\/avis-juridique\/"]}]},{"@type":"BreadcrumbList","@id":"https:\/\/t-tresserras.com\/fr\/avis-juridique\/#breadcrumb","itemListElement":[{"@type":"ListItem","position":1,"name":"Inici","item":"https:\/\/t-tresserras.com\/fr\/home\/"},{"@type":"ListItem","position":2,"name":"NOTICE L\u00c9GALE"}]},{"@type":"WebSite","@id":"https:\/\/t-tresserras.com\/fr\/#website","url":"https:\/\/t-tresserras.com\/fr\/","name":"Transports Tresserras","description":"Altre lloc gestionat amb el WordPress","publisher":{"@id":"https:\/\/t-tresserras.com\/fr\/#organization"},"potentialAction":[{"@type":"SearchAction","target":{"@type":"EntryPoint","urlTemplate":"https:\/\/t-tresserras.com\/fr\/?s={search_term_string}"},"query-input":{"@type":"PropertyValueSpecification","valueRequired":true,"valueName":"search_term_string"}}],"inLanguage":"fr-FR"},{"@type":"Organization","@id":"https:\/\/t-tresserras.com\/fr\/#organization","name":"Transportes Tresserras","url":"https:\/\/t-tresserras.com\/fr\/","logo":{"@type":"ImageObject","inLanguage":"fr-FR","@id":"https:\/\/t-tresserras.com\/fr\/#\/schema\/logo\/image\/","url":"https:\/\/t-tresserras.com\/wp-content\/uploads\/2017\/07\/t-tresserras.jpg","contentUrl":"https:\/\/t-tresserras.com\/wp-content\/uploads\/2017\/07\/t-tresserras.jpg","width":1144,"height":507,"caption":"Transportes Tresserras"},"image":{"@id":"https:\/\/t-tresserras.com\/fr\/#\/schema\/logo\/image\/"},"sameAs":["https:\/\/www.facebook.com\/pages\/Transports-Tresserras","https:\/\/www.linkedin.com\/company\/transporte-t-tresserras"]}]}},"_links":{"self":[{"href":"https:\/\/t-tresserras.com\/fr\/wp-json\/wp\/v2\/pages\/5443","targetHints":{"allow":["GET"]}}],"collection":[{"href":"https:\/\/t-tresserras.com\/fr\/wp-json\/wp\/v2\/pages"}],"about":[{"href":"https:\/\/t-tresserras.com\/fr\/wp-json\/wp\/v2\/types\/page"}],"author":[{"embeddable":true,"href":"https:\/\/t-tresserras.com\/fr\/wp-json\/wp\/v2\/users\/1"}],"replies":[{"embeddable":true,"href":"https:\/\/t-tresserras.com\/fr\/wp-json\/wp\/v2\/comments?post=5443"}],"version-history":[{"count":0,"href":"https:\/\/t-tresserras.com\/fr\/wp-json\/wp\/v2\/pages\/5443\/revisions"}],"wp:attachment":[{"href":"https:\/\/t-tresserras.com\/fr\/wp-json\/wp\/v2\/media?parent=5443"}],"curies":[{"name":"wp","href":"https:\/\/api.w.org\/{rel}","templated":true}]}}