{"id":5441,"date":"2018-06-20T09:12:33","date_gmt":"2018-06-20T08:12:33","guid":{"rendered":"http:\/\/www.t-tresserras.com\/politique-de-confidentialite\/"},"modified":"2018-07-02T13:29:27","modified_gmt":"2018-07-02T12:29:27","slug":"politique-de-confidentialite","status":"publish","type":"page","link":"https:\/\/t-tresserras.com\/fr\/politique-de-confidentialite\/","title":{"rendered":"POLITIQUE DE CONFIDENTIALIT\u00c9 DE DONN\u00c9ES"},"content":{"rendered":"<h2>Politique de Confidentialit\u00e9 de Donn\u00e9es<\/h2>\n<p>TRANSPORTS TRESSERRAS, S.A. se r\u00e9serve le droit d\u2019inclure dans un fichier de donn\u00e9es \u00e0 caract\u00e8re personnel cr\u00e9\u00e9 sous notre responsabilit\u00e9 les donn\u00e9es que vous nous fournissez volontairement (par exemple \u00e0 travers le courrier \u00e9lectronique ou les formulaires mis \u00e0 votre disposition sur le pr\u00e9sent site Internet) afin de pouvoir g\u00e9rer vos demandes et\/ou consultations. Vous pourrez exercer les droits d\u2019acc\u00e8s, rectification, annulation et opposition en adressant \u00e0 cet effet un \u00e9crit (en joignant la copie d\u2019un document officiel vous identifiant) \u00e0 TRANSPORTS TRESSERRAS, S.A. (C\/ Industria, 1- 17813 LA VALL DE BIANYA (G\u00e9rone), en indiquant sur l\u2019enveloppe ou dans l\u2019objet du message la r\u00e9f\u00e9rence : \u00ab Politique de confidentialit\u00e9 de donn\u00e9es \u00bb.<\/p>\n<p>TRANSPORTS TRESSERRAS, S.A. s\u2019engage \u00e0 respecter l\u2019obligation de secret des donn\u00e9es \u00e0 caract\u00e8re personnel que vous nous fournissez, \u00e0 les traiter de mani\u00e8re confidentielle et \u00e0 les conserver en adoptant les mesures n\u00e9cessaires pour \u00e9viter leur alt\u00e9ration, perte, traitement ou acc\u00e8s non autoris\u00e9s, en tenant compte \u00e0 tout moment de l\u2019\u00e9tat de la technologie.<\/p>\n<p>Il n\u2019existe aucun hyperlien sur notre site Internet permettant la communication de vos donn\u00e9es \u00e0 d\u2019autres sites Internet. En outre, vos donn\u00e9es ne seront pas segment\u00e9es et nous n\u2019utiliserons pas de m\u00e9thodes invisibles de donn\u00e9es personnelles.<\/p>\n<p>Il est possible que notre site Internet contienne des formulaires dans lesquels sont collect\u00e9es vos donn\u00e9es \u00e0 des fins concr\u00e8tes. Dans ces circonstances, les conditions sp\u00e9cifiques applicables \u00e0 chaque cas seront observ\u00e9es.<\/p>\n","protected":false},"excerpt":{"rendered":"<p>Politique de Confidentialit\u00e9 de Donn\u00e9es TRANSPORTS TRESSERRAS, S.A. se r\u00e9serve le droit d\u2019inclure dans un fichier de donn\u00e9es \u00e0 caract\u00e8re personnel cr\u00e9\u00e9 sous notre responsabilit\u00e9 les donn\u00e9es que vous nous fournissez volontairement (par exemple \u00e0 travers le courrier \u00e9lectronique ou les formulaires mis \u00e0 votre disposition sur le pr\u00e9sent site Internet) afin de pouvoir g\u00e9rer [&hellip;]<\/p>\n","protected":false},"author":1,"featured_media":0,"parent":0,"menu_order":0,"comment_status":"closed","ping_status":"closed","template":"","meta":{"footnotes":""},"class_list":["post-5441","page","type-page","status-publish","hentry"],"yoast_head":"<!-- This site is optimized with the Yoast SEO plugin v27.3 - https:\/\/yoast.com\/product\/yoast-seo-wordpress\/ -->\n<title>Transport International de marchandises sous temp\u00e9rature dirig\u00e9e | POLITIQUE DE CONFIDENTIALIT\u00c9 DE DONN\u00c9ES<\/title>\n<meta name=\"description\" content=\"Transports Tresserras est un prestataire sp\u00e9cialis\u00e9 dans le transport international de marchandises sous temp\u00e9rature dirig\u00e9e. POLITIQUE DE CONFIDENTIALIT\u00c9 DE DONN\u00c9ES . Politique de Confidentialit\u00e9 de Donn\u00e9es TRANSPORTS TRESSERRAS, S.A. se r\u00e9serve le droit d\u2019inclure dans un fichier de donn\u00e9es \u00e0 caract\u00e8re personnel cr\u00e9\u00e9\" \/>\n<meta name=\"robots\" content=\"index, follow, max-snippet:-1, max-image-preview:large, max-video-preview:-1\" \/>\n<link rel=\"canonical\" href=\"https:\/\/t-tresserras.com\/fr\/politique-de-confidentialite\/\" \/>\n<meta property=\"og:locale\" content=\"fr_FR\" \/>\n<meta property=\"og:type\" content=\"article\" \/>\n<meta property=\"og:title\" content=\"Transport International de marchandises sous temp\u00e9rature dirig\u00e9e | POLITIQUE DE CONFIDENTIALIT\u00c9 DE DONN\u00c9ES\" \/>\n<meta property=\"og:description\" content=\"Transports Tresserras est un prestataire sp\u00e9cialis\u00e9 dans le transport international de marchandises sous temp\u00e9rature dirig\u00e9e. POLITIQUE DE CONFIDENTIALIT\u00c9 DE DONN\u00c9ES . Politique de Confidentialit\u00e9 de Donn\u00e9es TRANSPORTS TRESSERRAS, S.A. se r\u00e9serve le droit d\u2019inclure dans un fichier de donn\u00e9es \u00e0 caract\u00e8re personnel cr\u00e9\u00e9\" \/>\n<meta property=\"og:url\" content=\"https:\/\/t-tresserras.com\/fr\/politique-de-confidentialite\/\" \/>\n<meta property=\"og:site_name\" content=\"Transports Tresserras\" \/>\n<meta property=\"article:publisher\" content=\"https:\/\/www.facebook.com\/pages\/Transports-Tresserras\" \/>\n<meta property=\"article:modified_time\" content=\"2018-07-02T12:29:27+00:00\" \/>\n<meta property=\"og:image\" content=\"https:\/\/t-tresserras.com\/wp-content\/uploads\/2017\/10\/CAMIONS_2.jpg\" \/>\n\t<meta property=\"og:image:width\" content=\"1239\" \/>\n\t<meta property=\"og:image:height\" content=\"670\" \/>\n\t<meta property=\"og:image:type\" content=\"image\/jpeg\" \/>\n<meta name=\"twitter:card\" content=\"summary_large_image\" \/>\n<meta name=\"twitter:label1\" content=\"Dur\u00e9e de lecture estim\u00e9e\" \/>\n\t<meta name=\"twitter:data1\" content=\"1 minute\" \/>\n<script type=\"application\/ld+json\" class=\"yoast-schema-graph\">{\"@context\":\"https:\\\/\\\/schema.org\",\"@graph\":[{\"@type\":\"WebPage\",\"@id\":\"https:\\\/\\\/t-tresserras.com\\\/fr\\\/politique-de-confidentialite\\\/\",\"url\":\"https:\\\/\\\/t-tresserras.com\\\/fr\\\/politique-de-confidentialite\\\/\",\"name\":\"Transport International de marchandises sous temp\u00e9rature dirig\u00e9e | POLITIQUE DE CONFIDENTIALIT\u00c9 DE DONN\u00c9ES\",\"isPartOf\":{\"@id\":\"https:\\\/\\\/t-tresserras.com\\\/fr\\\/#website\"},\"datePublished\":\"2018-06-20T08:12:33+00:00\",\"dateModified\":\"2018-07-02T12:29:27+00:00\",\"description\":\"Transports Tresserras est un prestataire sp\u00e9cialis\u00e9 dans le transport international de marchandises sous temp\u00e9rature dirig\u00e9e. POLITIQUE DE CONFIDENTIALIT\u00c9 DE DONN\u00c9ES . Politique de Confidentialit\u00e9 de Donn\u00e9es TRANSPORTS TRESSERRAS, S.A. se r\u00e9serve le droit d\u2019inclure dans un fichier de donn\u00e9es \u00e0 caract\u00e8re personnel cr\u00e9\u00e9\",\"breadcrumb\":{\"@id\":\"https:\\\/\\\/t-tresserras.com\\\/fr\\\/politique-de-confidentialite\\\/#breadcrumb\"},\"inLanguage\":\"fr-FR\",\"potentialAction\":[{\"@type\":\"ReadAction\",\"target\":[\"https:\\\/\\\/t-tresserras.com\\\/fr\\\/politique-de-confidentialite\\\/\"]}]},{\"@type\":\"BreadcrumbList\",\"@id\":\"https:\\\/\\\/t-tresserras.com\\\/fr\\\/politique-de-confidentialite\\\/#breadcrumb\",\"itemListElement\":[{\"@type\":\"ListItem\",\"position\":1,\"name\":\"Inici\",\"item\":\"https:\\\/\\\/t-tresserras.com\\\/fr\\\/home\\\/\"},{\"@type\":\"ListItem\",\"position\":2,\"name\":\"POLITIQUE DE CONFIDENTIALIT\u00c9 DE DONN\u00c9ES\"}]},{\"@type\":\"WebSite\",\"@id\":\"https:\\\/\\\/t-tresserras.com\\\/fr\\\/#website\",\"url\":\"https:\\\/\\\/t-tresserras.com\\\/fr\\\/\",\"name\":\"Transports Tresserras\",\"description\":\"Altre lloc gestionat amb el WordPress\",\"publisher\":{\"@id\":\"https:\\\/\\\/t-tresserras.com\\\/fr\\\/#organization\"},\"potentialAction\":[{\"@type\":\"SearchAction\",\"target\":{\"@type\":\"EntryPoint\",\"urlTemplate\":\"https:\\\/\\\/t-tresserras.com\\\/fr\\\/?s={search_term_string}\"},\"query-input\":{\"@type\":\"PropertyValueSpecification\",\"valueRequired\":true,\"valueName\":\"search_term_string\"}}],\"inLanguage\":\"fr-FR\"},{\"@type\":\"Organization\",\"@id\":\"https:\\\/\\\/t-tresserras.com\\\/fr\\\/#organization\",\"name\":\"Transportes Tresserras\",\"url\":\"https:\\\/\\\/t-tresserras.com\\\/fr\\\/\",\"logo\":{\"@type\":\"ImageObject\",\"inLanguage\":\"fr-FR\",\"@id\":\"https:\\\/\\\/t-tresserras.com\\\/fr\\\/#\\\/schema\\\/logo\\\/image\\\/\",\"url\":\"https:\\\/\\\/t-tresserras.com\\\/wp-content\\\/uploads\\\/2017\\\/07\\\/t-tresserras.jpg\",\"contentUrl\":\"https:\\\/\\\/t-tresserras.com\\\/wp-content\\\/uploads\\\/2017\\\/07\\\/t-tresserras.jpg\",\"width\":1144,\"height\":507,\"caption\":\"Transportes Tresserras\"},\"image\":{\"@id\":\"https:\\\/\\\/t-tresserras.com\\\/fr\\\/#\\\/schema\\\/logo\\\/image\\\/\"},\"sameAs\":[\"https:\\\/\\\/www.facebook.com\\\/pages\\\/Transports-Tresserras\",\"https:\\\/\\\/www.linkedin.com\\\/company\\\/transporte-t-tresserras\"]}]}<\/script>\n<!-- \/ Yoast SEO plugin. -->","yoast_head_json":{"title":"Transport International de marchandises sous temp\u00e9rature dirig\u00e9e | POLITIQUE DE CONFIDENTIALIT\u00c9 DE DONN\u00c9ES","description":"Transports Tresserras est un prestataire sp\u00e9cialis\u00e9 dans le transport international de marchandises sous temp\u00e9rature dirig\u00e9e. POLITIQUE DE CONFIDENTIALIT\u00c9 DE DONN\u00c9ES . Politique de Confidentialit\u00e9 de Donn\u00e9es TRANSPORTS TRESSERRAS, S.A. se r\u00e9serve le droit d\u2019inclure dans un fichier de donn\u00e9es \u00e0 caract\u00e8re personnel cr\u00e9\u00e9","robots":{"index":"index","follow":"follow","max-snippet":"max-snippet:-1","max-image-preview":"max-image-preview:large","max-video-preview":"max-video-preview:-1"},"canonical":"https:\/\/t-tresserras.com\/fr\/politique-de-confidentialite\/","og_locale":"fr_FR","og_type":"article","og_title":"Transport International de marchandises sous temp\u00e9rature dirig\u00e9e | POLITIQUE DE CONFIDENTIALIT\u00c9 DE DONN\u00c9ES","og_description":"Transports Tresserras est un prestataire sp\u00e9cialis\u00e9 dans le transport international de marchandises sous temp\u00e9rature dirig\u00e9e. POLITIQUE DE CONFIDENTIALIT\u00c9 DE DONN\u00c9ES . Politique de Confidentialit\u00e9 de Donn\u00e9es TRANSPORTS TRESSERRAS, S.A. se r\u00e9serve le droit d\u2019inclure dans un fichier de donn\u00e9es \u00e0 caract\u00e8re personnel cr\u00e9\u00e9","og_url":"https:\/\/t-tresserras.com\/fr\/politique-de-confidentialite\/","og_site_name":"Transports Tresserras","article_publisher":"https:\/\/www.facebook.com\/pages\/Transports-Tresserras","article_modified_time":"2018-07-02T12:29:27+00:00","og_image":[{"width":1239,"height":670,"url":"https:\/\/t-tresserras.com\/wp-content\/uploads\/2017\/10\/CAMIONS_2.jpg","type":"image\/jpeg"}],"twitter_card":"summary_large_image","twitter_misc":{"Dur\u00e9e de lecture estim\u00e9e":"1 minute"},"schema":{"@context":"https:\/\/schema.org","@graph":[{"@type":"WebPage","@id":"https:\/\/t-tresserras.com\/fr\/politique-de-confidentialite\/","url":"https:\/\/t-tresserras.com\/fr\/politique-de-confidentialite\/","name":"Transport International de marchandises sous temp\u00e9rature dirig\u00e9e | POLITIQUE DE CONFIDENTIALIT\u00c9 DE DONN\u00c9ES","isPartOf":{"@id":"https:\/\/t-tresserras.com\/fr\/#website"},"datePublished":"2018-06-20T08:12:33+00:00","dateModified":"2018-07-02T12:29:27+00:00","description":"Transports Tresserras est un prestataire sp\u00e9cialis\u00e9 dans le transport international de marchandises sous temp\u00e9rature dirig\u00e9e. POLITIQUE DE CONFIDENTIALIT\u00c9 DE DONN\u00c9ES . Politique de Confidentialit\u00e9 de Donn\u00e9es TRANSPORTS TRESSERRAS, S.A. se r\u00e9serve le droit d\u2019inclure dans un fichier de donn\u00e9es \u00e0 caract\u00e8re personnel cr\u00e9\u00e9","breadcrumb":{"@id":"https:\/\/t-tresserras.com\/fr\/politique-de-confidentialite\/#breadcrumb"},"inLanguage":"fr-FR","potentialAction":[{"@type":"ReadAction","target":["https:\/\/t-tresserras.com\/fr\/politique-de-confidentialite\/"]}]},{"@type":"BreadcrumbList","@id":"https:\/\/t-tresserras.com\/fr\/politique-de-confidentialite\/#breadcrumb","itemListElement":[{"@type":"ListItem","position":1,"name":"Inici","item":"https:\/\/t-tresserras.com\/fr\/home\/"},{"@type":"ListItem","position":2,"name":"POLITIQUE DE CONFIDENTIALIT\u00c9 DE DONN\u00c9ES"}]},{"@type":"WebSite","@id":"https:\/\/t-tresserras.com\/fr\/#website","url":"https:\/\/t-tresserras.com\/fr\/","name":"Transports Tresserras","description":"Altre lloc gestionat amb el WordPress","publisher":{"@id":"https:\/\/t-tresserras.com\/fr\/#organization"},"potentialAction":[{"@type":"SearchAction","target":{"@type":"EntryPoint","urlTemplate":"https:\/\/t-tresserras.com\/fr\/?s={search_term_string}"},"query-input":{"@type":"PropertyValueSpecification","valueRequired":true,"valueName":"search_term_string"}}],"inLanguage":"fr-FR"},{"@type":"Organization","@id":"https:\/\/t-tresserras.com\/fr\/#organization","name":"Transportes Tresserras","url":"https:\/\/t-tresserras.com\/fr\/","logo":{"@type":"ImageObject","inLanguage":"fr-FR","@id":"https:\/\/t-tresserras.com\/fr\/#\/schema\/logo\/image\/","url":"https:\/\/t-tresserras.com\/wp-content\/uploads\/2017\/07\/t-tresserras.jpg","contentUrl":"https:\/\/t-tresserras.com\/wp-content\/uploads\/2017\/07\/t-tresserras.jpg","width":1144,"height":507,"caption":"Transportes Tresserras"},"image":{"@id":"https:\/\/t-tresserras.com\/fr\/#\/schema\/logo\/image\/"},"sameAs":["https:\/\/www.facebook.com\/pages\/Transports-Tresserras","https:\/\/www.linkedin.com\/company\/transporte-t-tresserras"]}]}},"_links":{"self":[{"href":"https:\/\/t-tresserras.com\/fr\/wp-json\/wp\/v2\/pages\/5441","targetHints":{"allow":["GET"]}}],"collection":[{"href":"https:\/\/t-tresserras.com\/fr\/wp-json\/wp\/v2\/pages"}],"about":[{"href":"https:\/\/t-tresserras.com\/fr\/wp-json\/wp\/v2\/types\/page"}],"author":[{"embeddable":true,"href":"https:\/\/t-tresserras.com\/fr\/wp-json\/wp\/v2\/users\/1"}],"replies":[{"embeddable":true,"href":"https:\/\/t-tresserras.com\/fr\/wp-json\/wp\/v2\/comments?post=5441"}],"version-history":[{"count":0,"href":"https:\/\/t-tresserras.com\/fr\/wp-json\/wp\/v2\/pages\/5441\/revisions"}],"wp:attachment":[{"href":"https:\/\/t-tresserras.com\/fr\/wp-json\/wp\/v2\/media?parent=5441"}],"curies":[{"name":"wp","href":"https:\/\/api.w.org\/{rel}","templated":true}]}}