{"id":5439,"date":"2018-06-20T09:11:25","date_gmt":"2018-06-20T08:11:25","guid":{"rendered":"http:\/\/www.t-tresserras.com\/politique-de-cookies\/"},"modified":"2018-07-03T09:45:51","modified_gmt":"2018-07-03T08:45:51","slug":"politique-de-cookies","status":"publish","type":"page","link":"https:\/\/t-tresserras.com\/fr\/politique-de-cookies\/","title":{"rendered":"Politique de cookies"},"content":{"rendered":"<h1>Politique de cookies<\/h1>\n<p>Une <em>cookie<\/em> est un petit fichier de texte qui est gard\u00e9 dans votre navigateur quand vous visitez des sites Internet. Son utilit\u00e9 est que le site Internet soit capable de se souvenir de votre visite quand vous surferez \u00e0 nouveau sur ce site. Les <\/em>cookies enregistrent des informations techniques, des pr\u00e9f\u00e9rences personnelles, la personnalisation des contenus, statistiques d&rsquo;usage, liens \u00e0 des r\u00e9seaux sociaux, acc\u00e8s aux comptes utilisateur, etc. L&rsquo;objectif des <\/em>cookies<\/em> est celui d&rsquo;adapter le contenu du site Internet \u00e0 votre profil et \u00e0 vos besoins, sans <\/em>cookies<\/em> les services offerts par n&rsquo;importe quelle site Internet seraient r\u00e9duits notablement. Si vous d\u00e9sirez consulter plus d&rsquo;information sur ce que les <em>cookies<\/em> sont, ce qu&rsquo;elles rassemblent, comment les \u00e9liminer, les d\u00e9sactiver, etc., <a href=\"https:\/\/t-tresserras.com\/fr\/plus-dinformations-sur-les-cookies\/\">merci de cliquer ce lien.<\/a><\/p>\n<h2>Cookies utilis\u00e9s dans ce site Internet<\/h2>\n<p>En suivant les consignes de l&rsquo;Agencia Espa\u00f1ola de Protecci\u00f3n de Datos (Agence Espagnole de Protection des Donn\u00e9es) nous proc\u00e9dons \u00e0 d\u00e9tailler l\u00b4usage des <em>cookies<\/em> que ce site Internet utilise \u00e0 fin de vous informer le plus largement possible.<\/p>\n<p>Ce site Internet utilise les suivantes <strong style=\"color:#007c59;\">cookies propres :<\/strong><\/p>\n<ul>\n<li>Des cookies de session \u00e0 fin de garantir que les utilisateurs qui \u00e9crivent des commentaires au blog soient des \u00eatres humains et non des applications automatis\u00e9es. De cette fa\u00e7on on peut combattre le <em>spam.<\/em><\/li>\n<\/ul>\n<p>Ce site utilise aussi les suivantes <strong style=\"color:#007c59;\">cookies des tiers :<\/strong><\/p>\n<ul>\n<li>Google Analytics : Enregistre des <em>cookies<\/em> \u00e0 fin de pouvoir \u00e9laborer des statistiques sur le trafic et volume des visites sur ce site Internet. En utilisant ce site Internet vous acceptez le traitement d&rsquo;information sur vous par Google. De cette fa\u00e7on, la pratique de vos droits devra \u00eatre communiqu\u00e9s directement chez Google.<\/li>\n<li>R\u00e9seaux sociaux : Chaque r\u00e9seau social utilise ses propres cookies pour que vous puissiez cliquer sur des boutons du genre <em>J\u2019aime<\/em> ou <\/em>Partager.<\/em><\/li>\n<\/ul>\n<h2>D\u00e9sactivation ou \u00e9limination des cookies<\/h2>\n<p>Vous pourrez exercer \u00e0 tout moment votre droit de d\u00e9sactivation ou d\u2019\u00e9limination de cookies de ce site Internet. Ces actions sont r\u00e9alis\u00e9es de mani\u00e8re diff\u00e9rente en fonction du navigateur utilis\u00e9. <a href=\"https:\/\/t-tresserras.com\/fr\/plus-dinformations-sur-les-cookies\/#navegadores\">Vous trouverez ci-apr\u00e8s un guide rapide pour les navigateurs les plus populaires.<\/a><\/p>\n<h2>Notes suppl\u00e9mentaires<\/h2>\n<ul>\n<li>Ni ce site Internet ni ses repr\u00e9sentants l\u00e9gaux ne sont responsables du contenu et de la v\u00e9racit\u00e9 des politiques de confidentialit\u00e9 que peuvent avoir les tiers mentionn\u00e9s dans cette <em>politique de cookies.<\/em><\/li>\n<li>Les navigateurs Web sont les outils charg\u00e9s de stocker les <em>cookies<\/em> et de l\u00e0 vous devez effectuer votre droit \u00e0 leur \u00e9limination ou d\u00e9sactivation. Ni ce site Internet ni ses repr\u00e9sentants l\u00e9gaux ne peuvent garantir la correcte ou incorrecte manipulation des <em>cookies<\/em> de la part desdits navigateurs.<\/li>\n<li>Dans certains cas, il faut installer des <em>cookies<\/em> pour que le navigateur m\u00e9morise votre d\u00e9cision de leur non acceptation.<\/li>\n<li>Dans le cas des cookies de Google Analytics, cette entreprise stocke les cookies dans des serveurs situ\u00e9s aux \u00c9tats-Unis et s\u2019engage \u00e0 ne pas partager l\u2019information avec des tiers, \u00e0 l\u2019exception des cas dans lesquels cela est n\u00e9cessaire pour le fonctionnement du syst\u00e8me ou quand la loi oblige \u00e0 cet effet. Selon Google, elle ne garde pas votre adresse IP. Google Inc. est une entreprise ayant adh\u00e9r\u00e9 \u00e0 l\u2019Accord de Port S\u00fbr qui garantit que toutes les donn\u00e9es transf\u00e9r\u00e9es seront trait\u00e9es avec un niveau de protection en accord avec la r\u00e9glementation europ\u00e9enne. Vous pouvez consulter des informations d\u00e9taill\u00e9es concernant ce th\u00e8me <a href=\"http:\/\/safeharbor.export.gov\/companyinfo.aspx?id=16626\" target=\"_blank\" rel=\"noopener\">en suivant ce lien.<\/a> SSi vous souhaitez des informations sur l\u2019emploi que Google fait des cookies, <a href=\"https:\/\/developers.google.com\/analytics\/devguides\/collection\/analyticsjs\/cookie-usage?hl=es&amp;csw=1\" target=\"_blank\" rel=\"noopener\">cliquez sur cet autre lien.<\/a><\/li>\n<li>Pour tout doute ou consultation sur cette <em>politique de cookies<\/em>, veuillez nous contacter \u00e0 travers la section de contact.<\/li>\n<\/ul>\n<p>&nbsp;<\/p>\n","protected":false},"excerpt":{"rendered":"<p>Politique de cookies Une cookie est un petit fichier de texte qui est gard\u00e9 dans votre navigateur quand vous visitez des sites Internet. Son utilit\u00e9 est que le site Internet soit capable de se souvenir de votre visite quand vous surferez \u00e0 nouveau sur ce site. Les cookies enregistrent des informations techniques, des pr\u00e9f\u00e9rences personnelles, [&hellip;]<\/p>\n","protected":false},"author":1,"featured_media":0,"parent":0,"menu_order":10,"comment_status":"closed","ping_status":"closed","template":"","meta":{"footnotes":""},"class_list":["post-5439","page","type-page","status-publish","hentry"],"yoast_head":"<!-- This site is optimized with the Yoast SEO plugin v27.4 - https:\/\/yoast.com\/product\/yoast-seo-wordpress\/ -->\n<title>Transport International de marchandises sous temp\u00e9rature dirig\u00e9e | Politique de cookies<\/title>\n<meta name=\"description\" content=\"Transports Tresserras est un prestataire sp\u00e9cialis\u00e9 dans le transport international de marchandises sous temp\u00e9rature dirig\u00e9e. Politique de cookies . Politique de cookies Une cookie est un petit fichier de texte qui est gard\u00e9 dans votre navigateur quand vous visitez des sites Internet. Son utilit\u00e9 est\" \/>\n<meta name=\"robots\" content=\"index, follow, max-snippet:-1, max-image-preview:large, max-video-preview:-1\" \/>\n<link rel=\"canonical\" href=\"https:\/\/t-tresserras.com\/fr\/politique-de-cookies\/\" \/>\n<meta property=\"og:locale\" content=\"fr_FR\" \/>\n<meta property=\"og:type\" content=\"article\" \/>\n<meta property=\"og:title\" content=\"Transport International de marchandises sous temp\u00e9rature dirig\u00e9e | Politique de cookies\" \/>\n<meta property=\"og:description\" content=\"Transports Tresserras est un prestataire sp\u00e9cialis\u00e9 dans le transport international de marchandises sous temp\u00e9rature dirig\u00e9e. Politique de cookies . Politique de cookies Une cookie est un petit fichier de texte qui est gard\u00e9 dans votre navigateur quand vous visitez des sites Internet. Son utilit\u00e9 est\" \/>\n<meta property=\"og:url\" content=\"https:\/\/t-tresserras.com\/fr\/politique-de-cookies\/\" \/>\n<meta property=\"og:site_name\" content=\"Transports Tresserras\" \/>\n<meta property=\"article:publisher\" content=\"https:\/\/www.facebook.com\/pages\/Transports-Tresserras\" \/>\n<meta property=\"article:modified_time\" content=\"2018-07-03T08:45:51+00:00\" \/>\n<meta property=\"og:image\" content=\"https:\/\/t-tresserras.com\/wp-content\/uploads\/2017\/10\/CAMIONS_2.jpg\" \/>\n\t<meta property=\"og:image:width\" content=\"1239\" \/>\n\t<meta property=\"og:image:height\" content=\"670\" \/>\n\t<meta property=\"og:image:type\" content=\"image\/jpeg\" \/>\n<meta name=\"twitter:card\" content=\"summary_large_image\" \/>\n<meta name=\"twitter:label1\" content=\"Dur\u00e9e de lecture estim\u00e9e\" \/>\n\t<meta name=\"twitter:data1\" content=\"3 minutes\" \/>\n<script type=\"application\/ld+json\" class=\"yoast-schema-graph\">{\"@context\":\"https:\\\/\\\/schema.org\",\"@graph\":[{\"@type\":\"WebPage\",\"@id\":\"https:\\\/\\\/t-tresserras.com\\\/fr\\\/politique-de-cookies\\\/\",\"url\":\"https:\\\/\\\/t-tresserras.com\\\/fr\\\/politique-de-cookies\\\/\",\"name\":\"Transport International de marchandises sous temp\u00e9rature dirig\u00e9e | Politique de cookies\",\"isPartOf\":{\"@id\":\"https:\\\/\\\/t-tresserras.com\\\/fr\\\/#website\"},\"datePublished\":\"2018-06-20T08:11:25+00:00\",\"dateModified\":\"2018-07-03T08:45:51+00:00\",\"description\":\"Transports Tresserras est un prestataire sp\u00e9cialis\u00e9 dans le transport international de marchandises sous temp\u00e9rature dirig\u00e9e. Politique de cookies . Politique de cookies Une cookie est un petit fichier de texte qui est gard\u00e9 dans votre navigateur quand vous visitez des sites Internet. Son utilit\u00e9 est\",\"breadcrumb\":{\"@id\":\"https:\\\/\\\/t-tresserras.com\\\/fr\\\/politique-de-cookies\\\/#breadcrumb\"},\"inLanguage\":\"fr-FR\",\"potentialAction\":[{\"@type\":\"ReadAction\",\"target\":[\"https:\\\/\\\/t-tresserras.com\\\/fr\\\/politique-de-cookies\\\/\"]}]},{\"@type\":\"BreadcrumbList\",\"@id\":\"https:\\\/\\\/t-tresserras.com\\\/fr\\\/politique-de-cookies\\\/#breadcrumb\",\"itemListElement\":[{\"@type\":\"ListItem\",\"position\":1,\"name\":\"Inici\",\"item\":\"https:\\\/\\\/t-tresserras.com\\\/fr\\\/home\\\/\"},{\"@type\":\"ListItem\",\"position\":2,\"name\":\"Politique de cookies\"}]},{\"@type\":\"WebSite\",\"@id\":\"https:\\\/\\\/t-tresserras.com\\\/fr\\\/#website\",\"url\":\"https:\\\/\\\/t-tresserras.com\\\/fr\\\/\",\"name\":\"Transports Tresserras\",\"description\":\"Altre lloc gestionat amb el WordPress\",\"publisher\":{\"@id\":\"https:\\\/\\\/t-tresserras.com\\\/fr\\\/#organization\"},\"potentialAction\":[{\"@type\":\"SearchAction\",\"target\":{\"@type\":\"EntryPoint\",\"urlTemplate\":\"https:\\\/\\\/t-tresserras.com\\\/fr\\\/?s={search_term_string}\"},\"query-input\":{\"@type\":\"PropertyValueSpecification\",\"valueRequired\":true,\"valueName\":\"search_term_string\"}}],\"inLanguage\":\"fr-FR\"},{\"@type\":\"Organization\",\"@id\":\"https:\\\/\\\/t-tresserras.com\\\/fr\\\/#organization\",\"name\":\"Transportes Tresserras\",\"url\":\"https:\\\/\\\/t-tresserras.com\\\/fr\\\/\",\"logo\":{\"@type\":\"ImageObject\",\"inLanguage\":\"fr-FR\",\"@id\":\"https:\\\/\\\/t-tresserras.com\\\/fr\\\/#\\\/schema\\\/logo\\\/image\\\/\",\"url\":\"https:\\\/\\\/t-tresserras.com\\\/wp-content\\\/uploads\\\/2017\\\/07\\\/t-tresserras.jpg\",\"contentUrl\":\"https:\\\/\\\/t-tresserras.com\\\/wp-content\\\/uploads\\\/2017\\\/07\\\/t-tresserras.jpg\",\"width\":1144,\"height\":507,\"caption\":\"Transportes Tresserras\"},\"image\":{\"@id\":\"https:\\\/\\\/t-tresserras.com\\\/fr\\\/#\\\/schema\\\/logo\\\/image\\\/\"},\"sameAs\":[\"https:\\\/\\\/www.facebook.com\\\/pages\\\/Transports-Tresserras\",\"https:\\\/\\\/www.linkedin.com\\\/company\\\/transporte-t-tresserras\"]}]}<\/script>\n<!-- \/ Yoast SEO plugin. -->","yoast_head_json":{"title":"Transport International de marchandises sous temp\u00e9rature dirig\u00e9e | Politique de cookies","description":"Transports Tresserras est un prestataire sp\u00e9cialis\u00e9 dans le transport international de marchandises sous temp\u00e9rature dirig\u00e9e. Politique de cookies . Politique de cookies Une cookie est un petit fichier de texte qui est gard\u00e9 dans votre navigateur quand vous visitez des sites Internet. Son utilit\u00e9 est","robots":{"index":"index","follow":"follow","max-snippet":"max-snippet:-1","max-image-preview":"max-image-preview:large","max-video-preview":"max-video-preview:-1"},"canonical":"https:\/\/t-tresserras.com\/fr\/politique-de-cookies\/","og_locale":"fr_FR","og_type":"article","og_title":"Transport International de marchandises sous temp\u00e9rature dirig\u00e9e | Politique de cookies","og_description":"Transports Tresserras est un prestataire sp\u00e9cialis\u00e9 dans le transport international de marchandises sous temp\u00e9rature dirig\u00e9e. Politique de cookies . Politique de cookies Une cookie est un petit fichier de texte qui est gard\u00e9 dans votre navigateur quand vous visitez des sites Internet. Son utilit\u00e9 est","og_url":"https:\/\/t-tresserras.com\/fr\/politique-de-cookies\/","og_site_name":"Transports Tresserras","article_publisher":"https:\/\/www.facebook.com\/pages\/Transports-Tresserras","article_modified_time":"2018-07-03T08:45:51+00:00","og_image":[{"width":1239,"height":670,"url":"https:\/\/t-tresserras.com\/wp-content\/uploads\/2017\/10\/CAMIONS_2.jpg","type":"image\/jpeg"}],"twitter_card":"summary_large_image","twitter_misc":{"Dur\u00e9e de lecture estim\u00e9e":"3 minutes"},"schema":{"@context":"https:\/\/schema.org","@graph":[{"@type":"WebPage","@id":"https:\/\/t-tresserras.com\/fr\/politique-de-cookies\/","url":"https:\/\/t-tresserras.com\/fr\/politique-de-cookies\/","name":"Transport International de marchandises sous temp\u00e9rature dirig\u00e9e | Politique de cookies","isPartOf":{"@id":"https:\/\/t-tresserras.com\/fr\/#website"},"datePublished":"2018-06-20T08:11:25+00:00","dateModified":"2018-07-03T08:45:51+00:00","description":"Transports Tresserras est un prestataire sp\u00e9cialis\u00e9 dans le transport international de marchandises sous temp\u00e9rature dirig\u00e9e. Politique de cookies . Politique de cookies Une cookie est un petit fichier de texte qui est gard\u00e9 dans votre navigateur quand vous visitez des sites Internet. Son utilit\u00e9 est","breadcrumb":{"@id":"https:\/\/t-tresserras.com\/fr\/politique-de-cookies\/#breadcrumb"},"inLanguage":"fr-FR","potentialAction":[{"@type":"ReadAction","target":["https:\/\/t-tresserras.com\/fr\/politique-de-cookies\/"]}]},{"@type":"BreadcrumbList","@id":"https:\/\/t-tresserras.com\/fr\/politique-de-cookies\/#breadcrumb","itemListElement":[{"@type":"ListItem","position":1,"name":"Inici","item":"https:\/\/t-tresserras.com\/fr\/home\/"},{"@type":"ListItem","position":2,"name":"Politique de cookies"}]},{"@type":"WebSite","@id":"https:\/\/t-tresserras.com\/fr\/#website","url":"https:\/\/t-tresserras.com\/fr\/","name":"Transports Tresserras","description":"Altre lloc gestionat amb el WordPress","publisher":{"@id":"https:\/\/t-tresserras.com\/fr\/#organization"},"potentialAction":[{"@type":"SearchAction","target":{"@type":"EntryPoint","urlTemplate":"https:\/\/t-tresserras.com\/fr\/?s={search_term_string}"},"query-input":{"@type":"PropertyValueSpecification","valueRequired":true,"valueName":"search_term_string"}}],"inLanguage":"fr-FR"},{"@type":"Organization","@id":"https:\/\/t-tresserras.com\/fr\/#organization","name":"Transportes Tresserras","url":"https:\/\/t-tresserras.com\/fr\/","logo":{"@type":"ImageObject","inLanguage":"fr-FR","@id":"https:\/\/t-tresserras.com\/fr\/#\/schema\/logo\/image\/","url":"https:\/\/t-tresserras.com\/wp-content\/uploads\/2017\/07\/t-tresserras.jpg","contentUrl":"https:\/\/t-tresserras.com\/wp-content\/uploads\/2017\/07\/t-tresserras.jpg","width":1144,"height":507,"caption":"Transportes Tresserras"},"image":{"@id":"https:\/\/t-tresserras.com\/fr\/#\/schema\/logo\/image\/"},"sameAs":["https:\/\/www.facebook.com\/pages\/Transports-Tresserras","https:\/\/www.linkedin.com\/company\/transporte-t-tresserras"]}]}},"_links":{"self":[{"href":"https:\/\/t-tresserras.com\/fr\/wp-json\/wp\/v2\/pages\/5439","targetHints":{"allow":["GET"]}}],"collection":[{"href":"https:\/\/t-tresserras.com\/fr\/wp-json\/wp\/v2\/pages"}],"about":[{"href":"https:\/\/t-tresserras.com\/fr\/wp-json\/wp\/v2\/types\/page"}],"author":[{"embeddable":true,"href":"https:\/\/t-tresserras.com\/fr\/wp-json\/wp\/v2\/users\/1"}],"replies":[{"embeddable":true,"href":"https:\/\/t-tresserras.com\/fr\/wp-json\/wp\/v2\/comments?post=5439"}],"version-history":[{"count":0,"href":"https:\/\/t-tresserras.com\/fr\/wp-json\/wp\/v2\/pages\/5439\/revisions"}],"wp:attachment":[{"href":"https:\/\/t-tresserras.com\/fr\/wp-json\/wp\/v2\/media?parent=5439"}],"curies":[{"name":"wp","href":"https:\/\/api.w.org\/{rel}","templated":true}]}}