{"id":4437,"date":"2018-04-25T11:16:46","date_gmt":"2018-04-25T10:16:46","guid":{"rendered":"http:\/\/www.t-tresserras.com\/tresserras-routes-de-suede\/"},"modified":"2018-04-25T11:16:47","modified_gmt":"2018-04-25T10:16:47","slug":"tresserras-routes-de-suede","status":"publish","type":"page","link":"https:\/\/t-tresserras.com\/fr\/tresserras-routes-de-suede\/","title":{"rendered":"Tresserras, routes de Su\u00e8de"},"content":{"rendered":"\n<style type=\"text\/css\" data-created_by=\"avia_inline_auto\" id=\"style-css-av-av_one_full-15d750bd1b332b34c6e70b077ebbccdf\">\n.flex_column.av-av_one_full-15d750bd1b332b34c6e70b077ebbccdf{\nborder-radius:0px 0px 0px 0px;\npadding:0px 0px 0px 0px;\n}\n<\/style>\n<div  class='flex_column av-av_one_full-15d750bd1b332b34c6e70b077ebbccdf av_one_full  avia-builder-el-0  el_before_av_one_full  avia-builder-el-first  first flex_column_div av-zero-column-padding  '     ><section  class='av_textblock_section av-av_textblock-2de302bf1aa3cf4c9157dbe6f50ac7eb '   itemscope=\"itemscope\" itemtype=\"https:\/\/schema.org\/CreativeWork\" ><div class='avia_textblock'  itemprop=\"text\" ><h1><strong style=\"color: #007e57;\">PAGE EN CONSTRUCTION<\/strong><\/h1>\n<\/div><\/section><\/div>\n\n<style type=\"text\/css\" data-created_by=\"avia_inline_auto\" id=\"style-css-av-av_one_full-15d750bd1b332b34c6e70b077ebbccdf\">\n.flex_column.av-av_one_full-15d750bd1b332b34c6e70b077ebbccdf{\nborder-radius:0px 0px 0px 0px;\npadding:0px 0px 0px 0px;\n}\n<\/style>\n<div  class='flex_column av-av_one_full-15d750bd1b332b34c6e70b077ebbccdf av_one_full  avia-builder-el-2  el_after_av_one_full  el_before_av_hr  first flex_column_div av-zero-column-padding  column-top-margin'     ><p>\n<style type=\"text\/css\" data-created_by=\"avia_inline_auto\" id=\"style-css-av-av_icon_box-56626be2d90a4db827454a27da15127f\">\n.iconbox.av-av_icon_box-56626be2d90a4db827454a27da15127f .iconbox_icon{\nbackground-color:#007e57;\ncolor:#ffffff;\n}\n.iconbox.av-av_icon_box-56626be2d90a4db827454a27da15127f .iconbox_icon.avia-svg-icon svg:first-child{\nfill:#ffffff;\nstroke:#ffffff;\n}\n#top #wrap_all .iconbox.av-av_icon_box-56626be2d90a4db827454a27da15127f .iconbox_content_title{\ncolor:#007e57;\n}\n.iconbox.av-av_icon_box-56626be2d90a4db827454a27da15127f .iconbox_content_container{\ncolor:#007e57;\n}\n<\/style>\n<article  class='iconbox iconbox_left av-av_icon_box-56626be2d90a4db827454a27da15127f av-icon-style-no-border  avia-builder-el-3  el_before_av_textblock  avia-builder-el-first '  itemscope=\"itemscope\" itemtype=\"https:\/\/schema.org\/CreativeWork\" ><div class=\"iconbox_content\"><header class=\"entry-content-header\" aria-label=\"Ic\u00f4ne : Consulter d\u2019autres routes\"><div class='iconbox_icon heading-color avia-iconfont avia-font-entypo-fontello' data-av_icon='\ue826' data-av_iconfont='entypo-fontello'  ><\/div><h3 class='iconbox_content_title '  itemprop=\"headline\" >Consulter d\u2019autres routes<\/h3><\/header><div class='iconbox_content_container av_inherit_color'  itemprop=\"text\" ><\/div><\/div><footer class=\"entry-footer\"><\/footer><\/article><br \/>\n<section  class='av_textblock_section av-av_textblock-2de302bf1aa3cf4c9157dbe6f50ac7eb '   itemscope=\"itemscope\" itemtype=\"https:\/\/schema.org\/CreativeWork\" ><div class='avia_textblock'  itemprop=\"text\" ><style>\r\n#chartdiv {\r\n  width: 100%;\r\n  height: 425px;\r\n}\r\n<\/style>\r\n<div id=\"chartdiv\"><\/div>\n<\/div><\/section><\/p><\/div>\n<style type=\"text\/css\" data-created_by=\"avia_inline_auto\" id=\"style-css-av-av_hr-4474f20d2389e2e5ecf918a02da5132e\">\n#top .hr.hr-invisible.av-av_hr-4474f20d2389e2e5ecf918a02da5132e{\nheight:50px;\n}\n<\/style>\n<div  class='hr av-av_hr-4474f20d2389e2e5ecf918a02da5132e hr-invisible  avia-builder-el-5  el_after_av_one_full  avia-builder-el-last '><span class='hr-inner '><span class=\"hr-inner-style\"><\/span><\/span><\/div><\/p>\n","protected":false},"excerpt":{"rendered":"","protected":false},"author":1,"featured_media":0,"parent":0,"menu_order":0,"comment_status":"closed","ping_status":"closed","template":"","meta":{"footnotes":""},"class_list":["post-4437","page","type-page","status-publish","hentry"],"yoast_head":"<!-- This site is optimized with the Yoast SEO plugin v27.3 - https:\/\/yoast.com\/product\/yoast-seo-wordpress\/ -->\n<title>Transport International de marchandises sous temp\u00e9rature dirig\u00e9e | Tresserras, routes de Su\u00e8de<\/title>\n<meta name=\"description\" content=\"Transports Tresserras est un prestataire sp\u00e9cialis\u00e9 dans le transport international de marchandises sous temp\u00e9rature dirig\u00e9e. Tresserras, routes de Su\u00e8de .\" \/>\n<meta name=\"robots\" content=\"index, follow, max-snippet:-1, max-image-preview:large, max-video-preview:-1\" \/>\n<link rel=\"canonical\" href=\"https:\/\/t-tresserras.com\/fr\/tresserras-routes-de-suede\/\" \/>\n<meta property=\"og:locale\" content=\"fr_FR\" \/>\n<meta property=\"og:type\" content=\"article\" \/>\n<meta property=\"og:title\" content=\"Transport International de marchandises sous temp\u00e9rature dirig\u00e9e | Tresserras, routes de Su\u00e8de\" \/>\n<meta property=\"og:description\" content=\"Transports Tresserras est un prestataire sp\u00e9cialis\u00e9 dans le transport international de marchandises sous temp\u00e9rature dirig\u00e9e. Tresserras, routes de Su\u00e8de .\" \/>\n<meta property=\"og:url\" content=\"https:\/\/t-tresserras.com\/fr\/tresserras-routes-de-suede\/\" \/>\n<meta property=\"og:site_name\" content=\"Transports Tresserras\" \/>\n<meta property=\"article:publisher\" content=\"https:\/\/www.facebook.com\/pages\/Transports-Tresserras\" \/>\n<meta property=\"article:modified_time\" content=\"2018-04-25T10:16:47+00:00\" \/>\n<meta property=\"og:image\" content=\"https:\/\/t-tresserras.com\/wp-content\/uploads\/2017\/10\/CAMIONS_2.jpg\" \/>\n\t<meta property=\"og:image:width\" content=\"1239\" \/>\n\t<meta property=\"og:image:height\" content=\"670\" \/>\n\t<meta property=\"og:image:type\" content=\"image\/jpeg\" \/>\n<meta name=\"twitter:card\" content=\"summary_large_image\" \/>\n<meta name=\"twitter:label1\" content=\"Dur\u00e9e de lecture estim\u00e9e\" \/>\n\t<meta name=\"twitter:data1\" content=\"1 minute\" \/>\n<script type=\"application\/ld+json\" class=\"yoast-schema-graph\">{\"@context\":\"https:\\\/\\\/schema.org\",\"@graph\":[{\"@type\":\"WebPage\",\"@id\":\"https:\\\/\\\/t-tresserras.com\\\/fr\\\/tresserras-routes-de-suede\\\/\",\"url\":\"https:\\\/\\\/t-tresserras.com\\\/fr\\\/tresserras-routes-de-suede\\\/\",\"name\":\"Transport International de marchandises sous temp\u00e9rature dirig\u00e9e | Tresserras, routes de Su\u00e8de\",\"isPartOf\":{\"@id\":\"https:\\\/\\\/t-tresserras.com\\\/fr\\\/#website\"},\"datePublished\":\"2018-04-25T10:16:46+00:00\",\"dateModified\":\"2018-04-25T10:16:47+00:00\",\"description\":\"Transports Tresserras est un prestataire sp\u00e9cialis\u00e9 dans le transport international de marchandises sous temp\u00e9rature dirig\u00e9e. Tresserras, routes de Su\u00e8de .\",\"breadcrumb\":{\"@id\":\"https:\\\/\\\/t-tresserras.com\\\/fr\\\/tresserras-routes-de-suede\\\/#breadcrumb\"},\"inLanguage\":\"fr-FR\",\"potentialAction\":[{\"@type\":\"ReadAction\",\"target\":[\"https:\\\/\\\/t-tresserras.com\\\/fr\\\/tresserras-routes-de-suede\\\/\"]}]},{\"@type\":\"BreadcrumbList\",\"@id\":\"https:\\\/\\\/t-tresserras.com\\\/fr\\\/tresserras-routes-de-suede\\\/#breadcrumb\",\"itemListElement\":[{\"@type\":\"ListItem\",\"position\":1,\"name\":\"Inici\",\"item\":\"https:\\\/\\\/t-tresserras.com\\\/fr\\\/home\\\/\"},{\"@type\":\"ListItem\",\"position\":2,\"name\":\"Tresserras, routes de Su\u00e8de\"}]},{\"@type\":\"WebSite\",\"@id\":\"https:\\\/\\\/t-tresserras.com\\\/fr\\\/#website\",\"url\":\"https:\\\/\\\/t-tresserras.com\\\/fr\\\/\",\"name\":\"Transports Tresserras\",\"description\":\"Altre lloc gestionat amb el WordPress\",\"publisher\":{\"@id\":\"https:\\\/\\\/t-tresserras.com\\\/fr\\\/#organization\"},\"potentialAction\":[{\"@type\":\"SearchAction\",\"target\":{\"@type\":\"EntryPoint\",\"urlTemplate\":\"https:\\\/\\\/t-tresserras.com\\\/fr\\\/?s={search_term_string}\"},\"query-input\":{\"@type\":\"PropertyValueSpecification\",\"valueRequired\":true,\"valueName\":\"search_term_string\"}}],\"inLanguage\":\"fr-FR\"},{\"@type\":\"Organization\",\"@id\":\"https:\\\/\\\/t-tresserras.com\\\/fr\\\/#organization\",\"name\":\"Transportes Tresserras\",\"url\":\"https:\\\/\\\/t-tresserras.com\\\/fr\\\/\",\"logo\":{\"@type\":\"ImageObject\",\"inLanguage\":\"fr-FR\",\"@id\":\"https:\\\/\\\/t-tresserras.com\\\/fr\\\/#\\\/schema\\\/logo\\\/image\\\/\",\"url\":\"https:\\\/\\\/t-tresserras.com\\\/wp-content\\\/uploads\\\/2017\\\/07\\\/t-tresserras.jpg\",\"contentUrl\":\"https:\\\/\\\/t-tresserras.com\\\/wp-content\\\/uploads\\\/2017\\\/07\\\/t-tresserras.jpg\",\"width\":1144,\"height\":507,\"caption\":\"Transportes Tresserras\"},\"image\":{\"@id\":\"https:\\\/\\\/t-tresserras.com\\\/fr\\\/#\\\/schema\\\/logo\\\/image\\\/\"},\"sameAs\":[\"https:\\\/\\\/www.facebook.com\\\/pages\\\/Transports-Tresserras\",\"https:\\\/\\\/www.linkedin.com\\\/company\\\/transporte-t-tresserras\"]}]}<\/script>\n<!-- \/ Yoast SEO plugin. -->","yoast_head_json":{"title":"Transport International de marchandises sous temp\u00e9rature dirig\u00e9e | Tresserras, routes de Su\u00e8de","description":"Transports Tresserras est un prestataire sp\u00e9cialis\u00e9 dans le transport international de marchandises sous temp\u00e9rature dirig\u00e9e. Tresserras, routes de Su\u00e8de .","robots":{"index":"index","follow":"follow","max-snippet":"max-snippet:-1","max-image-preview":"max-image-preview:large","max-video-preview":"max-video-preview:-1"},"canonical":"https:\/\/t-tresserras.com\/fr\/tresserras-routes-de-suede\/","og_locale":"fr_FR","og_type":"article","og_title":"Transport International de marchandises sous temp\u00e9rature dirig\u00e9e | Tresserras, routes de Su\u00e8de","og_description":"Transports Tresserras est un prestataire sp\u00e9cialis\u00e9 dans le transport international de marchandises sous temp\u00e9rature dirig\u00e9e. Tresserras, routes de Su\u00e8de .","og_url":"https:\/\/t-tresserras.com\/fr\/tresserras-routes-de-suede\/","og_site_name":"Transports Tresserras","article_publisher":"https:\/\/www.facebook.com\/pages\/Transports-Tresserras","article_modified_time":"2018-04-25T10:16:47+00:00","og_image":[{"width":1239,"height":670,"url":"https:\/\/t-tresserras.com\/wp-content\/uploads\/2017\/10\/CAMIONS_2.jpg","type":"image\/jpeg"}],"twitter_card":"summary_large_image","twitter_misc":{"Dur\u00e9e de lecture estim\u00e9e":"1 minute"},"schema":{"@context":"https:\/\/schema.org","@graph":[{"@type":"WebPage","@id":"https:\/\/t-tresserras.com\/fr\/tresserras-routes-de-suede\/","url":"https:\/\/t-tresserras.com\/fr\/tresserras-routes-de-suede\/","name":"Transport International de marchandises sous temp\u00e9rature dirig\u00e9e | Tresserras, routes de Su\u00e8de","isPartOf":{"@id":"https:\/\/t-tresserras.com\/fr\/#website"},"datePublished":"2018-04-25T10:16:46+00:00","dateModified":"2018-04-25T10:16:47+00:00","description":"Transports Tresserras est un prestataire sp\u00e9cialis\u00e9 dans le transport international de marchandises sous temp\u00e9rature dirig\u00e9e. Tresserras, routes de Su\u00e8de .","breadcrumb":{"@id":"https:\/\/t-tresserras.com\/fr\/tresserras-routes-de-suede\/#breadcrumb"},"inLanguage":"fr-FR","potentialAction":[{"@type":"ReadAction","target":["https:\/\/t-tresserras.com\/fr\/tresserras-routes-de-suede\/"]}]},{"@type":"BreadcrumbList","@id":"https:\/\/t-tresserras.com\/fr\/tresserras-routes-de-suede\/#breadcrumb","itemListElement":[{"@type":"ListItem","position":1,"name":"Inici","item":"https:\/\/t-tresserras.com\/fr\/home\/"},{"@type":"ListItem","position":2,"name":"Tresserras, routes de Su\u00e8de"}]},{"@type":"WebSite","@id":"https:\/\/t-tresserras.com\/fr\/#website","url":"https:\/\/t-tresserras.com\/fr\/","name":"Transports Tresserras","description":"Altre lloc gestionat amb el WordPress","publisher":{"@id":"https:\/\/t-tresserras.com\/fr\/#organization"},"potentialAction":[{"@type":"SearchAction","target":{"@type":"EntryPoint","urlTemplate":"https:\/\/t-tresserras.com\/fr\/?s={search_term_string}"},"query-input":{"@type":"PropertyValueSpecification","valueRequired":true,"valueName":"search_term_string"}}],"inLanguage":"fr-FR"},{"@type":"Organization","@id":"https:\/\/t-tresserras.com\/fr\/#organization","name":"Transportes Tresserras","url":"https:\/\/t-tresserras.com\/fr\/","logo":{"@type":"ImageObject","inLanguage":"fr-FR","@id":"https:\/\/t-tresserras.com\/fr\/#\/schema\/logo\/image\/","url":"https:\/\/t-tresserras.com\/wp-content\/uploads\/2017\/07\/t-tresserras.jpg","contentUrl":"https:\/\/t-tresserras.com\/wp-content\/uploads\/2017\/07\/t-tresserras.jpg","width":1144,"height":507,"caption":"Transportes Tresserras"},"image":{"@id":"https:\/\/t-tresserras.com\/fr\/#\/schema\/logo\/image\/"},"sameAs":["https:\/\/www.facebook.com\/pages\/Transports-Tresserras","https:\/\/www.linkedin.com\/company\/transporte-t-tresserras"]}]}},"_links":{"self":[{"href":"https:\/\/t-tresserras.com\/fr\/wp-json\/wp\/v2\/pages\/4437","targetHints":{"allow":["GET"]}}],"collection":[{"href":"https:\/\/t-tresserras.com\/fr\/wp-json\/wp\/v2\/pages"}],"about":[{"href":"https:\/\/t-tresserras.com\/fr\/wp-json\/wp\/v2\/types\/page"}],"author":[{"embeddable":true,"href":"https:\/\/t-tresserras.com\/fr\/wp-json\/wp\/v2\/users\/1"}],"replies":[{"embeddable":true,"href":"https:\/\/t-tresserras.com\/fr\/wp-json\/wp\/v2\/comments?post=4437"}],"version-history":[{"count":0,"href":"https:\/\/t-tresserras.com\/fr\/wp-json\/wp\/v2\/pages\/4437\/revisions"}],"wp:attachment":[{"href":"https:\/\/t-tresserras.com\/fr\/wp-json\/wp\/v2\/media?parent=4437"}],"curies":[{"name":"wp","href":"https:\/\/api.w.org\/{rel}","templated":true}]}}