{"id":4361,"date":"2018-04-25T10:38:37","date_gmt":"2018-04-25T09:38:37","guid":{"rendered":"http:\/\/www.t-tresserras.com\/tresserras-routes-de-la-croatie\/"},"modified":"2021-11-09T11:50:12","modified_gmt":"2021-11-09T10:50:12","slug":"tresserras-routes-de-la-croatie","status":"publish","type":"page","link":"https:\/\/t-tresserras.com\/fr\/tresserras-routes-de-la-croatie\/","title":{"rendered":"Tresserras, routes de la Croatie"},"content":{"rendered":"\n<style type=\"text\/css\" data-created_by=\"avia_inline_auto\" id=\"style-css-av-av_one_full-abf61815a02831d116b1aaa4a1b0ed13\">\n.flex_column.av-av_one_full-abf61815a02831d116b1aaa4a1b0ed13{\nborder-radius:0px 0px 0px 0px;\npadding:0px 0px 0px 0px;\n}\n<\/style>\n<div  class='flex_column av-av_one_full-abf61815a02831d116b1aaa4a1b0ed13 av_one_full  avia-builder-el-0  el_before_av_one_half  avia-builder-el-first  first flex_column_div av-zero-column-padding  '     ><section  class='av_textblock_section av-kvrz1gpw-9b943d6be0447a27fc533634ba4f369f '   itemscope=\"itemscope\" itemtype=\"https:\/\/schema.org\/CreativeWork\" ><div class='avia_textblock'  itemprop=\"text\" ><h1><strong style=\"color: #007e57;\">Tresserras, ROUTES DE LA CROATIE<\/strong><\/h1>\n<\/div><\/section><\/div>\n<style type=\"text\/css\" data-created_by=\"avia_inline_auto\" id=\"style-css-av-av_one_half-abf61815a02831d116b1aaa4a1b0ed13\">\n.flex_column.av-av_one_half-abf61815a02831d116b1aaa4a1b0ed13{\nborder-radius:0px 0px 0px 0px;\npadding:0px 0px 0px 0px;\n}\n<\/style>\n<div  class='flex_column av-av_one_half-abf61815a02831d116b1aaa4a1b0ed13 av_one_half  avia-builder-el-2  el_after_av_one_full  el_before_av_one_half  first flex_column_div av-zero-column-padding  column-top-margin'     ><p>\n<style type=\"text\/css\" data-created_by=\"avia_inline_auto\" id=\"style-css-av-av_icon_box-397b69f88dbb2413066b21fd8cc58a59\">\n.iconbox.av-av_icon_box-397b69f88dbb2413066b21fd8cc58a59 .iconbox_icon{\nbackground-color:#007e57;\ncolor:#ffffff;\n}\n.iconbox.av-av_icon_box-397b69f88dbb2413066b21fd8cc58a59 .iconbox_icon.avia-svg-icon svg:first-child{\nfill:#ffffff;\nstroke:#ffffff;\n}\n#top #wrap_all .iconbox.av-av_icon_box-397b69f88dbb2413066b21fd8cc58a59 .iconbox_content_title{\ncolor:#007e57;\n}\n.iconbox.av-av_icon_box-397b69f88dbb2413066b21fd8cc58a59 .iconbox_content_container{\ncolor:#007e57;\n}\n<\/style>\n<article  class='iconbox iconbox_left av-av_icon_box-397b69f88dbb2413066b21fd8cc58a59 av-icon-style-no-border  avia-builder-el-3  el_before_av_image  avia-builder-el-first '  itemscope=\"itemscope\" itemtype=\"https:\/\/schema.org\/CreativeWork\" ><div class=\"iconbox_content\"><header class=\"entry-content-header\" aria-label=\"Ic\u00f4ne : CODES POSTAUX\"><div class='iconbox_icon heading-color avia-iconfont avia-font-entypo-fontello' data-av_icon='\ue842' data-av_iconfont='entypo-fontello'  ><\/div><h3 class='iconbox_content_title '  itemprop=\"headline\" >CODES POSTAUX<\/h3><\/header><div class='iconbox_content_container av_inherit_color'  itemprop=\"text\" ><\/div><\/div><footer class=\"entry-footer\"><\/footer><\/article><br \/>\n\n<style type=\"text\/css\" data-created_by=\"avia_inline_auto\" id=\"style-css-av-kvrz1v17-ab16e95f46da9297dc95eb6ca9ba6c48\">\n.avia-image-container.av-kvrz1v17-ab16e95f46da9297dc95eb6ca9ba6c48 img.avia_image{\nbox-shadow:none;\n}\n.avia-image-container.av-kvrz1v17-ab16e95f46da9297dc95eb6ca9ba6c48 .av-image-caption-overlay-center{\ncolor:#ffffff;\n}\n<\/style>\n<div  class='avia-image-container av-kvrz1v17-ab16e95f46da9297dc95eb6ca9ba6c48 av-styling- avia-align-center  avia-builder-el-4  el_after_av_icon_box  avia-builder-el-last '   itemprop=\"image\" itemscope=\"itemscope\" itemtype=\"https:\/\/schema.org\/ImageObject\" ><div class=\"avia-image-container-inner\"><div class=\"avia-image-overlay-wrap\"><img decoding=\"async\" fetchpriority=\"high\" class='wp-image-8828 avia-img-lazy-loading-not-8828 avia_image ' src=\"https:\/\/t-tresserras.com\/wp-content\/uploads\/2021\/11\/MapaCroacia-Tresserras.png\" alt='' title='MapaCroacia-Tresserras'  height=\"430\" width=\"567\"  itemprop=\"thumbnailUrl\" srcset=\"https:\/\/t-tresserras.com\/wp-content\/uploads\/2021\/11\/MapaCroacia-Tresserras.png 567w, https:\/\/t-tresserras.com\/wp-content\/uploads\/2021\/11\/MapaCroacia-Tresserras-300x228.png 300w\" sizes=\"(max-width: 567px) 100vw, 567px\" \/><\/div><\/div><\/div><\/p><\/div>\n<style type=\"text\/css\" data-created_by=\"avia_inline_auto\" id=\"style-css-av-av_one_half-bcbccfb99e46414d45aa0af1bd0708c7\">\n.flex_column.av-av_one_half-bcbccfb99e46414d45aa0af1bd0708c7{\nborder-radius:0px 0px 0px 0px;\npadding:0px 0px 0px 0px;\n}\n<\/style>\n<div  class='flex_column av-av_one_half-bcbccfb99e46414d45aa0af1bd0708c7 av_one_half  avia-builder-el-5  el_after_av_one_half  el_before_av_hr  flex_column_div av-zero-column-padding  column-top-margin'     ><p>\n<style type=\"text\/css\" data-created_by=\"avia_inline_auto\" id=\"style-css-av-av_icon_box-e04509af851226e32a2a35b8624dc89a\">\n.iconbox.av-av_icon_box-e04509af851226e32a2a35b8624dc89a .iconbox_icon{\nbackground-color:#007e57;\ncolor:#ffffff;\n}\n.iconbox.av-av_icon_box-e04509af851226e32a2a35b8624dc89a .iconbox_icon.avia-svg-icon svg:first-child{\nfill:#ffffff;\nstroke:#ffffff;\n}\n#top #wrap_all .iconbox.av-av_icon_box-e04509af851226e32a2a35b8624dc89a .iconbox_content_title{\ncolor:#007e57;\n}\n.iconbox.av-av_icon_box-e04509af851226e32a2a35b8624dc89a .iconbox_content_container{\ncolor:#007e57;\n}\n<\/style>\n<article  class='iconbox iconbox_left av-av_icon_box-e04509af851226e32a2a35b8624dc89a av-icon-style-no-border  avia-builder-el-6  el_before_av_textblock  avia-builder-el-first '  itemscope=\"itemscope\" itemtype=\"https:\/\/schema.org\/CreativeWork\" ><div class=\"iconbox_content\"><header class=\"entry-content-header\" aria-label=\"Ic\u00f4ne : CONSULTER D\u2019AUTRES PAYS\"><div class='iconbox_icon heading-color avia-iconfont avia-font-entypo-fontello' data-av_icon='\ue826' data-av_iconfont='entypo-fontello'  ><\/div><h3 class='iconbox_content_title '  itemprop=\"headline\" >CONSULTER D\u2019AUTRES PAYS<\/h3><\/header><div class='iconbox_content_container av_inherit_color'  itemprop=\"text\" ><\/div><\/div><footer class=\"entry-footer\"><\/footer><\/article><br \/>\n<section  class='av_textblock_section av-av_textblock-32af9c344aeda5838e62bcf702809feb '   itemscope=\"itemscope\" itemtype=\"https:\/\/schema.org\/CreativeWork\" ><div class='avia_textblock'  itemprop=\"text\" ><style>\r\n#chartdiv {\r\n  width: 100%;\r\n  height: 425px;\r\n}\r\n<\/style>\r\n<div id=\"chartdiv\"><\/div>\n<\/div><\/section><\/p><\/div><\/p>\n\n<style type=\"text\/css\" data-created_by=\"avia_inline_auto\" id=\"style-css-av-av_hr-23a9213e2093991b59ffd1ca0c566355\">\n#top .hr.hr-invisible.av-av_hr-23a9213e2093991b59ffd1ca0c566355{\nheight:50px;\n}\n<\/style>\n<div  class='hr av-av_hr-23a9213e2093991b59ffd1ca0c566355 hr-invisible  avia-builder-el-8  el_after_av_one_half  el_before_av_one_full '><span class='hr-inner '><span class=\"hr-inner-style\"><\/span><\/span><\/div>\n\n<style type=\"text\/css\" data-created_by=\"avia_inline_auto\" id=\"style-css-av-av_one_full-abf61815a02831d116b1aaa4a1b0ed13\">\n.flex_column.av-av_one_full-abf61815a02831d116b1aaa4a1b0ed13{\nborder-radius:0px 0px 0px 0px;\npadding:0px 0px 0px 0px;\n}\n<\/style>\n<div  class='flex_column av-av_one_full-abf61815a02831d116b1aaa4a1b0ed13 av_one_full  avia-builder-el-9  el_after_av_hr  avia-builder-el-last  first flex_column_div av-zero-column-padding  '     ><p>\n<style type=\"text\/css\" data-created_by=\"avia_inline_auto\" id=\"style-css-av-av_icon_box-9d10d03cfa72d4e2a94671bf6ca97b7b\">\n.iconbox.av-av_icon_box-9d10d03cfa72d4e2a94671bf6ca97b7b .iconbox_icon{\nbackground-color:#007e57;\ncolor:#ffffff;\n}\n.iconbox.av-av_icon_box-9d10d03cfa72d4e2a94671bf6ca97b7b .iconbox_icon.avia-svg-icon svg:first-child{\nfill:#ffffff;\nstroke:#ffffff;\n}\n#top #wrap_all .iconbox.av-av_icon_box-9d10d03cfa72d4e2a94671bf6ca97b7b .iconbox_content_title{\ncolor:#007e57;\n}\n<\/style>\n<article  class='iconbox iconbox_left av-av_icon_box-9d10d03cfa72d4e2a94671bf6ca97b7b av-icon-style-no-border  avia-builder-el-10  el_before_av_hr  avia-builder-el-first '  itemscope=\"itemscope\" itemtype=\"https:\/\/schema.org\/CreativeWork\" ><div class=\"iconbox_content\"><header class=\"entry-content-header\" aria-label=\"Ic\u00f4ne : D\u00c9LAIS DE LIVRAISON\"><div class='iconbox_icon heading-color avia-iconfont avia-font-entypo-fontello' data-av_icon='\ue84b' data-av_iconfont='entypo-fontello'  ><\/div><h3 class='iconbox_content_title '  itemprop=\"headline\" >D\u00c9LAIS DE LIVRAISON<\/h3><\/header><div class='iconbox_content_container '  itemprop=\"text\" ><p>Filtrer par n\u2019importe quelle colonne pour localiser les routes souhait\u00e9s.<\/p>\n<\/div><\/div><footer class=\"entry-footer\"><\/footer><\/article><br \/>\n\n<style type=\"text\/css\" data-created_by=\"avia_inline_auto\" id=\"style-css-av-av_hr-2efac844962ac0e39c8f9782272dee3a\">\n#top .hr.hr-invisible.av-av_hr-2efac844962ac0e39c8f9782272dee3a{\nheight:10px;\n}\n<\/style>\n<div  class='hr av-av_hr-2efac844962ac0e39c8f9782272dee3a hr-invisible  avia-builder-el-11  el_after_av_icon_box  el_before_av_codeblock '><span class='hr-inner '><span class=\"hr-inner-style\"><\/span><\/span><\/div><br \/>\n<\/p><\/div>\n","protected":false},"excerpt":{"rendered":"","protected":false},"author":1,"featured_media":0,"parent":0,"menu_order":0,"comment_status":"closed","ping_status":"closed","template":"","meta":{"footnotes":""},"class_list":["post-4361","page","type-page","status-publish","hentry"],"yoast_head":"<!-- This site is optimized with the Yoast SEO plugin v27.4 - https:\/\/yoast.com\/product\/yoast-seo-wordpress\/ -->\n<title>Transport International de marchandises sous temp\u00e9rature dirig\u00e9e | Tresserras, routes de la Croatie<\/title>\n<meta name=\"description\" content=\"Transports Tresserras est un prestataire sp\u00e9cialis\u00e9 dans le transport international de marchandises sous temp\u00e9rature dirig\u00e9e. Tresserras, routes de la Croatie .\" \/>\n<meta name=\"robots\" content=\"index, follow, max-snippet:-1, max-image-preview:large, max-video-preview:-1\" \/>\n<link rel=\"canonical\" href=\"https:\/\/t-tresserras.com\/fr\/tresserras-routes-de-la-croatie\/\" \/>\n<meta property=\"og:locale\" content=\"fr_FR\" \/>\n<meta property=\"og:type\" content=\"article\" \/>\n<meta property=\"og:title\" content=\"Transport International de marchandises sous temp\u00e9rature dirig\u00e9e | Tresserras, routes de la Croatie\" \/>\n<meta property=\"og:description\" content=\"Transports Tresserras est un prestataire sp\u00e9cialis\u00e9 dans le transport international de marchandises sous temp\u00e9rature dirig\u00e9e. Tresserras, routes de la Croatie .\" \/>\n<meta property=\"og:url\" content=\"https:\/\/t-tresserras.com\/fr\/tresserras-routes-de-la-croatie\/\" \/>\n<meta property=\"og:site_name\" content=\"Transports Tresserras\" \/>\n<meta property=\"article:publisher\" content=\"https:\/\/www.facebook.com\/pages\/Transports-Tresserras\" \/>\n<meta property=\"article:modified_time\" content=\"2021-11-09T10:50:12+00:00\" \/>\n<meta property=\"og:image\" content=\"https:\/\/t-tresserras.com\/wp-content\/uploads\/2017\/10\/CAMIONS_2.jpg\" \/>\n\t<meta property=\"og:image:width\" content=\"1239\" \/>\n\t<meta property=\"og:image:height\" content=\"670\" \/>\n\t<meta property=\"og:image:type\" content=\"image\/jpeg\" \/>\n<meta name=\"twitter:card\" content=\"summary_large_image\" \/>\n<meta name=\"twitter:label1\" content=\"Dur\u00e9e de lecture estim\u00e9e\" \/>\n\t<meta name=\"twitter:data1\" content=\"4 minutes\" \/>\n<script type=\"application\/ld+json\" class=\"yoast-schema-graph\">{\"@context\":\"https:\\\/\\\/schema.org\",\"@graph\":[{\"@type\":\"WebPage\",\"@id\":\"https:\\\/\\\/t-tresserras.com\\\/fr\\\/tresserras-routes-de-la-croatie\\\/\",\"url\":\"https:\\\/\\\/t-tresserras.com\\\/fr\\\/tresserras-routes-de-la-croatie\\\/\",\"name\":\"Transport International de marchandises sous temp\u00e9rature dirig\u00e9e | Tresserras, routes de la Croatie\",\"isPartOf\":{\"@id\":\"https:\\\/\\\/t-tresserras.com\\\/fr\\\/#website\"},\"datePublished\":\"2018-04-25T09:38:37+00:00\",\"dateModified\":\"2021-11-09T10:50:12+00:00\",\"description\":\"Transports Tresserras est un prestataire sp\u00e9cialis\u00e9 dans le transport international de marchandises sous temp\u00e9rature dirig\u00e9e. Tresserras, routes de la Croatie .\",\"breadcrumb\":{\"@id\":\"https:\\\/\\\/t-tresserras.com\\\/fr\\\/tresserras-routes-de-la-croatie\\\/#breadcrumb\"},\"inLanguage\":\"fr-FR\",\"potentialAction\":[{\"@type\":\"ReadAction\",\"target\":[\"https:\\\/\\\/t-tresserras.com\\\/fr\\\/tresserras-routes-de-la-croatie\\\/\"]}]},{\"@type\":\"BreadcrumbList\",\"@id\":\"https:\\\/\\\/t-tresserras.com\\\/fr\\\/tresserras-routes-de-la-croatie\\\/#breadcrumb\",\"itemListElement\":[{\"@type\":\"ListItem\",\"position\":1,\"name\":\"Inici\",\"item\":\"https:\\\/\\\/t-tresserras.com\\\/fr\\\/home\\\/\"},{\"@type\":\"ListItem\",\"position\":2,\"name\":\"Tresserras, routes de la Croatie\"}]},{\"@type\":\"WebSite\",\"@id\":\"https:\\\/\\\/t-tresserras.com\\\/fr\\\/#website\",\"url\":\"https:\\\/\\\/t-tresserras.com\\\/fr\\\/\",\"name\":\"Transports Tresserras\",\"description\":\"Altre lloc gestionat amb el WordPress\",\"publisher\":{\"@id\":\"https:\\\/\\\/t-tresserras.com\\\/fr\\\/#organization\"},\"potentialAction\":[{\"@type\":\"SearchAction\",\"target\":{\"@type\":\"EntryPoint\",\"urlTemplate\":\"https:\\\/\\\/t-tresserras.com\\\/fr\\\/?s={search_term_string}\"},\"query-input\":{\"@type\":\"PropertyValueSpecification\",\"valueRequired\":true,\"valueName\":\"search_term_string\"}}],\"inLanguage\":\"fr-FR\"},{\"@type\":\"Organization\",\"@id\":\"https:\\\/\\\/t-tresserras.com\\\/fr\\\/#organization\",\"name\":\"Transportes Tresserras\",\"url\":\"https:\\\/\\\/t-tresserras.com\\\/fr\\\/\",\"logo\":{\"@type\":\"ImageObject\",\"inLanguage\":\"fr-FR\",\"@id\":\"https:\\\/\\\/t-tresserras.com\\\/fr\\\/#\\\/schema\\\/logo\\\/image\\\/\",\"url\":\"https:\\\/\\\/t-tresserras.com\\\/wp-content\\\/uploads\\\/2017\\\/07\\\/t-tresserras.jpg\",\"contentUrl\":\"https:\\\/\\\/t-tresserras.com\\\/wp-content\\\/uploads\\\/2017\\\/07\\\/t-tresserras.jpg\",\"width\":1144,\"height\":507,\"caption\":\"Transportes Tresserras\"},\"image\":{\"@id\":\"https:\\\/\\\/t-tresserras.com\\\/fr\\\/#\\\/schema\\\/logo\\\/image\\\/\"},\"sameAs\":[\"https:\\\/\\\/www.facebook.com\\\/pages\\\/Transports-Tresserras\",\"https:\\\/\\\/www.linkedin.com\\\/company\\\/transporte-t-tresserras\"]}]}<\/script>\n<!-- \/ Yoast SEO plugin. -->","yoast_head_json":{"title":"Transport International de marchandises sous temp\u00e9rature dirig\u00e9e | Tresserras, routes de la Croatie","description":"Transports Tresserras est un prestataire sp\u00e9cialis\u00e9 dans le transport international de marchandises sous temp\u00e9rature dirig\u00e9e. Tresserras, routes de la Croatie .","robots":{"index":"index","follow":"follow","max-snippet":"max-snippet:-1","max-image-preview":"max-image-preview:large","max-video-preview":"max-video-preview:-1"},"canonical":"https:\/\/t-tresserras.com\/fr\/tresserras-routes-de-la-croatie\/","og_locale":"fr_FR","og_type":"article","og_title":"Transport International de marchandises sous temp\u00e9rature dirig\u00e9e | Tresserras, routes de la Croatie","og_description":"Transports Tresserras est un prestataire sp\u00e9cialis\u00e9 dans le transport international de marchandises sous temp\u00e9rature dirig\u00e9e. Tresserras, routes de la Croatie .","og_url":"https:\/\/t-tresserras.com\/fr\/tresserras-routes-de-la-croatie\/","og_site_name":"Transports Tresserras","article_publisher":"https:\/\/www.facebook.com\/pages\/Transports-Tresserras","article_modified_time":"2021-11-09T10:50:12+00:00","og_image":[{"width":1239,"height":670,"url":"https:\/\/t-tresserras.com\/wp-content\/uploads\/2017\/10\/CAMIONS_2.jpg","type":"image\/jpeg"}],"twitter_card":"summary_large_image","twitter_misc":{"Dur\u00e9e de lecture estim\u00e9e":"4 minutes"},"schema":{"@context":"https:\/\/schema.org","@graph":[{"@type":"WebPage","@id":"https:\/\/t-tresserras.com\/fr\/tresserras-routes-de-la-croatie\/","url":"https:\/\/t-tresserras.com\/fr\/tresserras-routes-de-la-croatie\/","name":"Transport International de marchandises sous temp\u00e9rature dirig\u00e9e | Tresserras, routes de la Croatie","isPartOf":{"@id":"https:\/\/t-tresserras.com\/fr\/#website"},"datePublished":"2018-04-25T09:38:37+00:00","dateModified":"2021-11-09T10:50:12+00:00","description":"Transports Tresserras est un prestataire sp\u00e9cialis\u00e9 dans le transport international de marchandises sous temp\u00e9rature dirig\u00e9e. Tresserras, routes de la Croatie .","breadcrumb":{"@id":"https:\/\/t-tresserras.com\/fr\/tresserras-routes-de-la-croatie\/#breadcrumb"},"inLanguage":"fr-FR","potentialAction":[{"@type":"ReadAction","target":["https:\/\/t-tresserras.com\/fr\/tresserras-routes-de-la-croatie\/"]}]},{"@type":"BreadcrumbList","@id":"https:\/\/t-tresserras.com\/fr\/tresserras-routes-de-la-croatie\/#breadcrumb","itemListElement":[{"@type":"ListItem","position":1,"name":"Inici","item":"https:\/\/t-tresserras.com\/fr\/home\/"},{"@type":"ListItem","position":2,"name":"Tresserras, routes de la Croatie"}]},{"@type":"WebSite","@id":"https:\/\/t-tresserras.com\/fr\/#website","url":"https:\/\/t-tresserras.com\/fr\/","name":"Transports Tresserras","description":"Altre lloc gestionat amb el WordPress","publisher":{"@id":"https:\/\/t-tresserras.com\/fr\/#organization"},"potentialAction":[{"@type":"SearchAction","target":{"@type":"EntryPoint","urlTemplate":"https:\/\/t-tresserras.com\/fr\/?s={search_term_string}"},"query-input":{"@type":"PropertyValueSpecification","valueRequired":true,"valueName":"search_term_string"}}],"inLanguage":"fr-FR"},{"@type":"Organization","@id":"https:\/\/t-tresserras.com\/fr\/#organization","name":"Transportes Tresserras","url":"https:\/\/t-tresserras.com\/fr\/","logo":{"@type":"ImageObject","inLanguage":"fr-FR","@id":"https:\/\/t-tresserras.com\/fr\/#\/schema\/logo\/image\/","url":"https:\/\/t-tresserras.com\/wp-content\/uploads\/2017\/07\/t-tresserras.jpg","contentUrl":"https:\/\/t-tresserras.com\/wp-content\/uploads\/2017\/07\/t-tresserras.jpg","width":1144,"height":507,"caption":"Transportes Tresserras"},"image":{"@id":"https:\/\/t-tresserras.com\/fr\/#\/schema\/logo\/image\/"},"sameAs":["https:\/\/www.facebook.com\/pages\/Transports-Tresserras","https:\/\/www.linkedin.com\/company\/transporte-t-tresserras"]}]}},"_links":{"self":[{"href":"https:\/\/t-tresserras.com\/fr\/wp-json\/wp\/v2\/pages\/4361","targetHints":{"allow":["GET"]}}],"collection":[{"href":"https:\/\/t-tresserras.com\/fr\/wp-json\/wp\/v2\/pages"}],"about":[{"href":"https:\/\/t-tresserras.com\/fr\/wp-json\/wp\/v2\/types\/page"}],"author":[{"embeddable":true,"href":"https:\/\/t-tresserras.com\/fr\/wp-json\/wp\/v2\/users\/1"}],"replies":[{"embeddable":true,"href":"https:\/\/t-tresserras.com\/fr\/wp-json\/wp\/v2\/comments?post=4361"}],"version-history":[{"count":0,"href":"https:\/\/t-tresserras.com\/fr\/wp-json\/wp\/v2\/pages\/4361\/revisions"}],"wp:attachment":[{"href":"https:\/\/t-tresserras.com\/fr\/wp-json\/wp\/v2\/media?parent=4361"}],"curies":[{"name":"wp","href":"https:\/\/api.w.org\/{rel}","templated":true}]}}