{"id":3727,"date":"2018-04-23T12:06:36","date_gmt":"2018-04-23T11:06:36","guid":{"rendered":"http:\/\/www.t-tresserras.com\/rsc\/"},"modified":"2018-04-26T15:03:16","modified_gmt":"2018-04-26T14:03:16","slug":"rsc","status":"publish","type":"page","link":"https:\/\/t-tresserras.com\/fr\/rsc\/","title":{"rendered":"RSC"},"content":{"rendered":"\n<style type=\"text\/css\" data-created_by=\"avia_inline_auto\" id=\"style-css-av-av_image-5719279471ad1bede6e53efd46f1fd5b\">\n.avia-image-container.av-av_image-5719279471ad1bede6e53efd46f1fd5b img.avia_image{\nbox-shadow:none;\n}\n.avia-image-container.av-av_image-5719279471ad1bede6e53efd46f1fd5b .av-image-caption-overlay-center{\ncolor:#ffffff;\n}\n<\/style>\n<div  class='avia-image-container av-av_image-5719279471ad1bede6e53efd46f1fd5b av-styling- avia-align-center  avia-builder-el-0  el_before_av_image  avia-builder-el-first '   itemprop=\"image\" itemscope=\"itemscope\" itemtype=\"https:\/\/schema.org\/ImageObject\" ><div class=\"avia-image-container-inner\"><div class=\"avia-image-overlay-wrap\"><img decoding=\"async\" fetchpriority=\"high\" class='wp-image- avia-img-lazy-loading-not- avia_image ' src=\"https:\/\/t-tresserras.com\/wp-content\/uploads\/2018\/04\/CARTELL_TRESSERRAS_FR.png\" alt='' title=''   itemprop=\"thumbnailUrl\"  \/><\/div><\/div><\/div>\n\n<style type=\"text\/css\" data-created_by=\"avia_inline_auto\" id=\"style-css-av-av_image-87ab3778d3f2030108f0095d47a3727f\">\n.avia-image-container.av-av_image-87ab3778d3f2030108f0095d47a3727f img.avia_image{\nbox-shadow:none;\n}\n.avia-image-container.av-av_image-87ab3778d3f2030108f0095d47a3727f .av-image-caption-overlay-center{\ncolor:#ffffff;\n}\n<\/style>\n<div  class='avia-image-container av-av_image-87ab3778d3f2030108f0095d47a3727f av-styling- avia-align-center  avia-builder-el-1  el_after_av_image  avia-builder-el-last '   itemprop=\"image\" itemscope=\"itemscope\" itemtype=\"https:\/\/schema.org\/ImageObject\" ><div class=\"avia-image-container-inner\"><div class=\"avia-image-overlay-wrap\"><img decoding=\"async\" fetchpriority=\"high\" class='wp-image-7418 avia-img-lazy-loading-not-7418 avia_image ' src=\"https:\/\/t-tresserras.com\/wp-content\/uploads\/2018\/04\/CARTEL_TRESSERRAS_FR_2.png\" alt='' title='CARTEL_TRESSERRAS_FR_2'  height=\"935\" width=\"680\"  itemprop=\"thumbnailUrl\" srcset=\"https:\/\/t-tresserras.com\/wp-content\/uploads\/2018\/04\/CARTEL_TRESSERRAS_FR_2.png 680w, https:\/\/t-tresserras.com\/wp-content\/uploads\/2018\/04\/CARTEL_TRESSERRAS_FR_2-218x300.png 218w, https:\/\/t-tresserras.com\/wp-content\/uploads\/2018\/04\/CARTEL_TRESSERRAS_FR_2-513x705.png 513w, https:\/\/t-tresserras.com\/wp-content\/uploads\/2018\/04\/CARTEL_TRESSERRAS_FR_2-450x619.png 450w\" sizes=\"(max-width: 680px) 100vw, 680px\" \/><\/div><\/div><\/div>\n","protected":false},"excerpt":{"rendered":"","protected":false},"author":1,"featured_media":0,"parent":0,"menu_order":0,"comment_status":"closed","ping_status":"closed","template":"","meta":{"footnotes":""},"class_list":["post-3727","page","type-page","status-publish","hentry"],"yoast_head":"<!-- This site is optimized with the Yoast SEO plugin v27.4 - https:\/\/yoast.com\/product\/yoast-seo-wordpress\/ -->\n<title>Transport International de marchandises sous temp\u00e9rature dirig\u00e9e | RSC<\/title>\n<meta name=\"description\" content=\"Transports Tresserras est un prestataire sp\u00e9cialis\u00e9 dans le transport international de marchandises sous temp\u00e9rature dirig\u00e9e. RSC .\" \/>\n<meta name=\"robots\" content=\"index, follow, max-snippet:-1, max-image-preview:large, max-video-preview:-1\" \/>\n<link rel=\"canonical\" href=\"https:\/\/t-tresserras.com\/fr\/rsc\/\" \/>\n<meta property=\"og:locale\" content=\"fr_FR\" \/>\n<meta property=\"og:type\" content=\"article\" \/>\n<meta property=\"og:title\" content=\"Transport International de marchandises sous temp\u00e9rature dirig\u00e9e | RSC\" \/>\n<meta property=\"og:description\" content=\"Transports Tresserras est un prestataire sp\u00e9cialis\u00e9 dans le transport international de marchandises sous temp\u00e9rature dirig\u00e9e. RSC .\" \/>\n<meta property=\"og:url\" content=\"https:\/\/t-tresserras.com\/fr\/rsc\/\" \/>\n<meta property=\"og:site_name\" content=\"Transports Tresserras\" \/>\n<meta property=\"article:publisher\" content=\"https:\/\/www.facebook.com\/pages\/Transports-Tresserras\" \/>\n<meta property=\"article:modified_time\" content=\"2018-04-26T14:03:16+00:00\" \/>\n<meta property=\"og:image\" content=\"https:\/\/t-tresserras.com\/wp-content\/uploads\/2017\/10\/CAMIONS_2.jpg\" \/>\n\t<meta property=\"og:image:width\" content=\"1239\" \/>\n\t<meta property=\"og:image:height\" content=\"670\" \/>\n\t<meta property=\"og:image:type\" content=\"image\/jpeg\" \/>\n<meta name=\"twitter:card\" content=\"summary_large_image\" \/>\n<meta name=\"twitter:label1\" content=\"Dur\u00e9e de lecture estim\u00e9e\" \/>\n\t<meta name=\"twitter:data1\" content=\"1 minute\" \/>\n<script type=\"application\/ld+json\" class=\"yoast-schema-graph\">{\"@context\":\"https:\\\/\\\/schema.org\",\"@graph\":[{\"@type\":\"WebPage\",\"@id\":\"https:\\\/\\\/t-tresserras.com\\\/fr\\\/rsc\\\/\",\"url\":\"https:\\\/\\\/t-tresserras.com\\\/fr\\\/rsc\\\/\",\"name\":\"Transport International de marchandises sous temp\u00e9rature dirig\u00e9e | RSC\",\"isPartOf\":{\"@id\":\"https:\\\/\\\/t-tresserras.com\\\/fr\\\/#website\"},\"datePublished\":\"2018-04-23T11:06:36+00:00\",\"dateModified\":\"2018-04-26T14:03:16+00:00\",\"description\":\"Transports Tresserras est un prestataire sp\u00e9cialis\u00e9 dans le transport international de marchandises sous temp\u00e9rature dirig\u00e9e. RSC .\",\"breadcrumb\":{\"@id\":\"https:\\\/\\\/t-tresserras.com\\\/fr\\\/rsc\\\/#breadcrumb\"},\"inLanguage\":\"fr-FR\",\"potentialAction\":[{\"@type\":\"ReadAction\",\"target\":[\"https:\\\/\\\/t-tresserras.com\\\/fr\\\/rsc\\\/\"]}]},{\"@type\":\"BreadcrumbList\",\"@id\":\"https:\\\/\\\/t-tresserras.com\\\/fr\\\/rsc\\\/#breadcrumb\",\"itemListElement\":[{\"@type\":\"ListItem\",\"position\":1,\"name\":\"Inici\",\"item\":\"https:\\\/\\\/t-tresserras.com\\\/fr\\\/home\\\/\"},{\"@type\":\"ListItem\",\"position\":2,\"name\":\"RSC\"}]},{\"@type\":\"WebSite\",\"@id\":\"https:\\\/\\\/t-tresserras.com\\\/fr\\\/#website\",\"url\":\"https:\\\/\\\/t-tresserras.com\\\/fr\\\/\",\"name\":\"Transports Tresserras\",\"description\":\"Altre lloc gestionat amb el WordPress\",\"publisher\":{\"@id\":\"https:\\\/\\\/t-tresserras.com\\\/fr\\\/#organization\"},\"potentialAction\":[{\"@type\":\"SearchAction\",\"target\":{\"@type\":\"EntryPoint\",\"urlTemplate\":\"https:\\\/\\\/t-tresserras.com\\\/fr\\\/?s={search_term_string}\"},\"query-input\":{\"@type\":\"PropertyValueSpecification\",\"valueRequired\":true,\"valueName\":\"search_term_string\"}}],\"inLanguage\":\"fr-FR\"},{\"@type\":\"Organization\",\"@id\":\"https:\\\/\\\/t-tresserras.com\\\/fr\\\/#organization\",\"name\":\"Transportes Tresserras\",\"url\":\"https:\\\/\\\/t-tresserras.com\\\/fr\\\/\",\"logo\":{\"@type\":\"ImageObject\",\"inLanguage\":\"fr-FR\",\"@id\":\"https:\\\/\\\/t-tresserras.com\\\/fr\\\/#\\\/schema\\\/logo\\\/image\\\/\",\"url\":\"https:\\\/\\\/t-tresserras.com\\\/wp-content\\\/uploads\\\/2017\\\/07\\\/t-tresserras.jpg\",\"contentUrl\":\"https:\\\/\\\/t-tresserras.com\\\/wp-content\\\/uploads\\\/2017\\\/07\\\/t-tresserras.jpg\",\"width\":1144,\"height\":507,\"caption\":\"Transportes Tresserras\"},\"image\":{\"@id\":\"https:\\\/\\\/t-tresserras.com\\\/fr\\\/#\\\/schema\\\/logo\\\/image\\\/\"},\"sameAs\":[\"https:\\\/\\\/www.facebook.com\\\/pages\\\/Transports-Tresserras\",\"https:\\\/\\\/www.linkedin.com\\\/company\\\/transporte-t-tresserras\"]}]}<\/script>\n<!-- \/ Yoast SEO plugin. -->","yoast_head_json":{"title":"Transport International de marchandises sous temp\u00e9rature dirig\u00e9e | RSC","description":"Transports Tresserras est un prestataire sp\u00e9cialis\u00e9 dans le transport international de marchandises sous temp\u00e9rature dirig\u00e9e. RSC .","robots":{"index":"index","follow":"follow","max-snippet":"max-snippet:-1","max-image-preview":"max-image-preview:large","max-video-preview":"max-video-preview:-1"},"canonical":"https:\/\/t-tresserras.com\/fr\/rsc\/","og_locale":"fr_FR","og_type":"article","og_title":"Transport International de marchandises sous temp\u00e9rature dirig\u00e9e | RSC","og_description":"Transports Tresserras est un prestataire sp\u00e9cialis\u00e9 dans le transport international de marchandises sous temp\u00e9rature dirig\u00e9e. RSC .","og_url":"https:\/\/t-tresserras.com\/fr\/rsc\/","og_site_name":"Transports Tresserras","article_publisher":"https:\/\/www.facebook.com\/pages\/Transports-Tresserras","article_modified_time":"2018-04-26T14:03:16+00:00","og_image":[{"width":1239,"height":670,"url":"https:\/\/t-tresserras.com\/wp-content\/uploads\/2017\/10\/CAMIONS_2.jpg","type":"image\/jpeg"}],"twitter_card":"summary_large_image","twitter_misc":{"Dur\u00e9e de lecture estim\u00e9e":"1 minute"},"schema":{"@context":"https:\/\/schema.org","@graph":[{"@type":"WebPage","@id":"https:\/\/t-tresserras.com\/fr\/rsc\/","url":"https:\/\/t-tresserras.com\/fr\/rsc\/","name":"Transport International de marchandises sous temp\u00e9rature dirig\u00e9e | RSC","isPartOf":{"@id":"https:\/\/t-tresserras.com\/fr\/#website"},"datePublished":"2018-04-23T11:06:36+00:00","dateModified":"2018-04-26T14:03:16+00:00","description":"Transports Tresserras est un prestataire sp\u00e9cialis\u00e9 dans le transport international de marchandises sous temp\u00e9rature dirig\u00e9e. RSC .","breadcrumb":{"@id":"https:\/\/t-tresserras.com\/fr\/rsc\/#breadcrumb"},"inLanguage":"fr-FR","potentialAction":[{"@type":"ReadAction","target":["https:\/\/t-tresserras.com\/fr\/rsc\/"]}]},{"@type":"BreadcrumbList","@id":"https:\/\/t-tresserras.com\/fr\/rsc\/#breadcrumb","itemListElement":[{"@type":"ListItem","position":1,"name":"Inici","item":"https:\/\/t-tresserras.com\/fr\/home\/"},{"@type":"ListItem","position":2,"name":"RSC"}]},{"@type":"WebSite","@id":"https:\/\/t-tresserras.com\/fr\/#website","url":"https:\/\/t-tresserras.com\/fr\/","name":"Transports Tresserras","description":"Altre lloc gestionat amb el WordPress","publisher":{"@id":"https:\/\/t-tresserras.com\/fr\/#organization"},"potentialAction":[{"@type":"SearchAction","target":{"@type":"EntryPoint","urlTemplate":"https:\/\/t-tresserras.com\/fr\/?s={search_term_string}"},"query-input":{"@type":"PropertyValueSpecification","valueRequired":true,"valueName":"search_term_string"}}],"inLanguage":"fr-FR"},{"@type":"Organization","@id":"https:\/\/t-tresserras.com\/fr\/#organization","name":"Transportes Tresserras","url":"https:\/\/t-tresserras.com\/fr\/","logo":{"@type":"ImageObject","inLanguage":"fr-FR","@id":"https:\/\/t-tresserras.com\/fr\/#\/schema\/logo\/image\/","url":"https:\/\/t-tresserras.com\/wp-content\/uploads\/2017\/07\/t-tresserras.jpg","contentUrl":"https:\/\/t-tresserras.com\/wp-content\/uploads\/2017\/07\/t-tresserras.jpg","width":1144,"height":507,"caption":"Transportes Tresserras"},"image":{"@id":"https:\/\/t-tresserras.com\/fr\/#\/schema\/logo\/image\/"},"sameAs":["https:\/\/www.facebook.com\/pages\/Transports-Tresserras","https:\/\/www.linkedin.com\/company\/transporte-t-tresserras"]}]}},"_links":{"self":[{"href":"https:\/\/t-tresserras.com\/fr\/wp-json\/wp\/v2\/pages\/3727","targetHints":{"allow":["GET"]}}],"collection":[{"href":"https:\/\/t-tresserras.com\/fr\/wp-json\/wp\/v2\/pages"}],"about":[{"href":"https:\/\/t-tresserras.com\/fr\/wp-json\/wp\/v2\/types\/page"}],"author":[{"embeddable":true,"href":"https:\/\/t-tresserras.com\/fr\/wp-json\/wp\/v2\/users\/1"}],"replies":[{"embeddable":true,"href":"https:\/\/t-tresserras.com\/fr\/wp-json\/wp\/v2\/comments?post=3727"}],"version-history":[{"count":0,"href":"https:\/\/t-tresserras.com\/fr\/wp-json\/wp\/v2\/pages\/3727\/revisions"}],"wp:attachment":[{"href":"https:\/\/t-tresserras.com\/fr\/wp-json\/wp\/v2\/media?parent=3727"}],"curies":[{"name":"wp","href":"https:\/\/api.w.org\/{rel}","templated":true}]}}