{"id":5435,"date":"2018-06-20T09:09:12","date_gmt":"2018-06-20T08:09:12","guid":{"rendered":"http:\/\/www.t-tresserras.com\/avis-legal\/"},"modified":"2022-05-12T09:00:44","modified_gmt":"2022-05-12T08:00:44","slug":"avis-legal","status":"publish","type":"page","link":"https:\/\/t-tresserras.com\/ca\/avis-legal\/","title":{"rendered":"AV\u00cdS LEGAL"},"content":{"rendered":"<h2>Aviso Legal<\/h2>\n<p><strong style=\"color: #8c8c8c;\">1. OBJETO Y \u00c1MBITO DE APLICACI\u00d3N<\/strong> Las presentes Condiciones Generales (\u201cCondiciones Generales\u201d) regulan el acceso, navegaci\u00f3n y uso de este sitio web.<\/p>\n<p>TRANSPORTES TRESSERRAS S.A.<br \/>\nVALL DE BIANYA Carrer Ind\u00fastria, 1 17813 Vall de Bianya (Girona)<\/p>\n<p class=\"p1\"><span class=\"s1\">A17002643<\/span><\/p>\n<p class=\"p1\">Reg.Merc. Girona Hoja GI-5027, TOMO 255, FOLIO 154<\/p>\n<p><strong style=\"color: #8c8c8c;\">2. DERECHOS DE PROPIEDAD INTELECTUAL E INDUSTRIAL<\/strong><\/p>\n<p style=\"padding-left: 30px;\">2.1. Es titular de los todos los derechos de propiedad intelectual e industrial del el Sitio Web y es tambi\u00e9n titular o tiene la correspondiente licencia sobre los derechos de propiedad intelectual, industrial y de imagen sobre de los contenidos disponibles a trav\u00e9s del mismo.<\/p>\n<p style=\"padding-left: 30px;\">2.2. En ning\u00fan caso se entender\u00e1 que el acceso y navegaci\u00f3n del Usuario implica una renuncia, transmisi\u00f3n, licencia o cesi\u00f3n total ni parcial de dichos derechos por parte de TRANSPORTES TRESSERRAS.<\/p>\n<p style=\"padding-left: 30px;\">2.3. Asimismo est\u00e1 prohibido modificar, copiar, reutilizar, explotar, reproducir, comunicar p\u00fablicamente, hacer segundas o posteriores publicaciones, cargar archivos, enviar por correo, transmitir, usar, tratar o distribuir de cualquier forma la totalidad o parte de los contenidos incluidos en el Sitio Web para prop\u00f3sitos p\u00fablicos o comerciales, si no se cuenta con la autorizaci\u00f3n expresa y por escrito de TRANSPORTES TRESSERRAS.<\/p>\n<p><strong style=\"color: #8c8c8c;\">3. RESPONSABILIDADES Y GARANT\u00cdAS TRANSPORTES TRESSERRAS<\/strong> no se hace responsable de los contenidos que enlazan con terceras p\u00e1ginas web (Redes sociales). Si cualquier Usuario, entidad o sitio web deseara establecer alg\u00fan tipo de enlace con destino al Sitio Web deber\u00e1 solicitarlo.<\/p>\n<p><strong style=\"color: #8c8c8c;\">4. JURISDICCI\u00d3N.<\/strong> Las relaciones establecidas entre TRANSPORTES TRESSERRAS y el Usuario respecto a este AVISO LEGAL se regir\u00e1n por lo dispuesto en la normativa vigente acerca de la legislaci\u00f3n aplicable y la jurisdicci\u00f3n competente.<\/p>\n","protected":false},"excerpt":{"rendered":"<p>Aviso Legal 1. OBJETO Y \u00c1MBITO DE APLICACI\u00d3N Las presentes Condiciones Generales (\u201cCondiciones Generales\u201d) regulan el acceso, navegaci\u00f3n y uso de este sitio web. TRANSPORTES TRESSERRAS S.A. VALL DE BIANYA Carrer Ind\u00fastria, 1 17813 Vall de Bianya (Girona) A17002643 Reg.Merc. Girona Hoja GI-5027, TOMO 255, FOLIO 154 2. DERECHOS DE PROPIEDAD INTELECTUAL E INDUSTRIAL 2.1. [&hellip;]<\/p>\n","protected":false},"author":1,"featured_media":0,"parent":0,"menu_order":0,"comment_status":"closed","ping_status":"closed","template":"","meta":{"footnotes":""},"class_list":["post-5435","page","type-page","status-publish","hentry"],"yoast_head":"<!-- This site is optimized with the Yoast SEO plugin v27.3 - https:\/\/yoast.com\/product\/yoast-seo-wordpress\/ -->\n<title>Transport Internacional grupatge de Mercaderies | AV\u00cdS LEGAL<\/title>\n<meta name=\"description\" content=\"Transports Tresserras especialistes en grupatge de Mercaderies a temperatura controlada. Equip professional, sortides di\u00e0ries internacionals i nacionals. AV\u00cdS LEGAL\" \/>\n<meta name=\"robots\" content=\"index, follow, max-snippet:-1, max-image-preview:large, max-video-preview:-1\" \/>\n<link rel=\"canonical\" href=\"https:\/\/t-tresserras.com\/ca\/avis-legal\/\" \/>\n<meta property=\"og:locale\" content=\"ca_ES\" \/>\n<meta property=\"og:type\" content=\"article\" \/>\n<meta property=\"og:title\" content=\"Transport Internacional grupatge de Mercaderies | AV\u00cdS LEGAL\" \/>\n<meta property=\"og:description\" content=\"Transports Tresserras especialistes en grupatge de Mercaderies a temperatura controlada. Equip professional, sortides di\u00e0ries internacionals i nacionals. AV\u00cdS LEGAL\" \/>\n<meta property=\"og:url\" content=\"https:\/\/t-tresserras.com\/ca\/avis-legal\/\" \/>\n<meta property=\"og:site_name\" content=\"Transports Tresserras\" \/>\n<meta property=\"article:publisher\" content=\"https:\/\/www.facebook.com\/pages\/Transports-Tresserras\" \/>\n<meta property=\"article:modified_time\" content=\"2022-05-12T08:00:44+00:00\" \/>\n<meta property=\"og:image\" content=\"https:\/\/t-tresserras.com\/wp-content\/uploads\/2017\/10\/CAMIONS_2.jpg\" \/>\n\t<meta property=\"og:image:width\" content=\"1239\" \/>\n\t<meta property=\"og:image:height\" content=\"670\" \/>\n\t<meta property=\"og:image:type\" content=\"image\/jpeg\" \/>\n<meta name=\"twitter:card\" content=\"summary_large_image\" \/>\n<meta name=\"twitter:label1\" content=\"Temps estimat de lectura\" \/>\n\t<meta name=\"twitter:data1\" content=\"2 minuts\" \/>\n<script type=\"application\/ld+json\" class=\"yoast-schema-graph\">{\"@context\":\"https:\\\/\\\/schema.org\",\"@graph\":[{\"@type\":\"WebPage\",\"@id\":\"https:\\\/\\\/t-tresserras.com\\\/ca\\\/avis-legal\\\/\",\"url\":\"https:\\\/\\\/t-tresserras.com\\\/ca\\\/avis-legal\\\/\",\"name\":\"Transport Internacional grupatge de Mercaderies | AV\u00cdS LEGAL\",\"isPartOf\":{\"@id\":\"https:\\\/\\\/t-tresserras.com\\\/ca\\\/#website\"},\"datePublished\":\"2018-06-20T08:09:12+00:00\",\"dateModified\":\"2022-05-12T08:00:44+00:00\",\"description\":\"Transports Tresserras especialistes en grupatge de Mercaderies a temperatura controlada. Equip professional, sortides di\u00e0ries internacionals i nacionals. AV\u00cdS LEGAL\",\"breadcrumb\":{\"@id\":\"https:\\\/\\\/t-tresserras.com\\\/ca\\\/avis-legal\\\/#breadcrumb\"},\"inLanguage\":\"ca\",\"potentialAction\":[{\"@type\":\"ReadAction\",\"target\":[\"https:\\\/\\\/t-tresserras.com\\\/ca\\\/avis-legal\\\/\"]}]},{\"@type\":\"BreadcrumbList\",\"@id\":\"https:\\\/\\\/t-tresserras.com\\\/ca\\\/avis-legal\\\/#breadcrumb\",\"itemListElement\":[{\"@type\":\"ListItem\",\"position\":1,\"name\":\"Inici\",\"item\":\"https:\\\/\\\/t-tresserras.com\\\/ca\\\/inici\\\/\"},{\"@type\":\"ListItem\",\"position\":2,\"name\":\"AV\u00cdS LEGAL\"}]},{\"@type\":\"WebSite\",\"@id\":\"https:\\\/\\\/t-tresserras.com\\\/ca\\\/#website\",\"url\":\"https:\\\/\\\/t-tresserras.com\\\/ca\\\/\",\"name\":\"Transports Tresserras\",\"description\":\"Altre lloc gestionat amb el WordPress\",\"publisher\":{\"@id\":\"https:\\\/\\\/t-tresserras.com\\\/ca\\\/#organization\"},\"potentialAction\":[{\"@type\":\"SearchAction\",\"target\":{\"@type\":\"EntryPoint\",\"urlTemplate\":\"https:\\\/\\\/t-tresserras.com\\\/ca\\\/?s={search_term_string}\"},\"query-input\":{\"@type\":\"PropertyValueSpecification\",\"valueRequired\":true,\"valueName\":\"search_term_string\"}}],\"inLanguage\":\"ca\"},{\"@type\":\"Organization\",\"@id\":\"https:\\\/\\\/t-tresserras.com\\\/ca\\\/#organization\",\"name\":\"Transportes Tresserras\",\"url\":\"https:\\\/\\\/t-tresserras.com\\\/ca\\\/\",\"logo\":{\"@type\":\"ImageObject\",\"inLanguage\":\"ca\",\"@id\":\"https:\\\/\\\/t-tresserras.com\\\/ca\\\/#\\\/schema\\\/logo\\\/image\\\/\",\"url\":\"https:\\\/\\\/t-tresserras.com\\\/wp-content\\\/uploads\\\/2017\\\/07\\\/t-tresserras.jpg\",\"contentUrl\":\"https:\\\/\\\/t-tresserras.com\\\/wp-content\\\/uploads\\\/2017\\\/07\\\/t-tresserras.jpg\",\"width\":1144,\"height\":507,\"caption\":\"Transportes Tresserras\"},\"image\":{\"@id\":\"https:\\\/\\\/t-tresserras.com\\\/ca\\\/#\\\/schema\\\/logo\\\/image\\\/\"},\"sameAs\":[\"https:\\\/\\\/www.facebook.com\\\/pages\\\/Transports-Tresserras\",\"https:\\\/\\\/www.linkedin.com\\\/company\\\/transporte-t-tresserras\"]}]}<\/script>\n<!-- \/ Yoast SEO plugin. -->","yoast_head_json":{"title":"Transport Internacional grupatge de Mercaderies | AV\u00cdS LEGAL","description":"Transports Tresserras especialistes en grupatge de Mercaderies a temperatura controlada. Equip professional, sortides di\u00e0ries internacionals i nacionals. AV\u00cdS LEGAL","robots":{"index":"index","follow":"follow","max-snippet":"max-snippet:-1","max-image-preview":"max-image-preview:large","max-video-preview":"max-video-preview:-1"},"canonical":"https:\/\/t-tresserras.com\/ca\/avis-legal\/","og_locale":"ca_ES","og_type":"article","og_title":"Transport Internacional grupatge de Mercaderies | AV\u00cdS LEGAL","og_description":"Transports Tresserras especialistes en grupatge de Mercaderies a temperatura controlada. Equip professional, sortides di\u00e0ries internacionals i nacionals. AV\u00cdS LEGAL","og_url":"https:\/\/t-tresserras.com\/ca\/avis-legal\/","og_site_name":"Transports Tresserras","article_publisher":"https:\/\/www.facebook.com\/pages\/Transports-Tresserras","article_modified_time":"2022-05-12T08:00:44+00:00","og_image":[{"width":1239,"height":670,"url":"https:\/\/t-tresserras.com\/wp-content\/uploads\/2017\/10\/CAMIONS_2.jpg","type":"image\/jpeg"}],"twitter_card":"summary_large_image","twitter_misc":{"Temps estimat de lectura":"2 minuts"},"schema":{"@context":"https:\/\/schema.org","@graph":[{"@type":"WebPage","@id":"https:\/\/t-tresserras.com\/ca\/avis-legal\/","url":"https:\/\/t-tresserras.com\/ca\/avis-legal\/","name":"Transport Internacional grupatge de Mercaderies | AV\u00cdS LEGAL","isPartOf":{"@id":"https:\/\/t-tresserras.com\/ca\/#website"},"datePublished":"2018-06-20T08:09:12+00:00","dateModified":"2022-05-12T08:00:44+00:00","description":"Transports Tresserras especialistes en grupatge de Mercaderies a temperatura controlada. Equip professional, sortides di\u00e0ries internacionals i nacionals. AV\u00cdS LEGAL","breadcrumb":{"@id":"https:\/\/t-tresserras.com\/ca\/avis-legal\/#breadcrumb"},"inLanguage":"ca","potentialAction":[{"@type":"ReadAction","target":["https:\/\/t-tresserras.com\/ca\/avis-legal\/"]}]},{"@type":"BreadcrumbList","@id":"https:\/\/t-tresserras.com\/ca\/avis-legal\/#breadcrumb","itemListElement":[{"@type":"ListItem","position":1,"name":"Inici","item":"https:\/\/t-tresserras.com\/ca\/inici\/"},{"@type":"ListItem","position":2,"name":"AV\u00cdS LEGAL"}]},{"@type":"WebSite","@id":"https:\/\/t-tresserras.com\/ca\/#website","url":"https:\/\/t-tresserras.com\/ca\/","name":"Transports Tresserras","description":"Altre lloc gestionat amb el WordPress","publisher":{"@id":"https:\/\/t-tresserras.com\/ca\/#organization"},"potentialAction":[{"@type":"SearchAction","target":{"@type":"EntryPoint","urlTemplate":"https:\/\/t-tresserras.com\/ca\/?s={search_term_string}"},"query-input":{"@type":"PropertyValueSpecification","valueRequired":true,"valueName":"search_term_string"}}],"inLanguage":"ca"},{"@type":"Organization","@id":"https:\/\/t-tresserras.com\/ca\/#organization","name":"Transportes Tresserras","url":"https:\/\/t-tresserras.com\/ca\/","logo":{"@type":"ImageObject","inLanguage":"ca","@id":"https:\/\/t-tresserras.com\/ca\/#\/schema\/logo\/image\/","url":"https:\/\/t-tresserras.com\/wp-content\/uploads\/2017\/07\/t-tresserras.jpg","contentUrl":"https:\/\/t-tresserras.com\/wp-content\/uploads\/2017\/07\/t-tresserras.jpg","width":1144,"height":507,"caption":"Transportes Tresserras"},"image":{"@id":"https:\/\/t-tresserras.com\/ca\/#\/schema\/logo\/image\/"},"sameAs":["https:\/\/www.facebook.com\/pages\/Transports-Tresserras","https:\/\/www.linkedin.com\/company\/transporte-t-tresserras"]}]}},"_links":{"self":[{"href":"https:\/\/t-tresserras.com\/ca\/wp-json\/wp\/v2\/pages\/5435","targetHints":{"allow":["GET"]}}],"collection":[{"href":"https:\/\/t-tresserras.com\/ca\/wp-json\/wp\/v2\/pages"}],"about":[{"href":"https:\/\/t-tresserras.com\/ca\/wp-json\/wp\/v2\/types\/page"}],"author":[{"embeddable":true,"href":"https:\/\/t-tresserras.com\/ca\/wp-json\/wp\/v2\/users\/1"}],"replies":[{"embeddable":true,"href":"https:\/\/t-tresserras.com\/ca\/wp-json\/wp\/v2\/comments?post=5435"}],"version-history":[{"count":0,"href":"https:\/\/t-tresserras.com\/ca\/wp-json\/wp\/v2\/pages\/5435\/revisions"}],"wp:attachment":[{"href":"https:\/\/t-tresserras.com\/ca\/wp-json\/wp\/v2\/media?parent=5435"}],"curies":[{"name":"wp","href":"https:\/\/api.w.org\/{rel}","templated":true}]}}