{"id":3717,"date":"2018-04-23T12:03:55","date_gmt":"2018-04-23T11:03:55","guid":{"rendered":"http:\/\/www.t-tresserras.com\/certificats\/"},"modified":"2025-06-12T07:50:45","modified_gmt":"2025-06-12T06:50:45","slug":"certificats","status":"publish","type":"page","link":"https:\/\/t-tresserras.com\/ca\/certificats\/","title":{"rendered":"CERTIFICATS"},"content":{"rendered":"<div id='full_slider_1'  class='avia-fullwidth-slider main_color avia-shadow   avia-builder-el-0  el_before_av_section  avia-builder-el-first   container_wrap fullsize'  ><div  class='avia-slideshow av-12dweix-4ca84f94820a0c3a6e74dce15ffba056 avia-slideshow-no scaling av_slideshow_full avia-slide_up-slider av-slideshow-ui av-control-minimal av-slideshow-manual av-loop-once av-loop-manual-endless av-default-height-applied   avia-slideshow-1' data-slideshow-options=\"{&quot;animation&quot;:&quot;slide_up&quot;,&quot;autoplay&quot;:false,&quot;loop_autoplay&quot;:&quot;once&quot;,&quot;interval&quot;:6,&quot;loop_manual&quot;:&quot;manual-endless&quot;,&quot;autoplay_stopper&quot;:false,&quot;noNavigation&quot;:false,&quot;bg_slider&quot;:false,&quot;keep_padding&quot;:false,&quot;hoverpause&quot;:false,&quot;show_slide_delay&quot;:0}\"  itemprop=\"image\" itemscope=\"itemscope\" itemtype=\"https:\/\/schema.org\/ImageObject\" ><ul class='avia-slideshow-inner ' style='padding-bottom: 34.583333333333%;'><li  class='avia-slideshow-slide av-12dweix-4ca84f94820a0c3a6e74dce15ffba056__0  av-single-slide slide-1 slide-odd'><div data-rel='slideshow-1' class='avia-slide-wrap '   ><img decoding=\"async\" fetchpriority=\"high\" class=\"wp-image-6953 avia-img-lazy-loading-not-6953\"  src=\"https:\/\/t-tresserras.com\/wp-content\/uploads\/2017\/10\/CERTIFICATS.jpg\" width=\"1920\" height=\"664\" title='CERTIFICATS' alt=''  itemprop=\"thumbnailUrl\" srcset=\"https:\/\/t-tresserras.com\/wp-content\/uploads\/2017\/10\/CERTIFICATS.jpg 1920w, https:\/\/t-tresserras.com\/wp-content\/uploads\/2017\/10\/CERTIFICATS-300x104.jpg 300w, https:\/\/t-tresserras.com\/wp-content\/uploads\/2017\/10\/CERTIFICATS-768x266.jpg 768w, https:\/\/t-tresserras.com\/wp-content\/uploads\/2017\/10\/CERTIFICATS-1030x356.jpg 1030w, https:\/\/t-tresserras.com\/wp-content\/uploads\/2017\/10\/CERTIFICATS-1500x519.jpg 1500w, https:\/\/t-tresserras.com\/wp-content\/uploads\/2017\/10\/CERTIFICATS-705x244.jpg 705w, https:\/\/t-tresserras.com\/wp-content\/uploads\/2017\/10\/CERTIFICATS-450x156.jpg 450w\" sizes=\"(max-width: 1920px) 100vw, 1920px\" \/><\/div><\/li><\/ul><\/div><\/div>\n\n<style type=\"text\/css\" data-created_by=\"avia_inline_auto\" id=\"style-css-av-zevy95-be29a1f5ccb137e3fc71fa64c7633d63\">\n.avia-section.av-zevy95-be29a1f5ccb137e3fc71fa64c7633d63{\nbackground-color:#ffffff;\nbackground-image:unset;\n}\n<\/style>\n<div id='av_section_1'  class='avia-section av-zevy95-be29a1f5ccb137e3fc71fa64c7633d63 main_color avia-section-no-padding avia-no-border-styling  avia-builder-el-1  el_after_av_slideshow_full  el_before_av_section  avia-bg-style-scroll container_wrap fullsize'  ><div class='container av-section-cont-open' ><div class='template-page content  av-content-full alpha units'><div class='post-entry post-entry-type-page post-entry-3717'><div class='entry-content-wrapper clearfix'>\n\n<style type=\"text\/css\" data-created_by=\"avia_inline_auto\" id=\"style-css-av-yp6vs9-85340e1973da4bc34fb6e8ba62809707\">\n#top .hr.hr-invisible.av-yp6vs9-85340e1973da4bc34fb6e8ba62809707{\nheight:80px;\n}\n<\/style>\n<div  class='hr av-yp6vs9-85340e1973da4bc34fb6e8ba62809707 hr-invisible  avia-builder-el-2  el_before_av_one_third  avia-builder-el-first '><span class='hr-inner '><span class=\"hr-inner-style\"><\/span><\/span><\/div>\n\n<style type=\"text\/css\" data-created_by=\"avia_inline_auto\" id=\"style-css-av-wuojsp-a6b9e9f2ac674b9f0d35c6664fa7b3c5\">\n.flex_column.av-wuojsp-a6b9e9f2ac674b9f0d35c6664fa7b3c5{\nborder-radius:0px 0px 0px 0px;\npadding:0px 0px 0px 0px;\n}\n<\/style>\n<div  class='flex_column av-wuojsp-a6b9e9f2ac674b9f0d35c6664fa7b3c5 av_one_third  avia-builder-el-3  el_after_av_hr  el_before_av_one_fifth  first flex_column_div av-zero-column-padding  '     ><\/div>\n<style type=\"text\/css\" data-created_by=\"avia_inline_auto\" id=\"style-css-av-vcz915-fc00d0cca0f5a42e0f0b46961507f004\">\n.flex_column.av-vcz915-fc00d0cca0f5a42e0f0b46961507f004{\nborder-radius:0px 0px 0px 0px;\npadding:15px 0px 0px 0px;\n}\n<\/style>\n<div  class='flex_column av-vcz915-fc00d0cca0f5a42e0f0b46961507f004 av_one_fifth  avia-builder-el-4  el_after_av_one_third  el_before_av_one_fifth  flex_column_div  '     ><style type=\"text\/css\" data-created_by=\"avia_inline_auto\" id=\"style-css-av-2umy55-522237eb0f401b1932865b7f73b0552d\">\n#top .av_textblock_section.av-2umy55-522237eb0f401b1932865b7f73b0552d .avia_textblock{\nfont-size:29px;\ncolor:#007c59;\n}\n<\/style>\n<section  class='av_textblock_section av-2umy55-522237eb0f401b1932865b7f73b0552d '   itemscope=\"itemscope\" itemtype=\"https:\/\/schema.org\/CreativeWork\" ><div class='avia_textblock av_inherit_color'  itemprop=\"text\" ><h1 style=\"text-align: left;\">CERTIFICATS<\/h1>\n<\/div><\/section><\/div>\n<style type=\"text\/css\" data-created_by=\"avia_inline_auto\" id=\"style-css-av-r5fkpl-fb1ac4d5f6fc358ca3bf019bc58a9e08\">\n.flex_column.av-r5fkpl-fb1ac4d5f6fc358ca3bf019bc58a9e08{\nborder-radius:0px 0px 0px 0px;\npadding:0px 0px 0px 0px;\n}\n<\/style>\n<div  class='flex_column av-r5fkpl-fb1ac4d5f6fc358ca3bf019bc58a9e08 av_one_fifth  avia-builder-el-6  el_after_av_one_fifth  el_before_av_one_fourth  flex_column_div  '     ><style type=\"text\/css\" data-created_by=\"avia_inline_auto\" id=\"style-css-av-qfkpwp-0c574231f867ec75c169e41e309a7fd4\">\n.avia-image-container.av-qfkpwp-0c574231f867ec75c169e41e309a7fd4 img.avia_image{\nbox-shadow:none;\n}\n.avia-image-container.av-qfkpwp-0c574231f867ec75c169e41e309a7fd4 .av-image-caption-overlay-center{\ncolor:#ffffff;\n}\n<\/style>\n<div  class='avia-image-container av-qfkpwp-0c574231f867ec75c169e41e309a7fd4 av-styling- avia-align-left  avia-builder-el-7  avia-builder-el-no-sibling '   itemprop=\"image\" itemscope=\"itemscope\" itemtype=\"https:\/\/schema.org\/ImageObject\" ><div class=\"avia-image-container-inner\"><div class=\"avia-image-overlay-wrap\"><img decoding=\"async\" fetchpriority=\"high\" class='wp-image-6845 avia-img-lazy-loading-not-6845 avia_image ' src=\"https:\/\/t-tresserras.com\/wp-content\/uploads\/2017\/10\/CERTIFICADOS-5.png\" alt='' title='CERTIFICADOS'  height=\"116\" width=\"87\"  itemprop=\"thumbnailUrl\"  \/><\/div><\/div><\/div><\/div>\n<style type=\"text\/css\" data-created_by=\"avia_inline_auto\" id=\"style-css-av-nfp6t5-10e739a2610588f4ec4f9e22ccddd810\">\n.flex_column.av-nfp6t5-10e739a2610588f4ec4f9e22ccddd810{\nborder-radius:0px 0px 0px 0px;\npadding:0px 0px 0px 0px;\n}\n<\/style>\n<div  class='flex_column av-nfp6t5-10e739a2610588f4ec4f9e22ccddd810 av_one_fourth  avia-builder-el-8  el_after_av_one_fifth  el_before_av_hr  flex_column_div av-zero-column-padding  '     ><\/div>\n<style type=\"text\/css\" data-created_by=\"avia_inline_auto\" id=\"style-css-av-myou21-737b642abf3c4aa00ef88a787e7c4566\">\n#top .hr.hr-invisible.av-myou21-737b642abf3c4aa00ef88a787e7c4566{\nmargin-top:-250px;\nheight:1px;\n}\n<\/style>\n<div  class='hr av-myou21-737b642abf3c4aa00ef88a787e7c4566 hr-invisible  avia-builder-el-9  el_after_av_one_fourth  el_before_av_one_fifth '><span class='hr-inner '><span class=\"hr-inner-style\"><\/span><\/span><\/div>\n\n<style type=\"text\/css\" data-created_by=\"avia_inline_auto\" id=\"style-css-av-lgj15l-8db93abd98da02b11e5affcdd51a558b\">\n.flex_column.av-lgj15l-8db93abd98da02b11e5affcdd51a558b{\nborder-radius:0px 0px 0px 0px;\npadding:0px 0px 0px 0px;\n}\n<\/style>\n<div  class='flex_column av-lgj15l-8db93abd98da02b11e5affcdd51a558b av_one_fifth  avia-builder-el-10  el_after_av_hr  el_before_av_three_fifth  first flex_column_div av-zero-column-padding  '     ><\/div>\n<style type=\"text\/css\" data-created_by=\"avia_inline_auto\" id=\"style-css-av-jtoc09-a01b9da16cba3f28a13960df427b58d4\">\n.flex_column.av-jtoc09-a01b9da16cba3f28a13960df427b58d4{\nborder-radius:0px 0px 0px 0px;\npadding:0px 0px 0px 0px;\n}\n<\/style>\n<div  class='flex_column av-jtoc09-a01b9da16cba3f28a13960df427b58d4 av_three_fifth  avia-builder-el-11  el_after_av_one_fifth  el_before_av_one_fifth  flex_column_div av-zero-column-padding  '     ><section  class='av_textblock_section av-gstfrd-2ba6f8e44d78d8ea39106fec2d583cbe '   itemscope=\"itemscope\" itemtype=\"https:\/\/schema.org\/CreativeWork\" ><div class='avia_textblock'  itemprop=\"text\" ><p style=\"text-align: center;\">L&#8217;activitat de Transports Tresserras es realitza amb el comprom\u00eds de garantir la qualitat del servei ofert i l&#8217;adequaci\u00f3 de les instal\u00b7lacions i la flota de vehicles a les normatives internacionals existents, amb la consecuci\u00f3 de les certificacions corresponents a \u00e0mbits de qualitat, sanitat i medi ambient.<\/p>\n<\/div><\/section><\/div>\n<style type=\"text\/css\" data-created_by=\"avia_inline_auto\" id=\"style-css-av-gj2kl5-31a547d594939b6b2dbe71eb3650a31a\">\n.flex_column.av-gj2kl5-31a547d594939b6b2dbe71eb3650a31a{\nborder-radius:0px 0px 0px 0px;\npadding:0px 0px 0px 0px;\n}\n<\/style>\n<div  class='flex_column av-gj2kl5-31a547d594939b6b2dbe71eb3650a31a av_one_fifth  avia-builder-el-13  el_after_av_three_fifth  el_before_av_hr  flex_column_div av-zero-column-padding  '     ><\/div>\n<style type=\"text\/css\" data-created_by=\"avia_inline_auto\" id=\"style-css-av-1h2ebd-e071e20e60a4cebf1d07a2dfb641a108\">\n#top .hr.hr-invisible.av-1h2ebd-e071e20e60a4cebf1d07a2dfb641a108{\nheight:50px;\n}\n<\/style>\n<div  class='hr av-1h2ebd-e071e20e60a4cebf1d07a2dfb641a108 hr-invisible  avia-builder-el-14  el_after_av_one_fifth  avia-builder-el-last '><span class='hr-inner '><span class=\"hr-inner-style\"><\/span><\/span><\/div>\n\n<\/div><\/div><\/div><!-- close content main div --><\/div><\/div>\n<style type=\"text\/css\" data-created_by=\"avia_inline_auto\" id=\"style-css-av-ckb1ft-0bfef40a32d4587ad33cc565f0bbc09d\">\n.avia-section.av-ckb1ft-0bfef40a32d4587ad33cc565f0bbc09d{\nbackground-color:#007c57;\nbackground-image:unset;\n}\n<\/style>\n<div id='av_section_2'  class='avia-section av-ckb1ft-0bfef40a32d4587ad33cc565f0bbc09d main_color avia-section-default avia-no-border-styling  avia-builder-el-15  el_after_av_section  avia-builder-el-last  avia-bg-style-scroll container_wrap fullsize'  ><div class='container av-section-cont-open' ><div class='template-page content  av-content-full alpha units'><div class='post-entry post-entry-type-page post-entry-3717'><div class='entry-content-wrapper clearfix'>\n\n<style type=\"text\/css\" data-created_by=\"avia_inline_auto\" id=\"style-css-av-ah4mvt-7dc0ab79e894a036bc44ae4879545557\">\n.flex_column.av-ah4mvt-7dc0ab79e894a036bc44ae4879545557{\nborder-radius:0px 0px 0px 0px;\npadding:0px 0px 0px 0px;\n}\n<\/style>\n<div  class='flex_column av-ah4mvt-7dc0ab79e894a036bc44ae4879545557 av_one_third  avia-builder-el-16  el_before_av_two_third  avia-builder-el-first  first flex_column_div av-zero-column-padding  '     ><style type=\"text\/css\" data-created_by=\"avia_inline_auto\" id=\"style-css-av-91ea4p-7632c52ada7fda4554b46220020414de\">\n.avia-image-container.av-91ea4p-7632c52ada7fda4554b46220020414de img.avia_image{\nbox-shadow:none;\n}\n.avia-image-container.av-91ea4p-7632c52ada7fda4554b46220020414de .av-image-caption-overlay-center{\ncolor:#ffffff;\n}\n<\/style>\n<div  class='avia-image-container av-91ea4p-7632c52ada7fda4554b46220020414de av-styling- avia-align-right  avia-builder-el-17  avia-builder-el-no-sibling '   itemprop=\"image\" itemscope=\"itemscope\" itemtype=\"https:\/\/schema.org\/ImageObject\" ><div class=\"avia-image-container-inner\"><div class=\"avia-image-overlay-wrap\"><img decoding=\"async\" fetchpriority=\"high\" class='wp-image-7428 avia-img-lazy-loading-not-7428 avia_image ' src=\"https:\/\/t-tresserras.com\/wp-content\/uploads\/2018\/05\/fotonoticia-28_2-300x176.png\" alt='' title='fotonoticia-28_2'  height=\"176\" width=\"300\"  itemprop=\"thumbnailUrl\" srcset=\"https:\/\/t-tresserras.com\/wp-content\/uploads\/2018\/05\/fotonoticia-28_2-300x176.png 300w, https:\/\/t-tresserras.com\/wp-content\/uploads\/2018\/05\/fotonoticia-28_2.png 546w, https:\/\/t-tresserras.com\/wp-content\/uploads\/2018\/05\/fotonoticia-28_2-450x265.png 450w\" sizes=\"(max-width: 300px) 100vw, 300px\" \/><\/div><\/div><\/div><\/div>\n<style type=\"text\/css\" data-created_by=\"avia_inline_auto\" id=\"style-css-av-79pjjt-3be5bbd6bb350792952fef4885fe7e23\">\n.flex_column.av-79pjjt-3be5bbd6bb350792952fef4885fe7e23{\nborder-radius:0px 0px 0px 0px;\npadding:0px 0px 0px 0px;\n}\n<\/style>\n<div  class='flex_column av-79pjjt-3be5bbd6bb350792952fef4885fe7e23 av_two_third  avia-builder-el-18  el_after_av_one_third  el_before_av_button  flex_column_div av-zero-column-padding  '     ><section  class='av_textblock_section av-n009l-0852291a48feaf71eacf3c479aada6a2 '   itemscope=\"itemscope\" itemtype=\"https:\/\/schema.org\/CreativeWork\" ><div class='avia_textblock'  itemprop=\"text\" ><p style=\"text-align: justify; color: white;\">Transports Tresserras compleix amb la certificaci\u00f3 de seguretat aliment\u00e0ria <strong>IFS LOGISTICS 2.2<\/strong> que s&#8217;aplica en el transport i emmagatzematge de productes alimentaris per garantir les perfectes condicions de conservaci\u00f3 del producte en tot el proc\u00e9s.<\/p>\n<p style=\"text-align: justify; color: white;\">Amb aquesta certificaci\u00f3 garantim als nostres clients el sistema de control dels productes, aix\u00ed com dels processos tant en les nostres instal\u00b7lacions com en la flota de vehicles. Tot aix\u00f2 sota el control dels nostres equips de personal format, la qual cosa constata l&#8217;alt nivell de professionalitat.<\/p>\n<p style=\"text-align: justify; color: white;\">Transports Tresserras una vegada m\u00e9s constata el seu treball en la millora cont\u00ednua del servei al client i en el compliment de la legislaci\u00f3 de la seguretat aliment\u00e0ria.<\/p>\n<\/div><\/section><\/div><div  class='avia-button-wrap av-4ob261-e22dae595bdebb72fa147ee90e65cd35-wrap avia-button-right  avia-builder-el-20  el_after_av_two_third  el_before_av_hr '>\n<style type=\"text\/css\" data-created_by=\"avia_inline_auto\" id=\"style-css-av-4ob261-e22dae595bdebb72fa147ee90e65cd35\">\n#top #wrap_all .avia-button.av-4ob261-e22dae595bdebb72fa147ee90e65cd35{\nbackground-color:#fddc3f;\nborder-color:#fddc3f;\ncolor:#007c59;\ntransition:all 0.4s ease-in-out;\n}\n#top #wrap_all .avia-button.av-4ob261-e22dae595bdebb72fa147ee90e65cd35 .avia-svg-icon svg:first-child{\nfill:#007c59;\nstroke:#007c59;\n}\n<\/style>\n<a href='https:\/\/t-tresserras.com\/wp-content\/uploads\/2025\/06\/CERTIFICAT-IFS-1.pdf'  class='avia-button av-4ob261-e22dae595bdebb72fa147ee90e65cd35 av-link-btn avia-icon_select-no avia-size-small avia-position-right'   aria-label=\"CERTIFICAT IFS&lt;br \/&gt;\nLOGISTICS 2.3\"><span class='avia_iconbox_title' >CERTIFICAT IFS<br \/>\nLOGISTICS 2.3<\/span><\/a><\/div>\n\n<style type=\"text\/css\" data-created_by=\"avia_inline_auto\" id=\"style-css-av-2vf0y1-f42a305d01972b3166fae0de13685ad6\">\n#top .hr.hr-invisible.av-2vf0y1-f42a305d01972b3166fae0de13685ad6{\nheight:40px;\n}\n<\/style>\n<div  class='hr av-2vf0y1-f42a305d01972b3166fae0de13685ad6 hr-invisible  avia-builder-el-21  el_after_av_button  avia-builder-el-last '><span class='hr-inner '><span class=\"hr-inner-style\"><\/span><\/span><\/div>\n\n","protected":false},"excerpt":{"rendered":"","protected":false},"author":1,"featured_media":0,"parent":0,"menu_order":0,"comment_status":"closed","ping_status":"closed","template":"","meta":{"footnotes":""},"class_list":["post-3717","page","type-page","status-publish","hentry"],"yoast_head":"<!-- This site is optimized with the Yoast SEO plugin v27.3 - https:\/\/yoast.com\/product\/yoast-seo-wordpress\/ -->\n<title>Transport Internacional grupatge de Mercaderies | CERTIFICATS<\/title>\n<meta name=\"description\" content=\"Transports Tresserras especialistes en grupatge de Mercaderies a temperatura controlada. Equip professional, sortides di\u00e0ries internacionals i nacionals. CERTIFICATS\" \/>\n<meta name=\"robots\" content=\"index, follow, max-snippet:-1, max-image-preview:large, max-video-preview:-1\" \/>\n<link rel=\"canonical\" href=\"https:\/\/t-tresserras.com\/ca\/certificats\/\" \/>\n<meta property=\"og:locale\" content=\"ca_ES\" \/>\n<meta property=\"og:type\" content=\"article\" \/>\n<meta property=\"og:title\" content=\"Transport Internacional grupatge de Mercaderies | CERTIFICATS\" \/>\n<meta property=\"og:description\" content=\"Transports Tresserras especialistes en grupatge de Mercaderies a temperatura controlada. Equip professional, sortides di\u00e0ries internacionals i nacionals. CERTIFICATS\" \/>\n<meta property=\"og:url\" content=\"https:\/\/t-tresserras.com\/ca\/certificats\/\" \/>\n<meta property=\"og:site_name\" content=\"Transports Tresserras\" \/>\n<meta property=\"article:publisher\" content=\"https:\/\/www.facebook.com\/pages\/Transports-Tresserras\" \/>\n<meta property=\"article:modified_time\" content=\"2025-06-12T06:50:45+00:00\" \/>\n<meta property=\"og:image\" content=\"https:\/\/t-tresserras.com\/wp-content\/uploads\/2017\/10\/CAMIONS_2.jpg\" \/>\n\t<meta property=\"og:image:width\" content=\"1239\" \/>\n\t<meta property=\"og:image:height\" content=\"670\" \/>\n\t<meta property=\"og:image:type\" content=\"image\/jpeg\" \/>\n<meta name=\"twitter:card\" content=\"summary_large_image\" \/>\n<script type=\"application\/ld+json\" class=\"yoast-schema-graph\">{\"@context\":\"https:\\\/\\\/schema.org\",\"@graph\":[{\"@type\":\"WebPage\",\"@id\":\"https:\\\/\\\/t-tresserras.com\\\/ca\\\/certificats\\\/\",\"url\":\"https:\\\/\\\/t-tresserras.com\\\/ca\\\/certificats\\\/\",\"name\":\"Transport Internacional grupatge de Mercaderies | CERTIFICATS\",\"isPartOf\":{\"@id\":\"https:\\\/\\\/t-tresserras.com\\\/ca\\\/#website\"},\"datePublished\":\"2018-04-23T11:03:55+00:00\",\"dateModified\":\"2025-06-12T06:50:45+00:00\",\"description\":\"Transports Tresserras especialistes en grupatge de Mercaderies a temperatura controlada. Equip professional, sortides di\u00e0ries internacionals i nacionals. CERTIFICATS\",\"breadcrumb\":{\"@id\":\"https:\\\/\\\/t-tresserras.com\\\/ca\\\/certificats\\\/#breadcrumb\"},\"inLanguage\":\"ca\",\"potentialAction\":[{\"@type\":\"ReadAction\",\"target\":[\"https:\\\/\\\/t-tresserras.com\\\/ca\\\/certificats\\\/\"]}]},{\"@type\":\"BreadcrumbList\",\"@id\":\"https:\\\/\\\/t-tresserras.com\\\/ca\\\/certificats\\\/#breadcrumb\",\"itemListElement\":[{\"@type\":\"ListItem\",\"position\":1,\"name\":\"Inici\",\"item\":\"https:\\\/\\\/t-tresserras.com\\\/ca\\\/inici\\\/\"},{\"@type\":\"ListItem\",\"position\":2,\"name\":\"CERTIFICATS\"}]},{\"@type\":\"WebSite\",\"@id\":\"https:\\\/\\\/t-tresserras.com\\\/ca\\\/#website\",\"url\":\"https:\\\/\\\/t-tresserras.com\\\/ca\\\/\",\"name\":\"Transports Tresserras\",\"description\":\"Altre lloc gestionat amb el WordPress\",\"publisher\":{\"@id\":\"https:\\\/\\\/t-tresserras.com\\\/ca\\\/#organization\"},\"potentialAction\":[{\"@type\":\"SearchAction\",\"target\":{\"@type\":\"EntryPoint\",\"urlTemplate\":\"https:\\\/\\\/t-tresserras.com\\\/ca\\\/?s={search_term_string}\"},\"query-input\":{\"@type\":\"PropertyValueSpecification\",\"valueRequired\":true,\"valueName\":\"search_term_string\"}}],\"inLanguage\":\"ca\"},{\"@type\":\"Organization\",\"@id\":\"https:\\\/\\\/t-tresserras.com\\\/ca\\\/#organization\",\"name\":\"Transportes Tresserras\",\"url\":\"https:\\\/\\\/t-tresserras.com\\\/ca\\\/\",\"logo\":{\"@type\":\"ImageObject\",\"inLanguage\":\"ca\",\"@id\":\"https:\\\/\\\/t-tresserras.com\\\/ca\\\/#\\\/schema\\\/logo\\\/image\\\/\",\"url\":\"https:\\\/\\\/t-tresserras.com\\\/wp-content\\\/uploads\\\/2017\\\/07\\\/t-tresserras.jpg\",\"contentUrl\":\"https:\\\/\\\/t-tresserras.com\\\/wp-content\\\/uploads\\\/2017\\\/07\\\/t-tresserras.jpg\",\"width\":1144,\"height\":507,\"caption\":\"Transportes Tresserras\"},\"image\":{\"@id\":\"https:\\\/\\\/t-tresserras.com\\\/ca\\\/#\\\/schema\\\/logo\\\/image\\\/\"},\"sameAs\":[\"https:\\\/\\\/www.facebook.com\\\/pages\\\/Transports-Tresserras\",\"https:\\\/\\\/www.linkedin.com\\\/company\\\/transporte-t-tresserras\"]}]}<\/script>\n<!-- \/ Yoast SEO plugin. -->","yoast_head_json":{"title":"Transport Internacional grupatge de Mercaderies | CERTIFICATS","description":"Transports Tresserras especialistes en grupatge de Mercaderies a temperatura controlada. Equip professional, sortides di\u00e0ries internacionals i nacionals. CERTIFICATS","robots":{"index":"index","follow":"follow","max-snippet":"max-snippet:-1","max-image-preview":"max-image-preview:large","max-video-preview":"max-video-preview:-1"},"canonical":"https:\/\/t-tresserras.com\/ca\/certificats\/","og_locale":"ca_ES","og_type":"article","og_title":"Transport Internacional grupatge de Mercaderies | CERTIFICATS","og_description":"Transports Tresserras especialistes en grupatge de Mercaderies a temperatura controlada. Equip professional, sortides di\u00e0ries internacionals i nacionals. CERTIFICATS","og_url":"https:\/\/t-tresserras.com\/ca\/certificats\/","og_site_name":"Transports Tresserras","article_publisher":"https:\/\/www.facebook.com\/pages\/Transports-Tresserras","article_modified_time":"2025-06-12T06:50:45+00:00","og_image":[{"width":1239,"height":670,"url":"https:\/\/t-tresserras.com\/wp-content\/uploads\/2017\/10\/CAMIONS_2.jpg","type":"image\/jpeg"}],"twitter_card":"summary_large_image","schema":{"@context":"https:\/\/schema.org","@graph":[{"@type":"WebPage","@id":"https:\/\/t-tresserras.com\/ca\/certificats\/","url":"https:\/\/t-tresserras.com\/ca\/certificats\/","name":"Transport Internacional grupatge de Mercaderies | CERTIFICATS","isPartOf":{"@id":"https:\/\/t-tresserras.com\/ca\/#website"},"datePublished":"2018-04-23T11:03:55+00:00","dateModified":"2025-06-12T06:50:45+00:00","description":"Transports Tresserras especialistes en grupatge de Mercaderies a temperatura controlada. Equip professional, sortides di\u00e0ries internacionals i nacionals. CERTIFICATS","breadcrumb":{"@id":"https:\/\/t-tresserras.com\/ca\/certificats\/#breadcrumb"},"inLanguage":"ca","potentialAction":[{"@type":"ReadAction","target":["https:\/\/t-tresserras.com\/ca\/certificats\/"]}]},{"@type":"BreadcrumbList","@id":"https:\/\/t-tresserras.com\/ca\/certificats\/#breadcrumb","itemListElement":[{"@type":"ListItem","position":1,"name":"Inici","item":"https:\/\/t-tresserras.com\/ca\/inici\/"},{"@type":"ListItem","position":2,"name":"CERTIFICATS"}]},{"@type":"WebSite","@id":"https:\/\/t-tresserras.com\/ca\/#website","url":"https:\/\/t-tresserras.com\/ca\/","name":"Transports Tresserras","description":"Altre lloc gestionat amb el WordPress","publisher":{"@id":"https:\/\/t-tresserras.com\/ca\/#organization"},"potentialAction":[{"@type":"SearchAction","target":{"@type":"EntryPoint","urlTemplate":"https:\/\/t-tresserras.com\/ca\/?s={search_term_string}"},"query-input":{"@type":"PropertyValueSpecification","valueRequired":true,"valueName":"search_term_string"}}],"inLanguage":"ca"},{"@type":"Organization","@id":"https:\/\/t-tresserras.com\/ca\/#organization","name":"Transportes Tresserras","url":"https:\/\/t-tresserras.com\/ca\/","logo":{"@type":"ImageObject","inLanguage":"ca","@id":"https:\/\/t-tresserras.com\/ca\/#\/schema\/logo\/image\/","url":"https:\/\/t-tresserras.com\/wp-content\/uploads\/2017\/07\/t-tresserras.jpg","contentUrl":"https:\/\/t-tresserras.com\/wp-content\/uploads\/2017\/07\/t-tresserras.jpg","width":1144,"height":507,"caption":"Transportes Tresserras"},"image":{"@id":"https:\/\/t-tresserras.com\/ca\/#\/schema\/logo\/image\/"},"sameAs":["https:\/\/www.facebook.com\/pages\/Transports-Tresserras","https:\/\/www.linkedin.com\/company\/transporte-t-tresserras"]}]}},"_links":{"self":[{"href":"https:\/\/t-tresserras.com\/ca\/wp-json\/wp\/v2\/pages\/3717","targetHints":{"allow":["GET"]}}],"collection":[{"href":"https:\/\/t-tresserras.com\/ca\/wp-json\/wp\/v2\/pages"}],"about":[{"href":"https:\/\/t-tresserras.com\/ca\/wp-json\/wp\/v2\/types\/page"}],"author":[{"embeddable":true,"href":"https:\/\/t-tresserras.com\/ca\/wp-json\/wp\/v2\/users\/1"}],"replies":[{"embeddable":true,"href":"https:\/\/t-tresserras.com\/ca\/wp-json\/wp\/v2\/comments?post=3717"}],"version-history":[{"count":0,"href":"https:\/\/t-tresserras.com\/ca\/wp-json\/wp\/v2\/pages\/3717\/revisions"}],"wp:attachment":[{"href":"https:\/\/t-tresserras.com\/ca\/wp-json\/wp\/v2\/media?parent=3717"}],"curies":[{"name":"wp","href":"https:\/\/api.w.org\/{rel}","templated":true}]}}