{"id":3565,"date":"2018-03-27T11:36:07","date_gmt":"2018-03-27T10:36:07","guid":{"rendered":"http:\/\/www.t-tresserras.com\/?page_id=3565"},"modified":"2018-06-20T09:08:11","modified_gmt":"2018-06-20T08:08:11","slug":"politica-de-privacitat","status":"publish","type":"page","link":"https:\/\/t-tresserras.com\/ca\/politica-de-privacitat\/","title":{"rendered":"Pol\u00edtica de privacitat"},"content":{"rendered":"<h2>Pol\u00edtica de Privacidad<\/h2>\n<p>TRANSPORTS TRESSERRAS, SA se reserva la facultad de incluir en un fichero de datos de car\u00e1cter personal creado bajo nuestra responsabilidad los datos que Ud. nos facilite voluntariamente (por ejemplo a trav\u00e9s del correo electr\u00f3nico o de formularios puestos a su disposici\u00f3n en el presente sitio web) con la finalidad de poder gestionar sus peticiones y\/o consultas. Ud. podr\u00e1 ejercer los derechos de acceso, rectificaci\u00f3n, cancelaci\u00f3n y oposici\u00f3n dirigiendo a tal efecto un escrito (acompa\u00f1ando copia de un documento oficial que le identifique) a TRANSPORTS TRESSERRAS, SA (C\/ Industria, 1- 17813 LA VALL DE BIANYA (Girona), indicando en el sobre o en el asunto del mensaje la referencia: \u201cPol\u00edtica de privacidad\u201d.<\/p>\n<p>TRANSPORTS TRESSERRAS, SA se compromete a observar la obligaci\u00f3n de secreto de los datos de car\u00e1cter personal que nos facilite, a tratarlos de forma confidencial y a guardarlos adoptando las medidas necesarias para evitar su alteraci\u00f3n, p\u00e9rdida, tratamiento o acceso no autorizados, habida cuenta en todo momento del estado de la tecnolog\u00eda.<\/p>\n<p>En nuestra p\u00e1gina web no existen hiperv\u00ednculos que permitan la comunicaci\u00f3n de sus datos a otras p\u00e1ginas web. Adem\u00e1s, sus datos no ser\u00e1n segmentados ni tampoco haremos uso de m\u00e9todos invisibles de datos personales.<\/p>\n<p>Es posible que en nuestra p\u00e1gina web existan formularios en los que se recaben sus datos para finalidades concretas. En estas circunstancias se estar\u00e1 a las condiciones espec\u00edficas aplicables en cada caso.<\/p>\n","protected":false},"excerpt":{"rendered":"<p>Pol\u00edtica de Privacidad TRANSPORTS TRESSERRAS, SA se reserva la facultad de incluir en un fichero de datos de car\u00e1cter personal creado bajo nuestra responsabilidad los datos que Ud. nos facilite voluntariamente (por ejemplo a trav\u00e9s del correo electr\u00f3nico o de formularios puestos a su disposici\u00f3n en el presente sitio web) con la finalidad de poder [&hellip;]<\/p>\n","protected":false},"author":1,"featured_media":0,"parent":0,"menu_order":0,"comment_status":"closed","ping_status":"closed","template":"","meta":{"footnotes":""},"class_list":["post-3565","page","type-page","status-publish","hentry"],"yoast_head":"<!-- This site is optimized with the Yoast SEO plugin v27.3 - https:\/\/yoast.com\/product\/yoast-seo-wordpress\/ -->\n<title>Transport Internacional grupatge de Mercaderies | Pol\u00edtica de privacitat<\/title>\n<meta name=\"description\" content=\"Transports Tresserras especialistes en grupatge de Mercaderies a temperatura controlada. Equip professional, sortides di\u00e0ries internacionals i nacionals. Pol\u00edtica de privacitat\" \/>\n<meta name=\"robots\" content=\"index, follow, max-snippet:-1, max-image-preview:large, max-video-preview:-1\" \/>\n<link rel=\"canonical\" href=\"https:\/\/t-tresserras.com\/ca\/politica-de-privacitat\/\" \/>\n<meta property=\"og:locale\" content=\"ca_ES\" \/>\n<meta property=\"og:type\" content=\"article\" \/>\n<meta property=\"og:title\" content=\"Transport Internacional grupatge de Mercaderies | Pol\u00edtica de privacitat\" \/>\n<meta property=\"og:description\" content=\"Transports Tresserras especialistes en grupatge de Mercaderies a temperatura controlada. Equip professional, sortides di\u00e0ries internacionals i nacionals. Pol\u00edtica de privacitat\" \/>\n<meta property=\"og:url\" content=\"https:\/\/t-tresserras.com\/ca\/politica-de-privacitat\/\" \/>\n<meta property=\"og:site_name\" content=\"Transports Tresserras\" \/>\n<meta property=\"article:publisher\" content=\"https:\/\/www.facebook.com\/pages\/Transports-Tresserras\" \/>\n<meta property=\"article:modified_time\" content=\"2018-06-20T08:08:11+00:00\" \/>\n<meta property=\"og:image\" content=\"https:\/\/t-tresserras.com\/wp-content\/uploads\/2017\/10\/CAMIONS_2.jpg\" \/>\n\t<meta property=\"og:image:width\" content=\"1239\" \/>\n\t<meta property=\"og:image:height\" content=\"670\" \/>\n\t<meta property=\"og:image:type\" content=\"image\/jpeg\" \/>\n<meta name=\"twitter:card\" content=\"summary_large_image\" \/>\n<meta name=\"twitter:label1\" content=\"Temps estimat de lectura\" \/>\n\t<meta name=\"twitter:data1\" content=\"1 minut\" \/>\n<script type=\"application\/ld+json\" class=\"yoast-schema-graph\">{\"@context\":\"https:\\\/\\\/schema.org\",\"@graph\":[{\"@type\":\"WebPage\",\"@id\":\"https:\\\/\\\/t-tresserras.com\\\/ca\\\/politica-de-privacitat\\\/\",\"url\":\"https:\\\/\\\/t-tresserras.com\\\/ca\\\/politica-de-privacitat\\\/\",\"name\":\"Transport Internacional grupatge de Mercaderies | Pol\u00edtica de privacitat\",\"isPartOf\":{\"@id\":\"https:\\\/\\\/t-tresserras.com\\\/ca\\\/#website\"},\"datePublished\":\"2018-03-27T10:36:07+00:00\",\"dateModified\":\"2018-06-20T08:08:11+00:00\",\"description\":\"Transports Tresserras especialistes en grupatge de Mercaderies a temperatura controlada. Equip professional, sortides di\u00e0ries internacionals i nacionals. Pol\u00edtica de privacitat\",\"breadcrumb\":{\"@id\":\"https:\\\/\\\/t-tresserras.com\\\/ca\\\/politica-de-privacitat\\\/#breadcrumb\"},\"inLanguage\":\"ca\",\"potentialAction\":[{\"@type\":\"ReadAction\",\"target\":[\"https:\\\/\\\/t-tresserras.com\\\/ca\\\/politica-de-privacitat\\\/\"]}]},{\"@type\":\"BreadcrumbList\",\"@id\":\"https:\\\/\\\/t-tresserras.com\\\/ca\\\/politica-de-privacitat\\\/#breadcrumb\",\"itemListElement\":[{\"@type\":\"ListItem\",\"position\":1,\"name\":\"Inici\",\"item\":\"https:\\\/\\\/t-tresserras.com\\\/ca\\\/inici\\\/\"},{\"@type\":\"ListItem\",\"position\":2,\"name\":\"Pol\u00edtica de privacitat\"}]},{\"@type\":\"WebSite\",\"@id\":\"https:\\\/\\\/t-tresserras.com\\\/ca\\\/#website\",\"url\":\"https:\\\/\\\/t-tresserras.com\\\/ca\\\/\",\"name\":\"Transports Tresserras\",\"description\":\"Altre lloc gestionat amb el WordPress\",\"publisher\":{\"@id\":\"https:\\\/\\\/t-tresserras.com\\\/ca\\\/#organization\"},\"potentialAction\":[{\"@type\":\"SearchAction\",\"target\":{\"@type\":\"EntryPoint\",\"urlTemplate\":\"https:\\\/\\\/t-tresserras.com\\\/ca\\\/?s={search_term_string}\"},\"query-input\":{\"@type\":\"PropertyValueSpecification\",\"valueRequired\":true,\"valueName\":\"search_term_string\"}}],\"inLanguage\":\"ca\"},{\"@type\":\"Organization\",\"@id\":\"https:\\\/\\\/t-tresserras.com\\\/ca\\\/#organization\",\"name\":\"Transportes Tresserras\",\"url\":\"https:\\\/\\\/t-tresserras.com\\\/ca\\\/\",\"logo\":{\"@type\":\"ImageObject\",\"inLanguage\":\"ca\",\"@id\":\"https:\\\/\\\/t-tresserras.com\\\/ca\\\/#\\\/schema\\\/logo\\\/image\\\/\",\"url\":\"https:\\\/\\\/t-tresserras.com\\\/wp-content\\\/uploads\\\/2017\\\/07\\\/t-tresserras.jpg\",\"contentUrl\":\"https:\\\/\\\/t-tresserras.com\\\/wp-content\\\/uploads\\\/2017\\\/07\\\/t-tresserras.jpg\",\"width\":1144,\"height\":507,\"caption\":\"Transportes Tresserras\"},\"image\":{\"@id\":\"https:\\\/\\\/t-tresserras.com\\\/ca\\\/#\\\/schema\\\/logo\\\/image\\\/\"},\"sameAs\":[\"https:\\\/\\\/www.facebook.com\\\/pages\\\/Transports-Tresserras\",\"https:\\\/\\\/www.linkedin.com\\\/company\\\/transporte-t-tresserras\"]}]}<\/script>\n<!-- \/ Yoast SEO plugin. -->","yoast_head_json":{"title":"Transport Internacional grupatge de Mercaderies | Pol\u00edtica de privacitat","description":"Transports Tresserras especialistes en grupatge de Mercaderies a temperatura controlada. Equip professional, sortides di\u00e0ries internacionals i nacionals. Pol\u00edtica de privacitat","robots":{"index":"index","follow":"follow","max-snippet":"max-snippet:-1","max-image-preview":"max-image-preview:large","max-video-preview":"max-video-preview:-1"},"canonical":"https:\/\/t-tresserras.com\/ca\/politica-de-privacitat\/","og_locale":"ca_ES","og_type":"article","og_title":"Transport Internacional grupatge de Mercaderies | Pol\u00edtica de privacitat","og_description":"Transports Tresserras especialistes en grupatge de Mercaderies a temperatura controlada. Equip professional, sortides di\u00e0ries internacionals i nacionals. Pol\u00edtica de privacitat","og_url":"https:\/\/t-tresserras.com\/ca\/politica-de-privacitat\/","og_site_name":"Transports Tresserras","article_publisher":"https:\/\/www.facebook.com\/pages\/Transports-Tresserras","article_modified_time":"2018-06-20T08:08:11+00:00","og_image":[{"width":1239,"height":670,"url":"https:\/\/t-tresserras.com\/wp-content\/uploads\/2017\/10\/CAMIONS_2.jpg","type":"image\/jpeg"}],"twitter_card":"summary_large_image","twitter_misc":{"Temps estimat de lectura":"1 minut"},"schema":{"@context":"https:\/\/schema.org","@graph":[{"@type":"WebPage","@id":"https:\/\/t-tresserras.com\/ca\/politica-de-privacitat\/","url":"https:\/\/t-tresserras.com\/ca\/politica-de-privacitat\/","name":"Transport Internacional grupatge de Mercaderies | Pol\u00edtica de privacitat","isPartOf":{"@id":"https:\/\/t-tresserras.com\/ca\/#website"},"datePublished":"2018-03-27T10:36:07+00:00","dateModified":"2018-06-20T08:08:11+00:00","description":"Transports Tresserras especialistes en grupatge de Mercaderies a temperatura controlada. Equip professional, sortides di\u00e0ries internacionals i nacionals. Pol\u00edtica de privacitat","breadcrumb":{"@id":"https:\/\/t-tresserras.com\/ca\/politica-de-privacitat\/#breadcrumb"},"inLanguage":"ca","potentialAction":[{"@type":"ReadAction","target":["https:\/\/t-tresserras.com\/ca\/politica-de-privacitat\/"]}]},{"@type":"BreadcrumbList","@id":"https:\/\/t-tresserras.com\/ca\/politica-de-privacitat\/#breadcrumb","itemListElement":[{"@type":"ListItem","position":1,"name":"Inici","item":"https:\/\/t-tresserras.com\/ca\/inici\/"},{"@type":"ListItem","position":2,"name":"Pol\u00edtica de privacitat"}]},{"@type":"WebSite","@id":"https:\/\/t-tresserras.com\/ca\/#website","url":"https:\/\/t-tresserras.com\/ca\/","name":"Transports Tresserras","description":"Altre lloc gestionat amb el WordPress","publisher":{"@id":"https:\/\/t-tresserras.com\/ca\/#organization"},"potentialAction":[{"@type":"SearchAction","target":{"@type":"EntryPoint","urlTemplate":"https:\/\/t-tresserras.com\/ca\/?s={search_term_string}"},"query-input":{"@type":"PropertyValueSpecification","valueRequired":true,"valueName":"search_term_string"}}],"inLanguage":"ca"},{"@type":"Organization","@id":"https:\/\/t-tresserras.com\/ca\/#organization","name":"Transportes Tresserras","url":"https:\/\/t-tresserras.com\/ca\/","logo":{"@type":"ImageObject","inLanguage":"ca","@id":"https:\/\/t-tresserras.com\/ca\/#\/schema\/logo\/image\/","url":"https:\/\/t-tresserras.com\/wp-content\/uploads\/2017\/07\/t-tresserras.jpg","contentUrl":"https:\/\/t-tresserras.com\/wp-content\/uploads\/2017\/07\/t-tresserras.jpg","width":1144,"height":507,"caption":"Transportes Tresserras"},"image":{"@id":"https:\/\/t-tresserras.com\/ca\/#\/schema\/logo\/image\/"},"sameAs":["https:\/\/www.facebook.com\/pages\/Transports-Tresserras","https:\/\/www.linkedin.com\/company\/transporte-t-tresserras"]}]}},"_links":{"self":[{"href":"https:\/\/t-tresserras.com\/ca\/wp-json\/wp\/v2\/pages\/3565","targetHints":{"allow":["GET"]}}],"collection":[{"href":"https:\/\/t-tresserras.com\/ca\/wp-json\/wp\/v2\/pages"}],"about":[{"href":"https:\/\/t-tresserras.com\/ca\/wp-json\/wp\/v2\/types\/page"}],"author":[{"embeddable":true,"href":"https:\/\/t-tresserras.com\/ca\/wp-json\/wp\/v2\/users\/1"}],"replies":[{"embeddable":true,"href":"https:\/\/t-tresserras.com\/ca\/wp-json\/wp\/v2\/comments?post=3565"}],"version-history":[{"count":0,"href":"https:\/\/t-tresserras.com\/ca\/wp-json\/wp\/v2\/pages\/3565\/revisions"}],"wp:attachment":[{"href":"https:\/\/t-tresserras.com\/ca\/wp-json\/wp\/v2\/media?parent=3565"}],"curies":[{"name":"wp","href":"https:\/\/api.w.org\/{rel}","templated":true}]}}