{"id":2548,"date":"2018-02-15T11:02:26","date_gmt":"2018-02-15T10:02:26","guid":{"rendered":"http:\/\/www.t-tresserras.com\/treballa-amb-nosaltres\/"},"modified":"2023-07-25T11:43:27","modified_gmt":"2023-07-25T10:43:27","slug":"treballa-amb-nosaltres","status":"publish","type":"page","link":"https:\/\/t-tresserras.com\/ca\/treballa-amb-nosaltres\/","title":{"rendered":"TREBALLA AMB NOSALTRES"},"content":{"rendered":"<div id='full_slider_1'  class='avia-fullwidth-slider main_color avia-shadow av-small-hide av-mini-hide  avia-builder-el-0  el_before_av_slideshow_full  avia-builder-el-first   container_wrap fullsize'  ><div  class='avia-slideshow av-jtegtoq8-3fffc3dfff558000f577cb0cdef9d681 avia-slideshow-no scaling av_slideshow_full avia-slide_up-slider av-small-hide av-mini-hide av-slideshow-ui av-control-minimal av-slideshow-manual av-loop-once av-loop-manual-endless av-default-height-applied   avia-slideshow-1' data-slideshow-options=\"{&quot;animation&quot;:&quot;slide_up&quot;,&quot;autoplay&quot;:false,&quot;loop_autoplay&quot;:&quot;once&quot;,&quot;interval&quot;:6,&quot;loop_manual&quot;:&quot;manual-endless&quot;,&quot;autoplay_stopper&quot;:false,&quot;noNavigation&quot;:false,&quot;bg_slider&quot;:false,&quot;keep_padding&quot;:false,&quot;hoverpause&quot;:false,&quot;show_slide_delay&quot;:0}\"  itemprop=\"image\" itemscope=\"itemscope\" itemtype=\"https:\/\/schema.org\/ImageObject\" ><ul class='avia-slideshow-inner ' style='padding-bottom: 34.583333333333%;'><li  class='avia-slideshow-slide av-jtegtoq8-3fffc3dfff558000f577cb0cdef9d681__0  av-single-slide slide-1 slide-odd'><div data-rel='slideshow-1' class='avia-slide-wrap '   ><img decoding=\"async\" fetchpriority=\"high\" class=\"wp-image-6962 avia-img-lazy-loading-not-6962\"  src=\"https:\/\/t-tresserras.com\/wp-content\/uploads\/2017\/10\/TRABAJA.jpg\" width=\"1920\" height=\"664\" title='TRABAJA' alt=''  itemprop=\"thumbnailUrl\" srcset=\"https:\/\/t-tresserras.com\/wp-content\/uploads\/2017\/10\/TRABAJA.jpg 1920w, https:\/\/t-tresserras.com\/wp-content\/uploads\/2017\/10\/TRABAJA-300x104.jpg 300w, https:\/\/t-tresserras.com\/wp-content\/uploads\/2017\/10\/TRABAJA-768x266.jpg 768w, https:\/\/t-tresserras.com\/wp-content\/uploads\/2017\/10\/TRABAJA-1030x356.jpg 1030w, https:\/\/t-tresserras.com\/wp-content\/uploads\/2017\/10\/TRABAJA-1500x519.jpg 1500w, https:\/\/t-tresserras.com\/wp-content\/uploads\/2017\/10\/TRABAJA-705x244.jpg 705w, https:\/\/t-tresserras.com\/wp-content\/uploads\/2017\/10\/TRABAJA-450x156.jpg 450w\" sizes=\"(max-width: 1920px) 100vw, 1920px\" \/><\/div><\/li><\/ul><\/div><\/div>\n<div id='full_slider_2'  class='avia-fullwidth-slider main_color avia-shadow av-desktop-hide av-medium-hide  avia-builder-el-1  el_after_av_slideshow_full  el_before_av_section   slider-not-first container_wrap fullsize'  ><div  class='avia-slideshow av-jtegtfph-8c9ed0553fc2aeaf771f7acd3d91d765 avia-slideshow-no scaling av_slideshow_full avia-slide_up-slider av-desktop-hide av-medium-hide av-slideshow-ui av-control-minimal av-slideshow-manual av-loop-once av-loop-manual-endless av-default-height-applied   avia-slideshow-2' data-slideshow-options=\"{&quot;animation&quot;:&quot;slide_up&quot;,&quot;autoplay&quot;:false,&quot;loop_autoplay&quot;:&quot;once&quot;,&quot;interval&quot;:6,&quot;loop_manual&quot;:&quot;manual-endless&quot;,&quot;autoplay_stopper&quot;:false,&quot;noNavigation&quot;:false,&quot;bg_slider&quot;:false,&quot;keep_padding&quot;:false,&quot;hoverpause&quot;:false,&quot;show_slide_delay&quot;:0}\"  itemprop=\"image\" itemscope=\"itemscope\" itemtype=\"https:\/\/schema.org\/ImageObject\" ><ul class='avia-slideshow-inner ' style='padding-bottom: 83.333333333333%;'><li  class='avia-slideshow-slide av-jtegtfph-8c9ed0553fc2aeaf771f7acd3d91d765__0  av-single-slide slide-1 slide-odd'><div data-rel='slideshow-2' class='avia-slide-wrap '   ><img decoding=\"async\" fetchpriority=\"high\" class=\"wp-image-7808 avia-img-lazy-loading-not-7808\"  src=\"https:\/\/t-tresserras.com\/wp-content\/uploads\/2019\/03\/SliderTreballaAmbNosaltres_MVL.jpg\" width=\"600\" height=\"500\" title='SliderTreballaAmbNosaltres_MVL' alt=''  itemprop=\"thumbnailUrl\" srcset=\"https:\/\/t-tresserras.com\/wp-content\/uploads\/2019\/03\/SliderTreballaAmbNosaltres_MVL.jpg 600w, https:\/\/t-tresserras.com\/wp-content\/uploads\/2019\/03\/SliderTreballaAmbNosaltres_MVL-300x250.jpg 300w, https:\/\/t-tresserras.com\/wp-content\/uploads\/2019\/03\/SliderTreballaAmbNosaltres_MVL-450x375.jpg 450w\" sizes=\"(max-width: 600px) 100vw, 600px\" \/><\/div><\/li><\/ul><\/div><\/div>\n\n<style type=\"text\/css\" data-created_by=\"avia_inline_auto\" id=\"style-css-av-av_section-15e3947c270b59b146406b2b5aac7d8d\">\n.avia-section.av-av_section-15e3947c270b59b146406b2b5aac7d8d{\nbackground-color:#ffffff;\nbackground-image:unset;\n}\n<\/style>\n<div id='av_section_1'  class='avia-section av-av_section-15e3947c270b59b146406b2b5aac7d8d main_color avia-section-no-padding avia-no-border-styling  avia-builder-el-2  el_after_av_slideshow_full  el_before_av_layout_row  avia-bg-style-scroll container_wrap fullsize'  ><div class='container av-section-cont-open' ><div class='template-page content  av-content-full alpha units'><div class='post-entry post-entry-type-page post-entry-2548'><div class='entry-content-wrapper clearfix'>\n\n<style type=\"text\/css\" data-created_by=\"avia_inline_auto\" id=\"style-css-av-av_hr-74f5a634b6e173c4ffc972e510aa32ac\">\n#top .hr.hr-invisible.av-av_hr-74f5a634b6e173c4ffc972e510aa32ac{\nheight:80px;\n}\n<\/style>\n<div  class='hr av-av_hr-74f5a634b6e173c4ffc972e510aa32ac hr-invisible  avia-builder-el-3  el_before_av_one_fifth  avia-builder-el-first '><span class='hr-inner '><span class=\"hr-inner-style\"><\/span><\/span><\/div>\n\n<style type=\"text\/css\" data-created_by=\"avia_inline_auto\" id=\"style-css-av-av_one_fifth-15d750bd1b332b34c6e70b077ebbccdf\">\n.flex_column.av-av_one_fifth-15d750bd1b332b34c6e70b077ebbccdf{\nborder-radius:0px 0px 0px 0px;\npadding:0px 0px 0px 0px;\n}\n<\/style>\n<div  class='flex_column av-av_one_fifth-15d750bd1b332b34c6e70b077ebbccdf av_one_fifth  avia-builder-el-4  el_after_av_hr  el_before_av_three_fifth  first flex_column_div av-zero-column-padding  '     ><\/div>\n<style type=\"text\/css\" data-created_by=\"avia_inline_auto\" id=\"style-css-av-av_three_fifth-c8fc129dc35fd1ae2a1e410224d39ea8\">\n.flex_column.av-av_three_fifth-c8fc129dc35fd1ae2a1e410224d39ea8{\nborder-radius:0px 0px 0px 0px;\npadding:0px 0px 0px 0px;\n}\n<\/style>\n<div  class='flex_column av-av_three_fifth-c8fc129dc35fd1ae2a1e410224d39ea8 av_three_fifth  avia-builder-el-5  el_after_av_one_fifth  el_before_av_one_fifth  flex_column_div av-zero-column-padding  '     ><style type=\"text\/css\" data-created_by=\"avia_inline_auto\" id=\"style-css-av-av_textblock-0d0e9f587867bab0aa4d2824a177b894\">\n#top .av_textblock_section.av-av_textblock-0d0e9f587867bab0aa4d2824a177b894 .avia_textblock{\nfont-size:29px;\ncolor:#007c59;\n}\n<\/style>\n<section  class='av_textblock_section av-av_textblock-0d0e9f587867bab0aa4d2824a177b894 '   itemscope=\"itemscope\" itemtype=\"https:\/\/schema.org\/CreativeWork\" ><div class='avia_textblock av_inherit_color'  itemprop=\"text\" ><h2 style=\"text-align: center;\">VOL FORMAR PART D&#8217;UN EQUIP?<br \/>\nCOMPARTEIXES LA NOSTRA FILOSOFIA I COMPROMISOS?<\/h2>\n<\/div><\/section><\/div>\n<style type=\"text\/css\" data-created_by=\"avia_inline_auto\" id=\"style-css-av-av_one_fifth-c8fc129dc35fd1ae2a1e410224d39ea8\">\n.flex_column.av-av_one_fifth-c8fc129dc35fd1ae2a1e410224d39ea8{\nborder-radius:0px 0px 0px 0px;\npadding:0px 0px 0px 0px;\n}\n<\/style>\n<div  class='flex_column av-av_one_fifth-c8fc129dc35fd1ae2a1e410224d39ea8 av_one_fifth  avia-builder-el-7  el_after_av_three_fifth  el_before_av_hr  flex_column_div av-zero-column-padding  '     ><\/div>\n<style type=\"text\/css\" data-created_by=\"avia_inline_auto\" id=\"style-css-av-av_hr-616cd310f4c6bf63bbd1f033802c1165\">\n#top .hr.hr-invisible.av-av_hr-616cd310f4c6bf63bbd1f033802c1165{\nheight:20px;\n}\n<\/style>\n<div  class='hr av-av_hr-616cd310f4c6bf63bbd1f033802c1165 hr-invisible  avia-builder-el-8  el_after_av_one_fifth  el_before_av_one_fifth '><span class='hr-inner '><span class=\"hr-inner-style\"><\/span><\/span><\/div>\n\n<style type=\"text\/css\" data-created_by=\"avia_inline_auto\" id=\"style-css-av-av_one_fifth-15d750bd1b332b34c6e70b077ebbccdf\">\n.flex_column.av-av_one_fifth-15d750bd1b332b34c6e70b077ebbccdf{\nborder-radius:0px 0px 0px 0px;\npadding:0px 0px 0px 0px;\n}\n<\/style>\n<div  class='flex_column av-av_one_fifth-15d750bd1b332b34c6e70b077ebbccdf av_one_fifth  avia-builder-el-9  el_after_av_hr  el_before_av_three_fifth  first flex_column_div av-zero-column-padding  '     ><\/div>\n<style type=\"text\/css\" data-created_by=\"avia_inline_auto\" id=\"style-css-av-av_three_fifth-c8fc129dc35fd1ae2a1e410224d39ea8\">\n.flex_column.av-av_three_fifth-c8fc129dc35fd1ae2a1e410224d39ea8{\nborder-radius:0px 0px 0px 0px;\npadding:0px 0px 0px 0px;\n}\n<\/style>\n<div  class='flex_column av-av_three_fifth-c8fc129dc35fd1ae2a1e410224d39ea8 av_three_fifth  avia-builder-el-10  el_after_av_one_fifth  el_before_av_one_fifth  flex_column_div av-zero-column-padding  '     ><section  class='av_textblock_section av-av_textblock-2de302bf1aa3cf4c9157dbe6f50ac7eb '   itemscope=\"itemscope\" itemtype=\"https:\/\/schema.org\/CreativeWork\" ><div class='avia_textblock'  itemprop=\"text\" ><p style=\"text-align: center;\">Les oportunitats de feina s\u00f3n moltes per candidats entusiastes i motivats. Envia\u2019ns el teu curr\u00edculum mitjan\u00e7ant el formulari de contacte. Tots els curr\u00edculums rebuts es revisen i ens comprometem a contactar a mesura que sorgeixin vacants que corresponguin al seu perfil.<\/p>\n<\/div><\/section><\/div>\n<style type=\"text\/css\" data-created_by=\"avia_inline_auto\" id=\"style-css-av-av_one_fifth-c8fc129dc35fd1ae2a1e410224d39ea8\">\n.flex_column.av-av_one_fifth-c8fc129dc35fd1ae2a1e410224d39ea8{\nborder-radius:0px 0px 0px 0px;\npadding:0px 0px 0px 0px;\n}\n<\/style>\n<div  class='flex_column av-av_one_fifth-c8fc129dc35fd1ae2a1e410224d39ea8 av_one_fifth  avia-builder-el-12  el_after_av_three_fifth  el_before_av_hr  flex_column_div av-zero-column-padding  '     ><\/div>\n<style type=\"text\/css\" data-created_by=\"avia_inline_auto\" id=\"style-css-av-av_hr-7f62e1d8865b1cb77bccda3d7ba5fd0b\">\n#top .hr.hr-invisible.av-av_hr-7f62e1d8865b1cb77bccda3d7ba5fd0b{\nheight:70px;\n}\n<\/style>\n<div  class='hr av-av_hr-7f62e1d8865b1cb77bccda3d7ba5fd0b hr-invisible  avia-builder-el-13  el_after_av_one_fifth  avia-builder-el-last '><span class='hr-inner '><span class=\"hr-inner-style\"><\/span><\/span><\/div>\n\n<\/div><\/div><\/div><!-- close content main div --><\/div><\/div><div id='av-layout-grid-1'  class='av-layout-grid-container av-av_layout_row-8c570d376f172ec24206da43afd8435a entry-content-wrapper main_color av-border-top-bottom av-border-cells av-flex-cells  avia-builder-el-14  el_after_av_section  avia-builder-el-last  grid-row-not-first  container_wrap fullsize'  >\n\n<style type=\"text\/css\" data-created_by=\"avia_inline_auto\" id=\"style-css-av-av_cell_one_full-60638a5ace7f7e766234dc1c76858c2e\">\n.flex_cell.av-av_cell_one_full-60638a5ace7f7e766234dc1c76858c2e{\nvertical-align:top;\nbackground-color:#007c57;\n}\n.responsive #top #wrap_all .flex_cell.av-av_cell_one_full-60638a5ace7f7e766234dc1c76858c2e{\npadding:30px 30px 30px 30px !important;\n}\n<\/style>\n<div class='flex_cell av-av_cell_one_full-60638a5ace7f7e766234dc1c76858c2e av-gridrow-cell av_one_full no_margin  avia-builder-el-15  avia-builder-el-no-sibling  content-align-top'  ><div class='flex_cell_inner'>\n<style type=\"text\/css\" data-created_by=\"avia_inline_auto\" id=\"style-css-av-lkgwfwp3-87c9af1a416fccf97af4b08dd17637f8\">\n#top .av_textblock_section.av-lkgwfwp3-87c9af1a416fccf97af4b08dd17637f8 .avia_textblock{\ncolor:#ffffff;\n}\n<\/style>\n<section  class='av_textblock_section av-lkgwfwp3-87c9af1a416fccf97af4b08dd17637f8 '   itemscope=\"itemscope\" itemtype=\"https:\/\/schema.org\/CreativeWork\" ><div class='avia_textblock av_inherit_color'  itemprop=\"text\" ><p style=\"text-align: center;\">FORMULARI DE CONTACTE DIRIGIT ALS PROFESSIONALS QUE DESITGIN ENVIAR-NOS EL SEU CURR\u00cdCULUM PER TREBALLAR AMB NOSALTRES<\/p>\n<\/div><\/section><br \/>\n\n<style type=\"text\/css\" data-created_by=\"avia_inline_auto\" id=\"style-css-av-av_one_fourth-6126cab7d8fab8d08143dd2dacdf673c\">\n.flex_column.av-av_one_fourth-6126cab7d8fab8d08143dd2dacdf673c{\nborder-radius:0px 0px 0px 0px;\npadding:0px 0px 0px 0px;\n}\n<\/style>\n<div  class='flex_column av-av_one_fourth-6126cab7d8fab8d08143dd2dacdf673c av_one_fourth  avia-builder-el-17  el_after_av_textblock  el_before_av_one_half  first flex_column_div av-zero-column-padding  column-top-margin'     ><\/div>\n<style type=\"text\/css\" data-created_by=\"avia_inline_auto\" id=\"style-css-av-av_one_half-0aa7055fe62c3622faec82866afbaeb2\">\n.flex_column.av-av_one_half-0aa7055fe62c3622faec82866afbaeb2{\nborder-radius:0px 0px 0px 0px;\npadding:0px 0px 0px 0px;\n}\n<\/style>\n<div  class='flex_column av-av_one_half-0aa7055fe62c3622faec82866afbaeb2 av_one_half  avia-builder-el-18  el_after_av_one_fourth  el_before_av_one_fourth  flex_column_div av-zero-column-padding  column-top-margin'     ><\/div>\n<style type=\"text\/css\" data-created_by=\"avia_inline_auto\" id=\"style-css-av-av_one_fourth-0aa7055fe62c3622faec82866afbaeb2\">\n.flex_column.av-av_one_fourth-0aa7055fe62c3622faec82866afbaeb2{\nborder-radius:0px 0px 0px 0px;\npadding:0px 0px 0px 0px;\n}\n<\/style>\n<div  class='flex_column av-av_one_fourth-0aa7055fe62c3622faec82866afbaeb2 av_one_fourth  avia-builder-el-20  el_after_av_one_half  el_before_av_hr  flex_column_div av-zero-column-padding  column-top-margin'     ><\/div>\n<style type=\"text\/css\" data-created_by=\"avia_inline_auto\" id=\"style-css-av-jtegvo8l-4fdb667df9bb3bc1cb433170f260f92a\">\n#top .hr.hr-invisible.av-jtegvo8l-4fdb667df9bb3bc1cb433170f260f92a{\nheight:80px;\n}\n<\/style>\n<div  class='hr av-jtegvo8l-4fdb667df9bb3bc1cb433170f260f92a hr-invisible  avia-builder-el-21  el_after_av_one_fourth  avia-builder-el-last  av-small-hide av-mini-hide'><span class='hr-inner '><span class=\"hr-inner-style\"><\/span><\/span><\/div><\/p>\n<\/div><\/div><\/div>\n","protected":false},"excerpt":{"rendered":"","protected":false},"author":1,"featured_media":0,"parent":0,"menu_order":0,"comment_status":"closed","ping_status":"closed","template":"","meta":{"footnotes":""},"class_list":["post-2548","page","type-page","status-publish","hentry"],"yoast_head":"<!-- This site is optimized with the Yoast SEO plugin v27.4 - https:\/\/yoast.com\/product\/yoast-seo-wordpress\/ -->\n<title>Transport Internacional grupatge de Mercaderies | TREBALLA AMB NOSALTRES<\/title>\n<meta name=\"description\" content=\"Transports Tresserras especialistes en grupatge de Mercaderies a temperatura controlada. Equip professional, sortides di\u00e0ries internacionals i nacionals. TREBALLA AMB NOSALTRES\" \/>\n<meta name=\"robots\" content=\"index, follow, max-snippet:-1, max-image-preview:large, max-video-preview:-1\" \/>\n<link rel=\"canonical\" href=\"https:\/\/t-tresserras.com\/ca\/treballa-amb-nosaltres\/\" \/>\n<meta property=\"og:locale\" content=\"ca_ES\" \/>\n<meta property=\"og:type\" content=\"article\" \/>\n<meta property=\"og:title\" content=\"Transport Internacional grupatge de Mercaderies | TREBALLA AMB NOSALTRES\" \/>\n<meta property=\"og:description\" content=\"Transports Tresserras especialistes en grupatge de Mercaderies a temperatura controlada. Equip professional, sortides di\u00e0ries internacionals i nacionals. TREBALLA AMB NOSALTRES\" \/>\n<meta property=\"og:url\" content=\"https:\/\/t-tresserras.com\/ca\/treballa-amb-nosaltres\/\" \/>\n<meta property=\"og:site_name\" content=\"Transports Tresserras\" \/>\n<meta property=\"article:publisher\" content=\"https:\/\/www.facebook.com\/pages\/Transports-Tresserras\" \/>\n<meta property=\"article:modified_time\" content=\"2023-07-25T10:43:27+00:00\" \/>\n<meta property=\"og:image\" content=\"https:\/\/t-tresserras.com\/wp-content\/uploads\/2017\/10\/CAMIONS_2.jpg\" \/>\n\t<meta property=\"og:image:width\" content=\"1239\" \/>\n\t<meta property=\"og:image:height\" content=\"670\" \/>\n\t<meta property=\"og:image:type\" content=\"image\/jpeg\" \/>\n<meta name=\"twitter:card\" content=\"summary_large_image\" \/>\n<meta name=\"twitter:label1\" content=\"Temps estimat de lectura\" \/>\n\t<meta name=\"twitter:data1\" content=\"4 minuts\" \/>\n<script type=\"application\/ld+json\" class=\"yoast-schema-graph\">{\"@context\":\"https:\\\/\\\/schema.org\",\"@graph\":[{\"@type\":\"WebPage\",\"@id\":\"https:\\\/\\\/t-tresserras.com\\\/ca\\\/treballa-amb-nosaltres\\\/\",\"url\":\"https:\\\/\\\/t-tresserras.com\\\/ca\\\/treballa-amb-nosaltres\\\/\",\"name\":\"Transport Internacional grupatge de Mercaderies | TREBALLA AMB NOSALTRES\",\"isPartOf\":{\"@id\":\"https:\\\/\\\/t-tresserras.com\\\/ca\\\/#website\"},\"datePublished\":\"2018-02-15T10:02:26+00:00\",\"dateModified\":\"2023-07-25T10:43:27+00:00\",\"description\":\"Transports Tresserras especialistes en grupatge de Mercaderies a temperatura controlada. Equip professional, sortides di\u00e0ries internacionals i nacionals. TREBALLA AMB NOSALTRES\",\"breadcrumb\":{\"@id\":\"https:\\\/\\\/t-tresserras.com\\\/ca\\\/treballa-amb-nosaltres\\\/#breadcrumb\"},\"inLanguage\":\"ca\",\"potentialAction\":[{\"@type\":\"ReadAction\",\"target\":[\"https:\\\/\\\/t-tresserras.com\\\/ca\\\/treballa-amb-nosaltres\\\/\"]}]},{\"@type\":\"BreadcrumbList\",\"@id\":\"https:\\\/\\\/t-tresserras.com\\\/ca\\\/treballa-amb-nosaltres\\\/#breadcrumb\",\"itemListElement\":[{\"@type\":\"ListItem\",\"position\":1,\"name\":\"Inici\",\"item\":\"https:\\\/\\\/t-tresserras.com\\\/ca\\\/inici\\\/\"},{\"@type\":\"ListItem\",\"position\":2,\"name\":\"TREBALLA AMB NOSALTRES\"}]},{\"@type\":\"WebSite\",\"@id\":\"https:\\\/\\\/t-tresserras.com\\\/ca\\\/#website\",\"url\":\"https:\\\/\\\/t-tresserras.com\\\/ca\\\/\",\"name\":\"Transports Tresserras\",\"description\":\"Altre lloc gestionat amb el WordPress\",\"publisher\":{\"@id\":\"https:\\\/\\\/t-tresserras.com\\\/ca\\\/#organization\"},\"potentialAction\":[{\"@type\":\"SearchAction\",\"target\":{\"@type\":\"EntryPoint\",\"urlTemplate\":\"https:\\\/\\\/t-tresserras.com\\\/ca\\\/?s={search_term_string}\"},\"query-input\":{\"@type\":\"PropertyValueSpecification\",\"valueRequired\":true,\"valueName\":\"search_term_string\"}}],\"inLanguage\":\"ca\"},{\"@type\":\"Organization\",\"@id\":\"https:\\\/\\\/t-tresserras.com\\\/ca\\\/#organization\",\"name\":\"Transportes Tresserras\",\"url\":\"https:\\\/\\\/t-tresserras.com\\\/ca\\\/\",\"logo\":{\"@type\":\"ImageObject\",\"inLanguage\":\"ca\",\"@id\":\"https:\\\/\\\/t-tresserras.com\\\/ca\\\/#\\\/schema\\\/logo\\\/image\\\/\",\"url\":\"https:\\\/\\\/t-tresserras.com\\\/wp-content\\\/uploads\\\/2017\\\/07\\\/t-tresserras.jpg\",\"contentUrl\":\"https:\\\/\\\/t-tresserras.com\\\/wp-content\\\/uploads\\\/2017\\\/07\\\/t-tresserras.jpg\",\"width\":1144,\"height\":507,\"caption\":\"Transportes Tresserras\"},\"image\":{\"@id\":\"https:\\\/\\\/t-tresserras.com\\\/ca\\\/#\\\/schema\\\/logo\\\/image\\\/\"},\"sameAs\":[\"https:\\\/\\\/www.facebook.com\\\/pages\\\/Transports-Tresserras\",\"https:\\\/\\\/www.linkedin.com\\\/company\\\/transporte-t-tresserras\"]}]}<\/script>\n<!-- \/ Yoast SEO plugin. -->","yoast_head_json":{"title":"Transport Internacional grupatge de Mercaderies | TREBALLA AMB NOSALTRES","description":"Transports Tresserras especialistes en grupatge de Mercaderies a temperatura controlada. Equip professional, sortides di\u00e0ries internacionals i nacionals. TREBALLA AMB NOSALTRES","robots":{"index":"index","follow":"follow","max-snippet":"max-snippet:-1","max-image-preview":"max-image-preview:large","max-video-preview":"max-video-preview:-1"},"canonical":"https:\/\/t-tresserras.com\/ca\/treballa-amb-nosaltres\/","og_locale":"ca_ES","og_type":"article","og_title":"Transport Internacional grupatge de Mercaderies | TREBALLA AMB NOSALTRES","og_description":"Transports Tresserras especialistes en grupatge de Mercaderies a temperatura controlada. Equip professional, sortides di\u00e0ries internacionals i nacionals. TREBALLA AMB NOSALTRES","og_url":"https:\/\/t-tresserras.com\/ca\/treballa-amb-nosaltres\/","og_site_name":"Transports Tresserras","article_publisher":"https:\/\/www.facebook.com\/pages\/Transports-Tresserras","article_modified_time":"2023-07-25T10:43:27+00:00","og_image":[{"width":1239,"height":670,"url":"https:\/\/t-tresserras.com\/wp-content\/uploads\/2017\/10\/CAMIONS_2.jpg","type":"image\/jpeg"}],"twitter_card":"summary_large_image","twitter_misc":{"Temps estimat de lectura":"4 minuts"},"schema":{"@context":"https:\/\/schema.org","@graph":[{"@type":"WebPage","@id":"https:\/\/t-tresserras.com\/ca\/treballa-amb-nosaltres\/","url":"https:\/\/t-tresserras.com\/ca\/treballa-amb-nosaltres\/","name":"Transport Internacional grupatge de Mercaderies | TREBALLA AMB NOSALTRES","isPartOf":{"@id":"https:\/\/t-tresserras.com\/ca\/#website"},"datePublished":"2018-02-15T10:02:26+00:00","dateModified":"2023-07-25T10:43:27+00:00","description":"Transports Tresserras especialistes en grupatge de Mercaderies a temperatura controlada. Equip professional, sortides di\u00e0ries internacionals i nacionals. TREBALLA AMB NOSALTRES","breadcrumb":{"@id":"https:\/\/t-tresserras.com\/ca\/treballa-amb-nosaltres\/#breadcrumb"},"inLanguage":"ca","potentialAction":[{"@type":"ReadAction","target":["https:\/\/t-tresserras.com\/ca\/treballa-amb-nosaltres\/"]}]},{"@type":"BreadcrumbList","@id":"https:\/\/t-tresserras.com\/ca\/treballa-amb-nosaltres\/#breadcrumb","itemListElement":[{"@type":"ListItem","position":1,"name":"Inici","item":"https:\/\/t-tresserras.com\/ca\/inici\/"},{"@type":"ListItem","position":2,"name":"TREBALLA AMB NOSALTRES"}]},{"@type":"WebSite","@id":"https:\/\/t-tresserras.com\/ca\/#website","url":"https:\/\/t-tresserras.com\/ca\/","name":"Transports Tresserras","description":"Altre lloc gestionat amb el WordPress","publisher":{"@id":"https:\/\/t-tresserras.com\/ca\/#organization"},"potentialAction":[{"@type":"SearchAction","target":{"@type":"EntryPoint","urlTemplate":"https:\/\/t-tresserras.com\/ca\/?s={search_term_string}"},"query-input":{"@type":"PropertyValueSpecification","valueRequired":true,"valueName":"search_term_string"}}],"inLanguage":"ca"},{"@type":"Organization","@id":"https:\/\/t-tresserras.com\/ca\/#organization","name":"Transportes Tresserras","url":"https:\/\/t-tresserras.com\/ca\/","logo":{"@type":"ImageObject","inLanguage":"ca","@id":"https:\/\/t-tresserras.com\/ca\/#\/schema\/logo\/image\/","url":"https:\/\/t-tresserras.com\/wp-content\/uploads\/2017\/07\/t-tresserras.jpg","contentUrl":"https:\/\/t-tresserras.com\/wp-content\/uploads\/2017\/07\/t-tresserras.jpg","width":1144,"height":507,"caption":"Transportes Tresserras"},"image":{"@id":"https:\/\/t-tresserras.com\/ca\/#\/schema\/logo\/image\/"},"sameAs":["https:\/\/www.facebook.com\/pages\/Transports-Tresserras","https:\/\/www.linkedin.com\/company\/transporte-t-tresserras"]}]}},"_links":{"self":[{"href":"https:\/\/t-tresserras.com\/ca\/wp-json\/wp\/v2\/pages\/2548","targetHints":{"allow":["GET"]}}],"collection":[{"href":"https:\/\/t-tresserras.com\/ca\/wp-json\/wp\/v2\/pages"}],"about":[{"href":"https:\/\/t-tresserras.com\/ca\/wp-json\/wp\/v2\/types\/page"}],"author":[{"embeddable":true,"href":"https:\/\/t-tresserras.com\/ca\/wp-json\/wp\/v2\/users\/1"}],"replies":[{"embeddable":true,"href":"https:\/\/t-tresserras.com\/ca\/wp-json\/wp\/v2\/comments?post=2548"}],"version-history":[{"count":0,"href":"https:\/\/t-tresserras.com\/ca\/wp-json\/wp\/v2\/pages\/2548\/revisions"}],"wp:attachment":[{"href":"https:\/\/t-tresserras.com\/ca\/wp-json\/wp\/v2\/media?parent=2548"}],"curies":[{"name":"wp","href":"https:\/\/api.w.org\/{rel}","templated":true}]}}