{"id":2544,"date":"2018-02-15T10:56:28","date_gmt":"2018-02-15T09:56:28","guid":{"rendered":"http:\/\/www.t-tresserras.com\/rutes\/"},"modified":"2018-03-12T15:19:53","modified_gmt":"2018-03-12T14:19:53","slug":"rutes","status":"publish","type":"page","link":"https:\/\/t-tresserras.com\/ca\/rutes\/","title":{"rendered":"RUTES"},"content":{"rendered":"\n<style type=\"text\/css\" data-created_by=\"avia_inline_auto\" id=\"style-css-av-av_hr-fbebcb4fe7f7f93a621d8b6783460008\">\n#top .hr.hr-invisible.av-av_hr-fbebcb4fe7f7f93a621d8b6783460008{\nheight:30px;\n}\n<\/style>\n<div  class='hr av-av_hr-fbebcb4fe7f7f93a621d8b6783460008 hr-invisible  avia-builder-el-0  el_before_av_three_fourth  avia-builder-el-first '><span class='hr-inner '><span class=\"hr-inner-style\"><\/span><\/span><\/div>\n\n<style type=\"text\/css\" data-created_by=\"avia_inline_auto\" id=\"style-css-av-av_three_fourth-15d750bd1b332b34c6e70b077ebbccdf\">\n.flex_column.av-av_three_fourth-15d750bd1b332b34c6e70b077ebbccdf{\nborder-radius:0px 0px 0px 0px;\npadding:0px 0px 0px 0px;\n}\n<\/style>\n<div  class='flex_column av-av_three_fourth-15d750bd1b332b34c6e70b077ebbccdf av_three_fourth  avia-builder-el-1  el_after_av_hr  el_before_av_one_fourth  first flex_column_div av-zero-column-padding  '     ><section  class='av_textblock_section av-av_textblock-2de302bf1aa3cf4c9157dbe6f50ac7eb '   itemscope=\"itemscope\" itemtype=\"https:\/\/schema.org\/CreativeWork\" ><div class='avia_textblock'  itemprop=\"text\" ><h1 style=\"text-align: center;\"><strong style=\"color: #007e57;\">Rutes Tresserras<\/strong><\/h1>\n<\/div><\/section><br \/>\n\n<style type=\"text\/css\" data-created_by=\"avia_inline_auto\" id=\"style-css-av-av_textblock-4ed69744b9f0b7e27c6bcc89c0a27ca9\">\n#top .av_textblock_section.av-av_textblock-4ed69744b9f0b7e27c6bcc89c0a27ca9 .avia_textblock{\nfont-size:16px;\ncolor:#8e8e8e;\n}\n<\/style>\n<section  class='av_textblock_section av-av_textblock-4ed69744b9f0b7e27c6bcc89c0a27ca9 '   itemscope=\"itemscope\" itemtype=\"https:\/\/schema.org\/CreativeWork\" ><div class='avia_textblock av_inherit_color'  itemprop=\"text\" ><h3 style=\"text-align: center;\"><strong style=\"color: #007e57;\">Pla de Transport<br \/>\nREFRIGERAT I CONGELAT<\/strong><\/h3>\n<\/div><\/section><br \/>\n\n<style type=\"text\/css\" data-created_by=\"avia_inline_auto\" id=\"style-css-av-av_hr-616cd310f4c6bf63bbd1f033802c1165\">\n#top .hr.hr-invisible.av-av_hr-616cd310f4c6bf63bbd1f033802c1165{\nheight:20px;\n}\n<\/style>\n<div  class='hr av-av_hr-616cd310f4c6bf63bbd1f033802c1165 hr-invisible  avia-builder-el-4  el_after_av_textblock  el_before_av_textblock '><span class='hr-inner '><span class=\"hr-inner-style\"><\/span><\/span><\/div><br \/>\n<section  class='av_textblock_section av-av_textblock-2de302bf1aa3cf4c9157dbe6f50ac7eb '   itemscope=\"itemscope\" itemtype=\"https:\/\/schema.org\/CreativeWork\" ><div class='avia_textblock'  itemprop=\"text\" ><style>\r\n#chartdiv {\r\n  width: 100%;\r\n  height: 425px;\r\n}\r\n<\/style>\r\n<div id=\"chartdiv\"><\/div>\n<\/div><\/section><br \/>\n\n<style type=\"text\/css\" data-created_by=\"avia_inline_auto\" id=\"style-css-av-av_hr-4474f20d2389e2e5ecf918a02da5132e\">\n#top .hr.hr-invisible.av-av_hr-4474f20d2389e2e5ecf918a02da5132e{\nheight:50px;\n}\n<\/style>\n<div  class='hr av-av_hr-4474f20d2389e2e5ecf918a02da5132e hr-invisible  avia-builder-el-6  el_after_av_textblock  avia-builder-el-last '><span class='hr-inner '><span class=\"hr-inner-style\"><\/span><\/span><\/div><\/p><\/div>\n<style type=\"text\/css\" data-created_by=\"avia_inline_auto\" id=\"style-css-av-av_one_fourth-c2b4c21d1f464c97ff659d696bbbfc66\">\n.flex_column.av-av_one_fourth-c2b4c21d1f464c97ff659d696bbbfc66{\nborder-radius:0px 0px 0px 0px;\npadding:130px 0px 0px 0px;\n}\n<\/style>\n<div  class='flex_column av-av_one_fourth-c2b4c21d1f464c97ff659d696bbbfc66 av_one_fourth  avia-builder-el-7  el_after_av_three_fourth  avia-builder-el-last  flex_column_div  '     ><style type=\"text\/css\" data-created_by=\"avia_inline_auto\" id=\"style-css-av-av_textblock-7fc08917a33fab521c7a09d196e90378\">\n#top .av_textblock_section.av-av_textblock-7fc08917a33fab521c7a09d196e90378 .avia_textblock{\nfont-size:35px;\ncolor:#007e57;\n}\n<\/style>\n<section  class='av_textblock_section av-av_textblock-7fc08917a33fab521c7a09d196e90378 '   itemscope=\"itemscope\" itemtype=\"https:\/\/schema.org\/CreativeWork\" ><div class='avia_textblock av_inherit_color'  itemprop=\"text\" ><p style=\"text-align: center;\">CONSULTA<\/p>\n<\/div><\/section><br \/>\n\n<style type=\"text\/css\" data-created_by=\"avia_inline_auto\" id=\"style-css-av-av_hr-7e16a54764ce4dbe50fe9712f2d2b1df\">\n#top .hr.hr-invisible.av-av_hr-7e16a54764ce4dbe50fe9712f2d2b1df{\nmargin-top:-35px;\nheight:1px;\n}\n<\/style>\n<div  class='hr av-av_hr-7e16a54764ce4dbe50fe9712f2d2b1df hr-invisible  avia-builder-el-9  el_after_av_textblock  el_before_av_textblock '><span class='hr-inner '><span class=\"hr-inner-style\"><\/span><\/span><\/div><br \/>\n\n<style type=\"text\/css\" data-created_by=\"avia_inline_auto\" id=\"style-css-av-av_textblock-5a617bc53551844e8d478ace3db60b9c\">\n#top .av_textblock_section.av-av_textblock-5a617bc53551844e8d478ace3db60b9c .avia_textblock{\ncolor:#999999;\n}\n<\/style>\n<section  class='av_textblock_section av-av_textblock-5a617bc53551844e8d478ace3db60b9c '   itemscope=\"itemscope\" itemtype=\"https:\/\/schema.org\/CreativeWork\" ><div class='avia_textblock av_inherit_color'  itemprop=\"text\" ><p style=\"text-align: center;\">Les sortides de les teves mercaderies en refrigerat i congelat des de Catalunya, Arag\u00f3, Madrid i Llevant a qualsevol pa\u00eds<br \/>\nd&#8217;Europa on Transports Tresserras t\u00e9 ruta. La nostra aplicaci\u00f3 \u00e9s f\u00e0cil i molt \u00e0gil.<\/p>\n<\/div><\/section><br \/>\n\n<style type=\"text\/css\" data-created_by=\"avia_inline_auto\" id=\"style-css-av-av_hr-75b558692821c3d1515522a947c7612e\">\n#top .hr.hr-invisible.av-av_hr-75b558692821c3d1515522a947c7612e{\nheight:12px;\n}\n<\/style>\n<div  class='hr av-av_hr-75b558692821c3d1515522a947c7612e hr-invisible  avia-builder-el-11  el_after_av_textblock  el_before_av_textblock '><span class='hr-inner '><span class=\"hr-inner-style\"><\/span><\/span><\/div><br \/>\n\n<style type=\"text\/css\" data-created_by=\"avia_inline_auto\" id=\"style-css-av-av_textblock-7fc08917a33fab521c7a09d196e90378\">\n#top .av_textblock_section.av-av_textblock-7fc08917a33fab521c7a09d196e90378 .avia_textblock{\nfont-size:35px;\ncolor:#007e57;\n}\n<\/style>\n<section  class='av_textblock_section av-av_textblock-7fc08917a33fab521c7a09d196e90378 '   itemscope=\"itemscope\" itemtype=\"https:\/\/schema.org\/CreativeWork\" ><div class='avia_textblock av_inherit_color'  itemprop=\"text\" ><h3 style=\"text-align: center;\">Clica sobre del pa\u00eds d&#8217;on vulguis consultar<\/h3>\n<\/div><\/section><\/p><\/div><\/p>\n","protected":false},"excerpt":{"rendered":"","protected":false},"author":1,"featured_media":0,"parent":0,"menu_order":6,"comment_status":"closed","ping_status":"closed","template":"","meta":{"footnotes":""},"class_list":["post-2544","page","type-page","status-publish","hentry"],"yoast_head":"<!-- This site is optimized with the Yoast SEO plugin v27.5 - https:\/\/yoast.com\/product\/yoast-seo-wordpress\/ -->\n<title>Transport Internacional grupatge de Mercaderies | RUTES<\/title>\n<meta name=\"description\" content=\"Transports Tresserras especialistes en grupatge de Mercaderies a temperatura controlada. Equip professional, sortides di\u00e0ries internacionals i nacionals. RUTES\" \/>\n<meta name=\"robots\" content=\"index, follow, max-snippet:-1, max-image-preview:large, max-video-preview:-1\" \/>\n<link rel=\"canonical\" href=\"https:\/\/t-tresserras.com\/ca\/rutes\/\" \/>\n<meta property=\"og:locale\" content=\"ca_ES\" \/>\n<meta property=\"og:type\" content=\"article\" \/>\n<meta property=\"og:title\" content=\"Transport Internacional grupatge de Mercaderies | RUTES\" \/>\n<meta property=\"og:description\" content=\"Transports Tresserras especialistes en grupatge de Mercaderies a temperatura controlada. Equip professional, sortides di\u00e0ries internacionals i nacionals. RUTES\" \/>\n<meta property=\"og:url\" content=\"https:\/\/t-tresserras.com\/ca\/rutes\/\" \/>\n<meta property=\"og:site_name\" content=\"Transports Tresserras\" \/>\n<meta property=\"article:publisher\" content=\"https:\/\/www.facebook.com\/pages\/Transports-Tresserras\" \/>\n<meta property=\"article:modified_time\" content=\"2018-03-12T14:19:53+00:00\" \/>\n<meta property=\"og:image\" content=\"https:\/\/t-tresserras.com\/wp-content\/uploads\/2017\/10\/CAMIONS_2.jpg\" \/>\n\t<meta property=\"og:image:width\" content=\"1239\" \/>\n\t<meta property=\"og:image:height\" content=\"670\" \/>\n\t<meta property=\"og:image:type\" content=\"image\/jpeg\" \/>\n<meta name=\"twitter:card\" content=\"summary_large_image\" \/>\n<meta name=\"twitter:label1\" content=\"Temps estimat de lectura\" \/>\n\t<meta name=\"twitter:data1\" content=\"3 minuts\" \/>\n<script type=\"application\/ld+json\" class=\"yoast-schema-graph\">{\"@context\":\"https:\\\/\\\/schema.org\",\"@graph\":[{\"@type\":\"WebPage\",\"@id\":\"https:\\\/\\\/t-tresserras.com\\\/ca\\\/rutes\\\/\",\"url\":\"https:\\\/\\\/t-tresserras.com\\\/ca\\\/rutes\\\/\",\"name\":\"Transport Internacional grupatge de Mercaderies | RUTES\",\"isPartOf\":{\"@id\":\"https:\\\/\\\/t-tresserras.com\\\/ca\\\/#website\"},\"datePublished\":\"2018-02-15T09:56:28+00:00\",\"dateModified\":\"2018-03-12T14:19:53+00:00\",\"description\":\"Transports Tresserras especialistes en grupatge de Mercaderies a temperatura controlada. Equip professional, sortides di\u00e0ries internacionals i nacionals. RUTES\",\"breadcrumb\":{\"@id\":\"https:\\\/\\\/t-tresserras.com\\\/ca\\\/rutes\\\/#breadcrumb\"},\"inLanguage\":\"ca\",\"potentialAction\":[{\"@type\":\"ReadAction\",\"target\":[\"https:\\\/\\\/t-tresserras.com\\\/ca\\\/rutes\\\/\"]}]},{\"@type\":\"BreadcrumbList\",\"@id\":\"https:\\\/\\\/t-tresserras.com\\\/ca\\\/rutes\\\/#breadcrumb\",\"itemListElement\":[{\"@type\":\"ListItem\",\"position\":1,\"name\":\"Inici\",\"item\":\"https:\\\/\\\/t-tresserras.com\\\/ca\\\/inici\\\/\"},{\"@type\":\"ListItem\",\"position\":2,\"name\":\"RUTES\"}]},{\"@type\":\"WebSite\",\"@id\":\"https:\\\/\\\/t-tresserras.com\\\/ca\\\/#website\",\"url\":\"https:\\\/\\\/t-tresserras.com\\\/ca\\\/\",\"name\":\"Transports Tresserras\",\"description\":\"Altre lloc gestionat amb el WordPress\",\"publisher\":{\"@id\":\"https:\\\/\\\/t-tresserras.com\\\/ca\\\/#organization\"},\"potentialAction\":[{\"@type\":\"SearchAction\",\"target\":{\"@type\":\"EntryPoint\",\"urlTemplate\":\"https:\\\/\\\/t-tresserras.com\\\/ca\\\/?s={search_term_string}\"},\"query-input\":{\"@type\":\"PropertyValueSpecification\",\"valueRequired\":true,\"valueName\":\"search_term_string\"}}],\"inLanguage\":\"ca\"},{\"@type\":\"Organization\",\"@id\":\"https:\\\/\\\/t-tresserras.com\\\/ca\\\/#organization\",\"name\":\"Transportes Tresserras\",\"url\":\"https:\\\/\\\/t-tresserras.com\\\/ca\\\/\",\"logo\":{\"@type\":\"ImageObject\",\"inLanguage\":\"ca\",\"@id\":\"https:\\\/\\\/t-tresserras.com\\\/ca\\\/#\\\/schema\\\/logo\\\/image\\\/\",\"url\":\"https:\\\/\\\/t-tresserras.com\\\/wp-content\\\/uploads\\\/2017\\\/07\\\/t-tresserras.jpg\",\"contentUrl\":\"https:\\\/\\\/t-tresserras.com\\\/wp-content\\\/uploads\\\/2017\\\/07\\\/t-tresserras.jpg\",\"width\":1144,\"height\":507,\"caption\":\"Transportes Tresserras\"},\"image\":{\"@id\":\"https:\\\/\\\/t-tresserras.com\\\/ca\\\/#\\\/schema\\\/logo\\\/image\\\/\"},\"sameAs\":[\"https:\\\/\\\/www.facebook.com\\\/pages\\\/Transports-Tresserras\",\"https:\\\/\\\/www.linkedin.com\\\/company\\\/transporte-t-tresserras\"]}]}<\/script>\n<!-- \/ Yoast SEO plugin. -->","yoast_head_json":{"title":"Transport Internacional grupatge de Mercaderies | RUTES","description":"Transports Tresserras especialistes en grupatge de Mercaderies a temperatura controlada. Equip professional, sortides di\u00e0ries internacionals i nacionals. RUTES","robots":{"index":"index","follow":"follow","max-snippet":"max-snippet:-1","max-image-preview":"max-image-preview:large","max-video-preview":"max-video-preview:-1"},"canonical":"https:\/\/t-tresserras.com\/ca\/rutes\/","og_locale":"ca_ES","og_type":"article","og_title":"Transport Internacional grupatge de Mercaderies | RUTES","og_description":"Transports Tresserras especialistes en grupatge de Mercaderies a temperatura controlada. Equip professional, sortides di\u00e0ries internacionals i nacionals. RUTES","og_url":"https:\/\/t-tresserras.com\/ca\/rutes\/","og_site_name":"Transports Tresserras","article_publisher":"https:\/\/www.facebook.com\/pages\/Transports-Tresserras","article_modified_time":"2018-03-12T14:19:53+00:00","og_image":[{"width":1239,"height":670,"url":"https:\/\/t-tresserras.com\/wp-content\/uploads\/2017\/10\/CAMIONS_2.jpg","type":"image\/jpeg"}],"twitter_card":"summary_large_image","twitter_misc":{"Temps estimat de lectura":"3 minuts"},"schema":{"@context":"https:\/\/schema.org","@graph":[{"@type":"WebPage","@id":"https:\/\/t-tresserras.com\/ca\/rutes\/","url":"https:\/\/t-tresserras.com\/ca\/rutes\/","name":"Transport Internacional grupatge de Mercaderies | RUTES","isPartOf":{"@id":"https:\/\/t-tresserras.com\/ca\/#website"},"datePublished":"2018-02-15T09:56:28+00:00","dateModified":"2018-03-12T14:19:53+00:00","description":"Transports Tresserras especialistes en grupatge de Mercaderies a temperatura controlada. Equip professional, sortides di\u00e0ries internacionals i nacionals. RUTES","breadcrumb":{"@id":"https:\/\/t-tresserras.com\/ca\/rutes\/#breadcrumb"},"inLanguage":"ca","potentialAction":[{"@type":"ReadAction","target":["https:\/\/t-tresserras.com\/ca\/rutes\/"]}]},{"@type":"BreadcrumbList","@id":"https:\/\/t-tresserras.com\/ca\/rutes\/#breadcrumb","itemListElement":[{"@type":"ListItem","position":1,"name":"Inici","item":"https:\/\/t-tresserras.com\/ca\/inici\/"},{"@type":"ListItem","position":2,"name":"RUTES"}]},{"@type":"WebSite","@id":"https:\/\/t-tresserras.com\/ca\/#website","url":"https:\/\/t-tresserras.com\/ca\/","name":"Transports Tresserras","description":"Altre lloc gestionat amb el WordPress","publisher":{"@id":"https:\/\/t-tresserras.com\/ca\/#organization"},"potentialAction":[{"@type":"SearchAction","target":{"@type":"EntryPoint","urlTemplate":"https:\/\/t-tresserras.com\/ca\/?s={search_term_string}"},"query-input":{"@type":"PropertyValueSpecification","valueRequired":true,"valueName":"search_term_string"}}],"inLanguage":"ca"},{"@type":"Organization","@id":"https:\/\/t-tresserras.com\/ca\/#organization","name":"Transportes Tresserras","url":"https:\/\/t-tresserras.com\/ca\/","logo":{"@type":"ImageObject","inLanguage":"ca","@id":"https:\/\/t-tresserras.com\/ca\/#\/schema\/logo\/image\/","url":"https:\/\/t-tresserras.com\/wp-content\/uploads\/2017\/07\/t-tresserras.jpg","contentUrl":"https:\/\/t-tresserras.com\/wp-content\/uploads\/2017\/07\/t-tresserras.jpg","width":1144,"height":507,"caption":"Transportes Tresserras"},"image":{"@id":"https:\/\/t-tresserras.com\/ca\/#\/schema\/logo\/image\/"},"sameAs":["https:\/\/www.facebook.com\/pages\/Transports-Tresserras","https:\/\/www.linkedin.com\/company\/transporte-t-tresserras"]}]}},"_links":{"self":[{"href":"https:\/\/t-tresserras.com\/ca\/wp-json\/wp\/v2\/pages\/2544","targetHints":{"allow":["GET"]}}],"collection":[{"href":"https:\/\/t-tresserras.com\/ca\/wp-json\/wp\/v2\/pages"}],"about":[{"href":"https:\/\/t-tresserras.com\/ca\/wp-json\/wp\/v2\/types\/page"}],"author":[{"embeddable":true,"href":"https:\/\/t-tresserras.com\/ca\/wp-json\/wp\/v2\/users\/1"}],"replies":[{"embeddable":true,"href":"https:\/\/t-tresserras.com\/ca\/wp-json\/wp\/v2\/comments?post=2544"}],"version-history":[{"count":0,"href":"https:\/\/t-tresserras.com\/ca\/wp-json\/wp\/v2\/pages\/2544\/revisions"}],"wp:attachment":[{"href":"https:\/\/t-tresserras.com\/ca\/wp-json\/wp\/v2\/media?parent=2544"}],"curies":[{"name":"wp","href":"https:\/\/api.w.org\/{rel}","templated":true}]}}